{"id":1109,"date":"2021-01-21T19:23:57","date_gmt":"2021-01-21T18:23:57","guid":{"rendered":"https:\/\/wander-kathi.li\/?page_id=1109"},"modified":"2024-05-06T12:49:08","modified_gmt":"2024-05-06T10:49:08","slug":"glamouroese-sonnenuntergangstour-auf-den-alpspitz-inklusive-sekt","status":"publish","type":"page","link":"https:\/\/wander-kathi.li\/en\/glamouroese-sonnenuntergangstour-auf-den-alpspitz-inklusive-sekt\/","title":{"rendered":"Glamour\u00f6se Sonnenuntergangstour auf den Alpspitz inklusive Sekt"},"content":{"rendered":"<p>[et_pb_section fb_built=&#8220;1&#8243; _builder_version=&#8220;4.16&#8243; _module_preset=&#8220;default&#8220; saved_tabs=&#8220;all&#8220; global_colors_info=&#8220;{}&#8220;][et_pb_row _builder_version=&#8220;4.16&#8243; _module_preset=&#8220;default&#8220; global_colors_info=&#8220;{}&#8220;][et_pb_column type=&#8220;4_4&#8243; _builder_version=&#8220;4.16&#8243; _module_preset=&#8220;default&#8220; global_colors_info=&#8220;{}&#8220;][et_pb_text _builder_version=&#8220;4.16&#8243; _module_preset=&#8220;default&#8220; global_colors_info=&#8220;{}&#8220;]<\/p>\n<h1 class=\"entry-header\" style=\"text-align: center;\">Glamour\u00f6se Sonnenuntergangstour auf den Alpspitz inklusive Sekt\u00a0<\/h1>\n<p>[\/et_pb_text][et_pb_text _builder_version=&#8220;4.16&#8243; _module_preset=&#8220;default&#8220; global_colors_info=&#8220;{}&#8220;]<\/p>\n<p style=\"text-align: center;\"><span>Auf dem wundervollen\u00a0<\/span><strong>Berggipfel des Alpspitz<\/strong><span>, im wundervollen\u00a0<\/span><strong>F\u00fcrstentum Liechtenstein<\/strong><span>\u00a0zu stehen, wenn die Sonne untergeht. Einfach unvergesslich!<\/span><\/p>\n<p>[\/et_pb_text][\/et_pb_column][\/et_pb_row][et_pb_row _builder_version=&#8220;4.16&#8243; _module_preset=&#8220;default&#8220; module_alignment=&#8220;center&#8220; global_colors_info=&#8220;{}&#8220;][et_pb_column type=&#8220;4_4&#8243; _builder_version=&#8220;4.16&#8243; _module_preset=&#8220;default&#8220; global_colors_info=&#8220;{}&#8220;][et_pb_gallery gallery_ids=&#8220;5422,5423,1114,1115,1116,1117,1118,1119,1120,1121,1122,1123,1124,1125,2605&#8243; posts_number=&#8220;3&#8243; show_title_and_caption=&#8220;off&#8220; show_pagination=&#8220;off&#8220; _builder_version=&#8220;4.21.0&#8243; _module_preset=&#8220;default&#8220; text_orientation=&#8220;left&#8220; hover_enabled=&#8220;0&#8243; custom_css_gallery_item=&#8220;width: 31.33% !important;||margin: 1% !important;||clear: none !important;&#8220; global_colors_info=&#8220;{}&#8220; sticky_enabled=&#8220;0&#8243;][\/et_pb_gallery][\/et_pb_column][\/et_pb_row][et_pb_row column_structure=&#8220;3_5,2_5&#8243; _builder_version=&#8220;4.16&#8243; _module_preset=&#8220;default&#8220; global_colors_info=&#8220;{}&#8220;][et_pb_column type=&#8220;3_5&#8243; _builder_version=&#8220;4.16&#8243; _module_preset=&#8220;default&#8220; global_colors_info=&#8220;{}&#8220;][et_pb_text _builder_version=&#8220;4.16&#8243; _module_preset=&#8220;default&#8220; global_colors_info=&#8220;{}&#8220;]<\/p>\n<h3 style=\"text-align: justify;\">Programm<\/h3>\n<p><span>Auf dem wundervollen\u00a0<\/span><strong>Berggipfel des Alpspitz<\/strong><span>, im wundervollen\u00a0<\/span><strong>F\u00fcrstentum Liechtenstein<\/strong><span>\u00a0zu stehen, wenn die Sonne untergeht. Einfach unvergesslich!<\/span><\/p>\n<p><span>Fasziniert beobachten wir die letzten Sonnenstrahlen, bevor diese \u00fcber dem\u00a0<\/span><strong>Alpstein\u00a0<\/strong><span>in der\u00a0<\/span><strong>Schweiz\u00a0<\/strong><span>verschwinden. Die orangen leuchtenden Berggipfel der umliegenden\u00a0<\/span><strong>Drei Schwestern<\/strong><span>, was gibt es sch\u00f6neres?<\/span><strong>\u00a0Luxus pur!<\/strong><span>\u00a0Daf\u00fcr hat sich der Aufstieg und jeder Schweisstropfen gelohnt.<\/span><\/p>\n<p><span>Unsere abenteuerliche\u00a0<\/span><strong>Sonnenuntergangstour<span>\u00a0<\/span><\/strong><span>beginnt\u00a0beim Parkplatz beim\u00a0<\/span><strong>Clinicum Alpinum in Gaflei<\/strong><span>\u00a0um 17.40 Uhr.<\/span><br \/><span>Wir\u00a0steigen gem\u00e4chlich \u00fcber den Fahrweg bis zum\u00a0<\/span><strong>Bargellasattel<span>\u00a0<\/span><\/strong><span>auf, um dann steiler auf einem\u00a0<\/span><strong>Bergwanderweg<span>\u00a0<\/span><\/strong><span>am Grat entlang Richtung Gipfel des\u00a0<\/span><strong>Alpspitz<\/strong><span>, der auf knapp 2\u2019000 Meter liegt, zu gelangen.<\/span><br \/><span>Geschafft, wow, was f\u00fcr eine atemberaubende Aussicht! Auf dem Gipfel geniessen wir das Naturspektakel\u00a0<\/span><strong>Sonnenuntergang<\/strong><span>\u00a0bei einem\u00a0<\/span><strong>Glas Sekt oder Champagner<\/strong><span>. Mehr\u00a0<\/span><strong>Luxus<span>\u00a0<\/span><\/strong><span>geht kaum, so eine Aussicht bei einem prickelnden\u00a0<\/span><strong>Glas Sekt oder Champagner<\/strong><span>, einfach ein Traum. Als besondere Belohnung gibt es ein herrliches\u00a0<\/span><strong>Alpenpanorama<\/strong><span>\u00a0<\/span><span>oben drauf. Anschliessend steigen wir mit Stirnlampe und Mondschein in die D\u00e4mmerung ab und werden um ca. 23:00 Uhr wieder beim Parkplatz\u00a0<\/span><strong>Clinicum Alpinum in Gaflei<\/strong><span>\u00a0sein und unsere Wanderung beenden.<\/span><\/p>\n<p>[\/et_pb_text][et_pb_text _builder_version=&#8220;4.16&#8243; _module_preset=&#8220;default&#8220; global_colors_info=&#8220;{}&#8220;]<\/p>\n<h3 class=\"mt-4\">Inkludierte Leistungen<\/h3>\n<p><img decoding=\"async\" class=\"wp-image-208 alignnone size-full lazyload\" data-src=\"https:\/\/wander-kathi.li\/wp-content\/uploads\/2021\/01\/wander-kathi_haekchen.png\" alt=\"\" width=\"15\" height=\"15\" src=\"data:image\/svg+xml;base64,PHN2ZyB3aWR0aD0iMSIgaGVpZ2h0PSIxIiB4bWxucz0iaHR0cDovL3d3dy53My5vcmcvMjAwMC9zdmciPjwvc3ZnPg==\" style=\"--smush-placeholder-width: 15px; --smush-placeholder-aspect-ratio: 15\/15;\" \/> F\u00fchrung durch staatlich gepr\u00fcfte Wanderf\u00fchrerin<br \/> <img decoding=\"async\" class=\"wp-image-208 alignnone size-full lazyload\" data-src=\"https:\/\/wander-kathi.li\/wp-content\/uploads\/2021\/01\/wander-kathi_haekchen.png\" alt=\"\" width=\"15\" height=\"15\" src=\"data:image\/svg+xml;base64,PHN2ZyB3aWR0aD0iMSIgaGVpZ2h0PSIxIiB4bWxucz0iaHR0cDovL3d3dy53My5vcmcvMjAwMC9zdmciPjwvc3ZnPg==\" style=\"--smush-placeholder-width: 15px; --smush-placeholder-aspect-ratio: 15\/15;\" \/> Erinnerungsfoto<br \/> <img decoding=\"async\" class=\"wp-image-208 alignnone size-full lazyload\" data-src=\"https:\/\/wander-kathi.li\/wp-content\/uploads\/2021\/01\/wander-kathi_haekchen.png\" alt=\"\" width=\"15\" height=\"15\" src=\"data:image\/svg+xml;base64,PHN2ZyB3aWR0aD0iMSIgaGVpZ2h0PSIxIiB4bWxucz0iaHR0cDovL3d3dy53My5vcmcvMjAwMC9zdmciPjwvc3ZnPg==\" style=\"--smush-placeholder-width: 15px; --smush-placeholder-aspect-ratio: 15\/15;\" \/> Alle Kosten f\u00fcr die Wanderf\u00fchrerin<br \/><img decoding=\"async\" class=\"wp-image-208 alignnone size-full lazyload\" data-src=\"https:\/\/wander-kathi.li\/wp-content\/uploads\/2021\/01\/wander-kathi_haekchen.png\" alt=\"\" width=\"15\" height=\"15\" src=\"data:image\/svg+xml;base64,PHN2ZyB3aWR0aD0iMSIgaGVpZ2h0PSIxIiB4bWxucz0iaHR0cDovL3d3dy53My5vcmcvMjAwMC9zdmciPjwvc3ZnPg==\" style=\"--smush-placeholder-width: 15px; --smush-placeholder-aspect-ratio: 15\/15;\" \/>\u00a0Ein Glas Sekt auf dem Gipfel<\/p>\n<p>[\/et_pb_text][et_pb_text _builder_version=&#8220;4.16&#8243; _module_preset=&#8220;default&#8220; global_colors_info=&#8220;{}&#8220;]<\/p>\n<h3 class=\"mt-4\">Teilnahmevoraussetzungen<\/h3>\n<p><img decoding=\"async\" class=\"wp-image-207 alignnone size-full lazyload\" data-src=\"https:\/\/wander-kathi.li\/wp-content\/uploads\/2021\/01\/wander-kathi_ausrufezeichen.png\" alt=\"\" width=\"15\" height=\"15\" src=\"data:image\/svg+xml;base64,PHN2ZyB3aWR0aD0iMSIgaGVpZ2h0PSIxIiB4bWxucz0iaHR0cDovL3d3dy53My5vcmcvMjAwMC9zdmciPjwvc3ZnPg==\" style=\"--smush-placeholder-width: 15px; --smush-placeholder-aspect-ratio: 15\/15;\" \/>Gute Kondition<br \/><img decoding=\"async\" class=\"wp-image-207 alignnone size-full lazyload\" data-src=\"https:\/\/wander-kathi.li\/wp-content\/uploads\/2021\/01\/wander-kathi_ausrufezeichen.png\" alt=\"\" width=\"15\" height=\"15\" src=\"data:image\/svg+xml;base64,PHN2ZyB3aWR0aD0iMSIgaGVpZ2h0PSIxIiB4bWxucz0iaHR0cDovL3d3dy53My5vcmcvMjAwMC9zdmciPjwvc3ZnPg==\" style=\"--smush-placeholder-width: 15px; --smush-placeholder-aspect-ratio: 15\/15;\" \/><span>Trittsicherheit im felsigen Gel\u00e4nde<\/span><br \/><img decoding=\"async\" class=\"wp-image-207 alignnone size-full lazyload\" data-src=\"https:\/\/wander-kathi.li\/wp-content\/uploads\/2021\/01\/wander-kathi_ausrufezeichen.png\" alt=\"\" width=\"15\" height=\"15\" src=\"data:image\/svg+xml;base64,PHN2ZyB3aWR0aD0iMSIgaGVpZ2h0PSIxIiB4bWxucz0iaHR0cDovL3d3dy53My5vcmcvMjAwMC9zdmciPjwvc3ZnPg==\" style=\"--smush-placeholder-width: 15px; --smush-placeholder-aspect-ratio: 15\/15;\" \/><span>Schwindelfreiheit<\/span><\/p>\n<p>[\/et_pb_text][et_pb_text _builder_version=&#8220;4.16&#8243; _module_preset=&#8220;default&#8220; global_colors_info=&#8220;{}&#8220;]<\/p>\n<h3 class=\"mt-4\">Zusatzkosten<\/h3>\n<p><img decoding=\"async\" class=\"wp-image-206 alignnone size-full lazyload\" data-src=\"https:\/\/wander-kathi.li\/wp-content\/uploads\/2021\/01\/wander-kathi_plus.png\" alt=\"\" width=\"15\" height=\"15\" src=\"data:image\/svg+xml;base64,PHN2ZyB3aWR0aD0iMSIgaGVpZ2h0PSIxIiB4bWxucz0iaHR0cDovL3d3dy53My5vcmcvMjAwMC9zdmciPjwvc3ZnPg==\" style=\"--smush-placeholder-width: 15px; --smush-placeholder-aspect-ratio: 15\/15;\" \/>\u00a0Kosten f\u00fcr An- und Abreise<br \/><img decoding=\"async\" class=\"wp-image-206 alignnone size-full lazyload\" data-src=\"https:\/\/wander-kathi.li\/wp-content\/uploads\/2021\/01\/wander-kathi_plus.png\" alt=\"\" width=\"15\" height=\"15\" src=\"data:image\/svg+xml;base64,PHN2ZyB3aWR0aD0iMSIgaGVpZ2h0PSIxIiB4bWxucz0iaHR0cDovL3d3dy53My5vcmcvMjAwMC9zdmciPjwvc3ZnPg==\" style=\"--smush-placeholder-width: 15px; --smush-placeholder-aspect-ratio: 15\/15;\" \/> Individuelle Verpflegung<\/p>\n<p>[\/et_pb_text][\/et_pb_column][et_pb_column type=&#8220;2_5&#8243; _builder_version=&#8220;4.16&#8243; _module_preset=&#8220;default&#8220; global_colors_info=&#8220;{}&#8220;][et_pb_text _builder_version=&#8220;4.16&#8243; _module_preset=&#8220;default&#8220; global_colors_info=&#8220;{}&#8220;]<\/p>\n<h3>Eckdaten<\/h3>\n<p>[\/et_pb_text][et_pb_text _builder_version=&#8220;4.16&#8243; _module_preset=&#8220;default&#8220; background_color=&#8220;RGBA(0,0,0,0)&#8220; custom_margin=&#8220;-20px||||false|false&#8220; custom_padding=&#8220;0px||0px||false|false&#8220; global_colors_info=&#8220;{}&#8220;]<\/p>\n<table>\n<tbody>\n<tr>\n<td><strong>Dauer<\/strong><\/td>\n<td>ca. 3 bis 3.5 Stunden<\/td>\n<\/tr>\n<tr>\n<td><strong>Schwierigkeit<\/strong><\/td>\n<td><img decoding=\"async\" data-src=\"https:\/\/wander-kathi.li\/wp-content\/uploads\/2021\/01\/wander-kathi_wanderschuhe_001.png\" width=\"15\" height=\"30\" alt=\"\" class=\"wp-image-216 alignnone size-full lazyload\" src=\"data:image\/svg+xml;base64,PHN2ZyB3aWR0aD0iMSIgaGVpZ2h0PSIxIiB4bWxucz0iaHR0cDovL3d3dy53My5vcmcvMjAwMC9zdmciPjwvc3ZnPg==\" style=\"--smush-placeholder-width: 15px; --smush-placeholder-aspect-ratio: 15\/30;\" \/>\u00a0\u00a0<img decoding=\"async\" data-src=\"https:\/\/wander-kathi.li\/wp-content\/uploads\/2021\/01\/wander-kathi_wanderschuhe_001.png\" width=\"15\" height=\"30\" alt=\"\" class=\"wp-image-216 alignnone size-full lazyload\" src=\"data:image\/svg+xml;base64,PHN2ZyB3aWR0aD0iMSIgaGVpZ2h0PSIxIiB4bWxucz0iaHR0cDovL3d3dy53My5vcmcvMjAwMC9zdmciPjwvc3ZnPg==\" style=\"--smush-placeholder-width: 15px; --smush-placeholder-aspect-ratio: 15\/30;\" \/>\u00a0\u00a0<img decoding=\"async\" data-src=\"https:\/\/wander-kathi.li\/wp-content\/uploads\/2021\/01\/wander-kathi_wanderschuhe_002.png\" width=\"15\" height=\"30\" alt=\"\" class=\"wp-image-217 alignnone size-full lazyload\" src=\"data:image\/svg+xml;base64,PHN2ZyB3aWR0aD0iMSIgaGVpZ2h0PSIxIiB4bWxucz0iaHR0cDovL3d3dy53My5vcmcvMjAwMC9zdmciPjwvc3ZnPg==\" style=\"--smush-placeholder-width: 15px; --smush-placeholder-aspect-ratio: 15\/30;\" \/>\u00a0\u00a0<img decoding=\"async\" data-src=\"https:\/\/wander-kathi.li\/wp-content\/uploads\/2021\/01\/wander-kathi_wanderschuhe_002.png\" width=\"15\" height=\"30\" alt=\"\" class=\"wp-image-217 alignnone size-full lazyload\" src=\"data:image\/svg+xml;base64,PHN2ZyB3aWR0aD0iMSIgaGVpZ2h0PSIxIiB4bWxucz0iaHR0cDovL3d3dy53My5vcmcvMjAwMC9zdmciPjwvc3ZnPg==\" style=\"--smush-placeholder-width: 15px; --smush-placeholder-aspect-ratio: 15\/30;\" \/>\u00a0\u00a0<img decoding=\"async\" data-src=\"https:\/\/wander-kathi.li\/wp-content\/uploads\/2021\/01\/wander-kathi_wanderschuhe_002.png\" width=\"15\" height=\"30\" alt=\"\" class=\"wp-image-217 alignnone size-full lazyload\" src=\"data:image\/svg+xml;base64,PHN2ZyB3aWR0aD0iMSIgaGVpZ2h0PSIxIiB4bWxucz0iaHR0cDovL3d3dy53My5vcmcvMjAwMC9zdmciPjwvc3ZnPg==\" style=\"--smush-placeholder-width: 15px; --smush-placeholder-aspect-ratio: 15\/30;\" \/><\/td>\n<\/tr>\n<tr>\n<td><strong>Ausdauer<\/strong><\/td>\n<td><img decoding=\"async\" data-src=\"https:\/\/wander-kathi.li\/wp-content\/uploads\/2021\/01\/wander-kathi_ausdauer_001.png\" width=\"22\" height=\"22\" alt=\"\" class=\"wp-image-214 alignnone size-full lazyload\" src=\"data:image\/svg+xml;base64,PHN2ZyB3aWR0aD0iMSIgaGVpZ2h0PSIxIiB4bWxucz0iaHR0cDovL3d3dy53My5vcmcvMjAwMC9zdmciPjwvc3ZnPg==\" style=\"--smush-placeholder-width: 22px; --smush-placeholder-aspect-ratio: 22\/22;\" \/><img decoding=\"async\" data-src=\"https:\/\/wander-kathi.li\/wp-content\/uploads\/2021\/01\/wander-kathi_ausdauer_001.png\" width=\"22\" height=\"22\" alt=\"\" class=\"wp-image-214 alignnone size-full lazyload\" src=\"data:image\/svg+xml;base64,PHN2ZyB3aWR0aD0iMSIgaGVpZ2h0PSIxIiB4bWxucz0iaHR0cDovL3d3dy53My5vcmcvMjAwMC9zdmciPjwvc3ZnPg==\" style=\"--smush-placeholder-width: 22px; --smush-placeholder-aspect-ratio: 22\/22;\" \/><img decoding=\"async\" data-src=\"https:\/\/wander-kathi.li\/wp-content\/uploads\/2021\/01\/wander-kathi_ausdauer_002.png\" width=\"22\" height=\"22\" alt=\"\" class=\"wp-image-215 alignnone size-full lazyload\" src=\"data:image\/svg+xml;base64,PHN2ZyB3aWR0aD0iMSIgaGVpZ2h0PSIxIiB4bWxucz0iaHR0cDovL3d3dy53My5vcmcvMjAwMC9zdmciPjwvc3ZnPg==\" style=\"--smush-placeholder-width: 22px; --smush-placeholder-aspect-ratio: 22\/22;\" \/><img decoding=\"async\" data-src=\"https:\/\/wander-kathi.li\/wp-content\/uploads\/2021\/01\/wander-kathi_ausdauer_002.png\" width=\"22\" height=\"22\" alt=\"\" class=\"wp-image-215 alignnone size-full lazyload\" src=\"data:image\/svg+xml;base64,PHN2ZyB3aWR0aD0iMSIgaGVpZ2h0PSIxIiB4bWxucz0iaHR0cDovL3d3dy53My5vcmcvMjAwMC9zdmciPjwvc3ZnPg==\" style=\"--smush-placeholder-width: 22px; --smush-placeholder-aspect-ratio: 22\/22;\" \/><img decoding=\"async\" data-src=\"https:\/\/wander-kathi.li\/wp-content\/uploads\/2021\/01\/wander-kathi_ausdauer_002.png\" width=\"22\" height=\"22\" alt=\"\" class=\"wp-image-215 alignnone size-full lazyload\" src=\"data:image\/svg+xml;base64,PHN2ZyB3aWR0aD0iMSIgaGVpZ2h0PSIxIiB4bWxucz0iaHR0cDovL3d3dy53My5vcmcvMjAwMC9zdmciPjwvc3ZnPg==\" style=\"--smush-placeholder-width: 22px; --smush-placeholder-aspect-ratio: 22\/22;\" \/><\/td>\n<\/tr>\n<tr>\n<td><strong>Teilnehmer<\/strong><\/td>\n<td>ab 4 Teilnehmer<\/td>\n<\/tr>\n<tr>\n<td><strong>H\u00f6chenunterschied<\/strong><\/td>\n<td><strong>\u2191\u2193<\/strong>\u00a0ca. 500m<\/td>\n<\/tr>\n<\/tbody>\n<\/table>\n<p>[\/et_pb_text][et_pb_text _builder_version=&#8220;4.16&#8243; _module_preset=&#8220;default&#8220; global_colors_info=&#8220;{}&#8220;]<\/p>\n<h3>Preis pro Person<\/h3>\n<p>[\/et_pb_text][et_pb_text _builder_version=&#8220;4.16&#8243; _module_preset=&#8220;default&#8220; custom_margin=&#8220;-20px||||false|false&#8220; global_colors_info=&#8220;{}&#8220;]<\/p>\n<table>\n<tbody>\n<tr>\n<td>ab 4 Personen<\/td>\n<td>CHF 115.-<\/td>\n<\/tr>\n<tr>\n<td>Gruppen<\/td>\n<td>auf Anfrage<\/td>\n<\/tr>\n<\/tbody>\n<\/table>\n<p>[\/et_pb_text][et_pb_button button_url=&#8220;@ET-DC@eyJkeW5hbWljIjp0cnVlLCJjb250ZW50IjoicG9zdF9saW5rX3VybF9wYWdlIiwic2V0dGluZ3MiOnsicG9zdF9pZCI6IjEzMyJ9fQ==@&#8220; button_text=&#8220;zum Tourenkalender&#8220; button_alignment=&#8220;center&#8220; _builder_version=&#8220;4.16&#8243; _dynamic_attributes=&#8220;button_url&#8220; _module_preset=&#8220;default&#8220; global_colors_info=&#8220;{}&#8220;][\/et_pb_button][et_pb_text _builder_version=&#8220;4.21.0&#8243; _module_preset=&#8220;default&#8220; global_module=&#8220;1767&#8243; global_colors_info=&#8220;{}&#8220;]<\/p>\n<h3>Unterlagen<\/h3>\n<p><img decoding=\"async\" data-src=\"https:\/\/wander-kathi.li\/wp-content\/uploads\/2021\/01\/wander-kathi_pfeil_unten.png\" width=\"15\" height=\"15\" alt=\"wander-kathi_pfeil_unten\" class=\"wp-image-321 alignnone size-full lazyload\" src=\"data:image\/svg+xml;base64,PHN2ZyB3aWR0aD0iMSIgaGVpZ2h0PSIxIiB4bWxucz0iaHR0cDovL3d3dy53My5vcmcvMjAwMC9zdmciPjwvc3ZnPg==\" style=\"--smush-placeholder-width: 15px; --smush-placeholder-aspect-ratio: 15\/15;\" \/>\u00a0<a href=\"https:\/\/wander-kathi.li\/wp-content\/uploads\/2023\/11\/Packliste-Sommertour.pdf\" target=\"_blank\" rel=\"noopener\">Ausr\u00fcstungsliste<\/a><br \/><img decoding=\"async\" data-src=\"https:\/\/wander-kathi.li\/wp-content\/uploads\/2021\/01\/wander-kathi_pfeil_unten.png\" width=\"15\" height=\"15\" alt=\"wander-kathi_pfeil_unten\" class=\"wp-image-321 alignnone size-full lazyload\" src=\"data:image\/svg+xml;base64,PHN2ZyB3aWR0aD0iMSIgaGVpZ2h0PSIxIiB4bWxucz0iaHR0cDovL3d3dy53My5vcmcvMjAwMC9zdmciPjwvc3ZnPg==\" style=\"--smush-placeholder-width: 15px; --smush-placeholder-aspect-ratio: 15\/15;\" \/>\u00a0<a href=\"https:\/\/wander-kathi.li\/wp-content\/uploads\/2021\/01\/Allgemeine-Geschaeftsbedingungen.pdf\" target=\"_blank\" rel=\"noopener noreferrer\">Allgemeine Gesch\u00e4ftsbedingungen<\/a><\/p>\n<p>[\/et_pb_text][et_pb_text _builder_version=&#8220;4.16&#8243; _module_preset=&#8220;default&#8220; global_colors_info=&#8220;{}&#8220;]<\/p>\n<h3>Individuelle Anfrage<\/h3>\n<p>[\/et_pb_text][et_pb_contact_form _builder_version=&#8220;4.8.1&#8243; _module_preset=&#8220;default&#8220; _unique_id=&#8220;7b85a7b7-e1a4-481f-adf5-bc7896161b3a&#8220; background_color=&#8220;RGBA(0,0,0,0)&#8220; global_module=&#8220;1743&#8243; global_colors_info=&#8220;{}&#8220;][et_pb_contact_field field_id=&#8220;Name_2&#8243; field_title=&#8220;Name *&#8220; _builder_version=&#8220;4.16&#8243; global_colors_info=&#8220;{}&#8220; button_text_size__hover_enabled=&#8220;off&#8220; button_one_text_size__hover_enabled=&#8220;off&#8220; button_two_text_size__hover_enabled=&#8220;off&#8220; button_text_color__hover_enabled=&#8220;off&#8220; button_one_text_color__hover_enabled=&#8220;off&#8220; button_two_text_color__hover_enabled=&#8220;off&#8220; button_border_width__hover_enabled=&#8220;off&#8220; button_one_border_width__hover_enabled=&#8220;off&#8220; button_two_border_width__hover_enabled=&#8220;off&#8220; button_border_color__hover_enabled=&#8220;off&#8220; button_one_border_color__hover_enabled=&#8220;off&#8220; button_two_border_color__hover_enabled=&#8220;off&#8220; button_border_radius__hover_enabled=&#8220;off&#8220; button_one_border_radius__hover_enabled=&#8220;off&#8220; button_two_border_radius__hover_enabled=&#8220;off&#8220; button_letter_spacing__hover_enabled=&#8220;off&#8220; button_one_letter_spacing__hover_enabled=&#8220;off&#8220; button_two_letter_spacing__hover_enabled=&#8220;off&#8220; button_bg_color__hover_enabled=&#8220;off&#8220; button_one_bg_color__hover_enabled=&#8220;off&#8220; button_two_bg_color__hover_enabled=&#8220;off&#8220;][\/et_pb_contact_field][et_pb_contact_field field_id=&#8220;Email&#8220; field_title=&#8220;E-Mail-Adresse *&#8220; field_type=&#8220;email&#8220; _builder_version=&#8220;4.16&#8243; global_colors_info=&#8220;{}&#8220; button_text_size__hover_enabled=&#8220;off&#8220; button_one_text_size__hover_enabled=&#8220;off&#8220; button_two_text_size__hover_enabled=&#8220;off&#8220; button_text_color__hover_enabled=&#8220;off&#8220; button_one_text_color__hover_enabled=&#8220;off&#8220; button_two_text_color__hover_enabled=&#8220;off&#8220; button_border_width__hover_enabled=&#8220;off&#8220; button_one_border_width__hover_enabled=&#8220;off&#8220; button_two_border_width__hover_enabled=&#8220;off&#8220; button_border_color__hover_enabled=&#8220;off&#8220; button_one_border_color__hover_enabled=&#8220;off&#8220; button_two_border_color__hover_enabled=&#8220;off&#8220; button_border_radius__hover_enabled=&#8220;off&#8220; button_one_border_radius__hover_enabled=&#8220;off&#8220; button_two_border_radius__hover_enabled=&#8220;off&#8220; button_letter_spacing__hover_enabled=&#8220;off&#8220; button_one_letter_spacing__hover_enabled=&#8220;off&#8220; button_two_letter_spacing__hover_enabled=&#8220;off&#8220; button_bg_color__hover_enabled=&#8220;off&#8220; button_one_bg_color__hover_enabled=&#8220;off&#8220; button_two_bg_color__hover_enabled=&#8220;off&#8220;][\/et_pb_contact_field][et_pb_contact_field field_id=&#8220;Anzahl_Teilnehmer&#8220; field_title=&#8220;Anzahl Teilnehmer *&#8220; field_type=&#8220;select&#8220; select_options=&#8220;%91{%22value%22:%221%22,%22checked%22:0,%22dragID%22:-1},{%22value%22:%222%22,%22checked%22:0,%22dragID%22:0},{%22value%22:%223%22,%22checked%22:0,%22dragID%22:1},{%22value%22:%224%22,%22checked%22:0,%22dragID%22:2},{%22value%22:%225%22,%22checked%22:0,%22dragID%22:3},{%22value%22:%226%22,%22checked%22:0,%22dragID%22:4},{%22value%22:%227%22,%22checked%22:0,%22dragID%22:5},{%22value%22:%228%22,%22checked%22:0,%22dragID%22:6},{%22value%22:%229%22,%22checked%22:0,%22dragID%22:7}%93&#8243; _builder_version=&#8220;4.16&#8243; _module_preset=&#8220;default&#8220; global_colors_info=&#8220;{}&#8220;][\/et_pb_contact_field][et_pb_contact_field field_id=&#8220;Telefonnummer&#8220; field_title=&#8220;Telefonnummer *&#8220; _builder_version=&#8220;4.16&#8243; global_colors_info=&#8220;{}&#8220; button_text_size__hover_enabled=&#8220;off&#8220; button_one_text_size__hover_enabled=&#8220;off&#8220; button_two_text_size__hover_enabled=&#8220;off&#8220; button_text_color__hover_enabled=&#8220;off&#8220; button_one_text_color__hover_enabled=&#8220;off&#8220; button_two_text_color__hover_enabled=&#8220;off&#8220; button_border_width__hover_enabled=&#8220;off&#8220; button_one_border_width__hover_enabled=&#8220;off&#8220; button_two_border_width__hover_enabled=&#8220;off&#8220; button_border_color__hover_enabled=&#8220;off&#8220; button_one_border_color__hover_enabled=&#8220;off&#8220; button_two_border_color__hover_enabled=&#8220;off&#8220; button_border_radius__hover_enabled=&#8220;off&#8220; button_one_border_radius__hover_enabled=&#8220;off&#8220; button_two_border_radius__hover_enabled=&#8220;off&#8220; button_letter_spacing__hover_enabled=&#8220;off&#8220; button_one_letter_spacing__hover_enabled=&#8220;off&#8220; button_two_letter_spacing__hover_enabled=&#8220;off&#8220; button_bg_color__hover_enabled=&#8220;off&#8220; button_one_bg_color__hover_enabled=&#8220;off&#8220; button_two_bg_color__hover_enabled=&#8220;off&#8220;][\/et_pb_contact_field][et_pb_contact_field field_id=&#8220;Nachricht&#8220; field_title=&#8220;Nachricht&#8220; field_type=&#8220;text&#8220; required_mark=&#8220;off&#8220; fullwidth_field=&#8220;on&#8220; _builder_version=&#8220;4.16&#8243; global_colors_info=&#8220;{}&#8220; button_text_size__hover_enabled=&#8220;off&#8220; button_one_text_size__hover_enabled=&#8220;off&#8220; button_two_text_size__hover_enabled=&#8220;off&#8220; button_text_color__hover_enabled=&#8220;off&#8220; button_one_text_color__hover_enabled=&#8220;off&#8220; button_two_text_color__hover_enabled=&#8220;off&#8220; button_border_width__hover_enabled=&#8220;off&#8220; button_one_border_width__hover_enabled=&#8220;off&#8220; button_two_border_width__hover_enabled=&#8220;off&#8220; button_border_color__hover_enabled=&#8220;off&#8220; button_one_border_color__hover_enabled=&#8220;off&#8220; button_two_border_color__hover_enabled=&#8220;off&#8220; button_border_radius__hover_enabled=&#8220;off&#8220; button_one_border_radius__hover_enabled=&#8220;off&#8220; button_two_border_radius__hover_enabled=&#8220;off&#8220; button_letter_spacing__hover_enabled=&#8220;off&#8220; button_one_letter_spacing__hover_enabled=&#8220;off&#8220; button_two_letter_spacing__hover_enabled=&#8220;off&#8220; button_bg_color__hover_enabled=&#8220;off&#8220; button_one_bg_color__hover_enabled=&#8220;off&#8220; button_two_bg_color__hover_enabled=&#8220;off&#8220;][\/et_pb_contact_field][et_pb_contact_field field_id=&#8220;DSGVO-Einverst\u00e4ndnis_*&#8220; field_title=&#8220;DSGVO-Einverst\u00e4ndnis *&#8220; field_type=&#8220;checkbox&#8220; checkbox_options=&#8220;%91{%22value%22:%22Ich willige ein, dass Wander-Kathi GmbH meine personenbezogenen Daten %91z.B. die E-Mail-Adresse%93 verarbeiten darf. Du kannst Deine Einwilligung jederzeit widerrufen.%22,%22checked%22:0,%22dragID%22:-1}%93&#8243; fullwidth_field=&#8220;on&#8220; _builder_version=&#8220;4.16&#8243; _module_preset=&#8220;default&#8220; global_colors_info=&#8220;{}&#8220;][\/et_pb_contact_field][et_pb_contact_field field_id=&#8220;event_name&#8220; field_title=&#8220;Event Name&#8220; fullwidth_field=&#8220;on&#8220; _builder_version=&#8220;4.16&#8243; _module_preset=&#8220;default&#8220; custom_css_main_element=&#8220;display:none;&#8220; global_colors_info=&#8220;{}&#8220;][\/et_pb_contact_field][et_pb_contact_field field_id=&#8220;event_url&#8220; field_title=&#8220;Event URL&#8220; fullwidth_field=&#8220;on&#8220; _builder_version=&#8220;4.16&#8243; _module_preset=&#8220;default&#8220; custom_css_main_element=&#8220;display:none;&#8220; global_colors_info=&#8220;{}&#8220;][\/et_pb_contact_field][\/et_pb_contact_form][\/et_pb_column][\/et_pb_row][\/et_pb_section]<\/p>\n<span class=\"et_bloom_bottom_trigger\"><\/span>","protected":false},"excerpt":{"rendered":"<p>Glamour\u00f6se Sonnenuntergangstour auf den Alpspitz inklusive Sekt\u00a0Auf dem wundervollen\u00a0Berggipfel des Alpspitz, im wundervollen\u00a0F\u00fcrstentum Liechtenstein\u00a0zu stehen, wenn die Sonne untergeht. Einfach unvergesslich!Programm Auf dem wundervollen\u00a0Berggipfel des Alpspitz, im wundervollen\u00a0F\u00fcrstentum Liechtenstein\u00a0zu stehen, wenn die Sonne untergeht. Einfach unvergesslich! Fasziniert beobachten wir die letzten Sonnenstrahlen, bevor diese \u00fcber dem\u00a0Alpstein\u00a0in der\u00a0Schweiz\u00a0verschwinden. Die orangen leuchtenden Berggipfel der umliegenden\u00a0Drei Schwestern, was [&hellip;]<\/p>\n","protected":false},"author":1,"featured_media":0,"parent":0,"menu_order":9001,"comment_status":"closed","ping_status":"closed","template":"","meta":{"_et_pb_use_builder":"on","_et_pb_old_content":"","_et_gb_content_width":"","footnotes":""},"class_list":["post-1109","page","type-page","status-publish","hentry"],"_links":{"self":[{"href":"https:\/\/wander-kathi.li\/en\/wp-json\/wp\/v2\/pages\/1109","targetHints":{"allow":["GET"]}}],"collection":[{"href":"https:\/\/wander-kathi.li\/en\/wp-json\/wp\/v2\/pages"}],"about":[{"href":"https:\/\/wander-kathi.li\/en\/wp-json\/wp\/v2\/types\/page"}],"author":[{"embeddable":true,"href":"https:\/\/wander-kathi.li\/en\/wp-json\/wp\/v2\/users\/1"}],"replies":[{"embeddable":true,"href":"https:\/\/wander-kathi.li\/en\/wp-json\/wp\/v2\/comments?post=1109"}],"version-history":[{"count":10,"href":"https:\/\/wander-kathi.li\/en\/wp-json\/wp\/v2\/pages\/1109\/revisions"}],"predecessor-version":[{"id":5424,"href":"https:\/\/wander-kathi.li\/en\/wp-json\/wp\/v2\/pages\/1109\/revisions\/5424"}],"wp:attachment":[{"href":"https:\/\/wander-kathi.li\/en\/wp-json\/wp\/v2\/media?parent=1109"}],"curies":[{"name":"wp","href":"https:\/\/api.w.org\/{rel}","templated":true}]}}