{"id":1266,"date":"2021-01-22T09:31:57","date_gmt":"2021-01-22T08:31:57","guid":{"rendered":"https:\/\/wander-kathi.li\/?page_id=1266"},"modified":"2023-11-08T16:06:27","modified_gmt":"2023-11-08T15:06:27","slug":"tagestour-ins-blumenmeer-oberhalb-des-rheintals","status":"publish","type":"page","link":"https:\/\/wander-kathi.li\/en\/tagestour-ins-blumenmeer-oberhalb-des-rheintals\/","title":{"rendered":"Tagestour ins Blumenmeer oberhalb des Rheintals"},"content":{"rendered":"<p>[et_pb_section fb_built=&#8220;1&#8243; _builder_version=&#8220;4.8.1&#8243; _module_preset=&#8220;default&#8220; saved_tabs=&#8220;all&#8220;][et_pb_row _builder_version=&#8220;4.8.1&#8243; _module_preset=&#8220;default&#8220;][et_pb_column type=&#8220;4_4&#8243; _builder_version=&#8220;4.8.1&#8243; _module_preset=&#8220;default&#8220;][et_pb_text _builder_version=&#8220;4.8.1&#8243; _module_preset=&#8220;default&#8220;]<\/p>\n<h1 class=\"entry-header\" style=\"text-align: center;\">Tagestour ins Blumenmeer oberhalb des Rheintals<\/h1>\n<p>[\/et_pb_text][et_pb_text _builder_version=&#8220;4.8.1&#8243; _module_preset=&#8220;default&#8220;]<\/p>\n<p style=\"text-align: center;\"><span>Komm mit, ich zeige dir das \u00fcberw\u00e4ltigende\u00a0<\/span><strong>Blumenmeer<span>\u00a0<\/span><\/strong><span>oberhalb des\u00a0<\/span><strong>Rheintals<\/strong><span>\u00a0auf dieser\u00a0<\/span><strong>Tagestour<\/strong><span>. Eine farbenfrohe\u00a0<\/span><strong>Blumenwanderung<\/strong><span>.<\/span><\/p>\n<p>[\/et_pb_text][\/et_pb_column][\/et_pb_row][et_pb_row _builder_version=&#8220;4.8.1&#8243; _module_preset=&#8220;default&#8220; module_alignment=&#8220;center&#8220;][et_pb_column type=&#8220;4_4&#8243; _builder_version=&#8220;4.8.1&#8243; _module_preset=&#8220;default&#8220;][et_pb_gallery gallery_ids=&#8220;1273,1274,1275,1276,1277&#8243; gallery_orderby=&#8220;rand&#8220; posts_number=&#8220;3&#8243; show_title_and_caption=&#8220;off&#8220; show_pagination=&#8220;off&#8220; _builder_version=&#8220;4.8.2&#8243; _module_preset=&#8220;default&#8220; text_orientation=&#8220;left&#8220; hover_enabled=&#8220;0&#8243; custom_css_gallery_item=&#8220;width: 31.33% !important;||margin: 1% !important;||clear: none !important;&#8220; sticky_enabled=&#8220;0&#8243;][\/et_pb_gallery][\/et_pb_column][\/et_pb_row][et_pb_row column_structure=&#8220;3_5,2_5&#8243; _builder_version=&#8220;4.8.1&#8243; _module_preset=&#8220;default&#8220;][et_pb_column type=&#8220;3_5&#8243; _builder_version=&#8220;4.8.1&#8243; _module_preset=&#8220;default&#8220;][et_pb_text _builder_version=&#8220;4.8.1&#8243; _module_preset=&#8220;default&#8220;]<\/p>\n<h3 style=\"text-align: justify;\">Programm<\/h3>\n<p style=\"text-align: justify;\"><span>Wir starten fr\u00fch morgens unsere Wanderung im\u00a0<\/span><strong>Steg im F\u00fcrstentum Liechtenstein<span>\u00a0<\/span><\/strong><span>und steigen anfangs im Wald, dann \u00fcber den Grat auf zum\u00a0<\/span><strong>Goldlochkamm<\/strong><span>. Auf dieser\u00a0<\/span><strong>Tagestour<span>\u00a0<\/span><\/strong><span>begleitet uns immer das\u00a0<\/span><strong>Rheintal<span>\u00a0<\/span><\/strong><span>zu unserer Rechten. Das\u00a0<\/span><strong>Alpenpanorama<span>\u00a0<\/span><\/strong><span>und der Blick zum\u00a0<\/span><strong>Alpstein<span>\u00a0<\/span><\/strong><span>und zur\u00a0<\/span><strong>Alvierkette<span>\u00a0<\/span><\/strong><span>ist atemberaubend. Am\u00a0<\/span><strong>Goldlochkamm<span>\u00a0<\/span><\/strong><span>erwartet uns die einmalige\u00a0<\/span><strong>Alpenflora<\/strong><span>, die Bergwiese verwandelt sich im Fr\u00fchling in einen Blumenteppich von unvergleichlicher Farbenfrische. Mit etwas Gl\u00fcck entdecken wir sogar die bl\u00fchenden\u00a0<\/span><strong>Feuerlilien<span>\u00a0<\/span><\/strong><span>und die K\u00f6nigin der Alpenblumen, das\u00a0<\/span><strong>Edelweiss<\/strong><span>, welche dort oben wohlbeh\u00fctet bl\u00fchen.<\/span><\/p>\n<p><span>Der R\u00fcckweg f\u00fchrt uns an der \u00ab<\/span><strong>schwarzen Wand<\/strong><span>\u00bb und an Murmeltierl\u00f6chern vorbei, bis wir wieder beim Ausgangspunkt und somit dem Ende unserer\u00a0<\/span><strong>Tagestour<span>\u00a0<\/span><\/strong><span>sind.<\/span><\/p>\n<p>[\/et_pb_text][et_pb_text _builder_version=&#8220;4.8.1&#8243; _module_preset=&#8220;default&#8220;]<\/p>\n<h3 class=\"mt-4\">Inkludierte Leistungen<\/h3>\n<p><img decoding=\"async\" class=\"wp-image-208 alignnone size-full lazyload\" data-src=\"https:\/\/wander-kathi.li\/wp-content\/uploads\/2021\/01\/wander-kathi_haekchen.png\" alt=\"\" width=\"15\" height=\"15\" src=\"data:image\/svg+xml;base64,PHN2ZyB3aWR0aD0iMSIgaGVpZ2h0PSIxIiB4bWxucz0iaHR0cDovL3d3dy53My5vcmcvMjAwMC9zdmciPjwvc3ZnPg==\" style=\"--smush-placeholder-width: 15px; --smush-placeholder-aspect-ratio: 15\/15;\" \/> F\u00fchrung durch staatlich gepr\u00fcfte Wanderf\u00fchrerin<br \/> <img decoding=\"async\" class=\"wp-image-208 alignnone size-full lazyload\" data-src=\"https:\/\/wander-kathi.li\/wp-content\/uploads\/2021\/01\/wander-kathi_haekchen.png\" alt=\"\" width=\"15\" height=\"15\" src=\"data:image\/svg+xml;base64,PHN2ZyB3aWR0aD0iMSIgaGVpZ2h0PSIxIiB4bWxucz0iaHR0cDovL3d3dy53My5vcmcvMjAwMC9zdmciPjwvc3ZnPg==\" style=\"--smush-placeholder-width: 15px; --smush-placeholder-aspect-ratio: 15\/15;\" \/> Erinnerungsfoto<br \/> <img decoding=\"async\" class=\"wp-image-208 alignnone size-full lazyload\" data-src=\"https:\/\/wander-kathi.li\/wp-content\/uploads\/2021\/01\/wander-kathi_haekchen.png\" alt=\"\" width=\"15\" height=\"15\" src=\"data:image\/svg+xml;base64,PHN2ZyB3aWR0aD0iMSIgaGVpZ2h0PSIxIiB4bWxucz0iaHR0cDovL3d3dy53My5vcmcvMjAwMC9zdmciPjwvc3ZnPg==\" style=\"--smush-placeholder-width: 15px; --smush-placeholder-aspect-ratio: 15\/15;\" \/> Alle Kosten f\u00fcr die Wanderf\u00fchrerin<\/p>\n<p>[\/et_pb_text][et_pb_text _builder_version=&#8220;4.8.1&#8243; _module_preset=&#8220;default&#8220;]<\/p>\n<h3 class=\"mt-4\">Teilnahmevoraussetzungen<\/h3>\n<p><img decoding=\"async\" class=\"wp-image-207 alignnone size-full lazyload\" data-src=\"https:\/\/wander-kathi.li\/wp-content\/uploads\/2021\/01\/wander-kathi_ausrufezeichen.png\" alt=\"\" width=\"15\" height=\"15\" src=\"data:image\/svg+xml;base64,PHN2ZyB3aWR0aD0iMSIgaGVpZ2h0PSIxIiB4bWxucz0iaHR0cDovL3d3dy53My5vcmcvMjAwMC9zdmciPjwvc3ZnPg==\" style=\"--smush-placeholder-width: 15px; --smush-placeholder-aspect-ratio: 15\/15;\" \/>Gute Kondition<br \/><img decoding=\"async\" class=\"wp-image-207 alignnone size-full lazyload\" data-src=\"https:\/\/wander-kathi.li\/wp-content\/uploads\/2021\/01\/wander-kathi_ausrufezeichen.png\" alt=\"\" width=\"15\" height=\"15\" src=\"data:image\/svg+xml;base64,PHN2ZyB3aWR0aD0iMSIgaGVpZ2h0PSIxIiB4bWxucz0iaHR0cDovL3d3dy53My5vcmcvMjAwMC9zdmciPjwvc3ZnPg==\" style=\"--smush-placeholder-width: 15px; --smush-placeholder-aspect-ratio: 15\/15;\" \/>Trittsicherheit im felsigen Gel\u00e4nde<br \/><img decoding=\"async\" class=\"wp-image-207 alignnone size-full lazyload\" data-src=\"https:\/\/wander-kathi.li\/wp-content\/uploads\/2021\/01\/wander-kathi_ausrufezeichen.png\" alt=\"\" width=\"15\" height=\"15\" src=\"data:image\/svg+xml;base64,PHN2ZyB3aWR0aD0iMSIgaGVpZ2h0PSIxIiB4bWxucz0iaHR0cDovL3d3dy53My5vcmcvMjAwMC9zdmciPjwvc3ZnPg==\" style=\"--smush-placeholder-width: 15px; --smush-placeholder-aspect-ratio: 15\/15;\" \/>Schwindelfreiheit<\/p>\n<p>[\/et_pb_text][et_pb_text _builder_version=&#8220;4.8.1&#8243; _module_preset=&#8220;default&#8220;]<\/p>\n<h3 class=\"mt-4\">Zusatzkosten<\/h3>\n<p><img decoding=\"async\" class=\"wp-image-206 alignnone size-full lazyload\" data-src=\"https:\/\/wander-kathi.li\/wp-content\/uploads\/2021\/01\/wander-kathi_plus.png\" alt=\"\" width=\"15\" height=\"15\" src=\"data:image\/svg+xml;base64,PHN2ZyB3aWR0aD0iMSIgaGVpZ2h0PSIxIiB4bWxucz0iaHR0cDovL3d3dy53My5vcmcvMjAwMC9zdmciPjwvc3ZnPg==\" style=\"--smush-placeholder-width: 15px; --smush-placeholder-aspect-ratio: 15\/15;\" \/>\u00a0Kosten f\u00fcr An- und Abreise<br \/><img decoding=\"async\" class=\"wp-image-206 alignnone size-full lazyload\" data-src=\"https:\/\/wander-kathi.li\/wp-content\/uploads\/2021\/01\/wander-kathi_plus.png\" alt=\"\" width=\"15\" height=\"15\" src=\"data:image\/svg+xml;base64,PHN2ZyB3aWR0aD0iMSIgaGVpZ2h0PSIxIiB4bWxucz0iaHR0cDovL3d3dy53My5vcmcvMjAwMC9zdmciPjwvc3ZnPg==\" style=\"--smush-placeholder-width: 15px; --smush-placeholder-aspect-ratio: 15\/15;\" \/> Individuelle Verpflegung<\/p>\n<p>[\/et_pb_text][\/et_pb_column][et_pb_column type=&#8220;2_5&#8243; _builder_version=&#8220;4.8.1&#8243; _module_preset=&#8220;default&#8220;][et_pb_text _builder_version=&#8220;4.8.1&#8243; _module_preset=&#8220;default&#8220;]<\/p>\n<h3>Eckdaten<\/h3>\n<p>[\/et_pb_text][et_pb_text _builder_version=&#8220;4.8.1&#8243; _module_preset=&#8220;default&#8220; background_color=&#8220;RGBA(0,0,0,0)&#8220; custom_margin=&#8220;-20px||||false|false&#8220; custom_padding=&#8220;0px||0px||false|false&#8220;]<\/p>\n<table>\n<tbody>\n<tr>\n<td><strong>Dauer<\/strong><\/td>\n<td>ca. 4 bis 5 Stunden<\/td>\n<\/tr>\n<tr>\n<td><strong>Schwierigkeit<\/strong><\/td>\n<td><img decoding=\"async\" data-src=\"https:\/\/wander-kathi.li\/wp-content\/uploads\/2021\/01\/wander-kathi_wanderschuhe_001.png\" width=\"15\" height=\"30\" alt=\"\" class=\"wp-image-216 alignnone size-full lazyload\" src=\"data:image\/svg+xml;base64,PHN2ZyB3aWR0aD0iMSIgaGVpZ2h0PSIxIiB4bWxucz0iaHR0cDovL3d3dy53My5vcmcvMjAwMC9zdmciPjwvc3ZnPg==\" style=\"--smush-placeholder-width: 15px; --smush-placeholder-aspect-ratio: 15\/30;\" \/>\u00a0\u00a0<img decoding=\"async\" data-src=\"https:\/\/wander-kathi.li\/wp-content\/uploads\/2021\/01\/wander-kathi_wanderschuhe_001.png\" width=\"15\" height=\"30\" alt=\"\" class=\"wp-image-216 alignnone size-full lazyload\" src=\"data:image\/svg+xml;base64,PHN2ZyB3aWR0aD0iMSIgaGVpZ2h0PSIxIiB4bWxucz0iaHR0cDovL3d3dy53My5vcmcvMjAwMC9zdmciPjwvc3ZnPg==\" style=\"--smush-placeholder-width: 15px; --smush-placeholder-aspect-ratio: 15\/30;\" \/>\u00a0\u00a0<img decoding=\"async\" data-src=\"https:\/\/wander-kathi.li\/wp-content\/uploads\/2021\/01\/wander-kathi_wanderschuhe_002.png\" width=\"15\" height=\"30\" alt=\"\" class=\"wp-image-217 alignnone size-full lazyload\" src=\"data:image\/svg+xml;base64,PHN2ZyB3aWR0aD0iMSIgaGVpZ2h0PSIxIiB4bWxucz0iaHR0cDovL3d3dy53My5vcmcvMjAwMC9zdmciPjwvc3ZnPg==\" style=\"--smush-placeholder-width: 15px; --smush-placeholder-aspect-ratio: 15\/30;\" \/>\u00a0\u00a0<img decoding=\"async\" data-src=\"https:\/\/wander-kathi.li\/wp-content\/uploads\/2021\/01\/wander-kathi_wanderschuhe_002.png\" width=\"15\" height=\"30\" alt=\"\" class=\"wp-image-217 alignnone size-full lazyload\" src=\"data:image\/svg+xml;base64,PHN2ZyB3aWR0aD0iMSIgaGVpZ2h0PSIxIiB4bWxucz0iaHR0cDovL3d3dy53My5vcmcvMjAwMC9zdmciPjwvc3ZnPg==\" style=\"--smush-placeholder-width: 15px; --smush-placeholder-aspect-ratio: 15\/30;\" \/>\u00a0\u00a0<img decoding=\"async\" data-src=\"https:\/\/wander-kathi.li\/wp-content\/uploads\/2021\/01\/wander-kathi_wanderschuhe_002.png\" width=\"15\" height=\"30\" alt=\"\" class=\"wp-image-217 alignnone size-full lazyload\" src=\"data:image\/svg+xml;base64,PHN2ZyB3aWR0aD0iMSIgaGVpZ2h0PSIxIiB4bWxucz0iaHR0cDovL3d3dy53My5vcmcvMjAwMC9zdmciPjwvc3ZnPg==\" style=\"--smush-placeholder-width: 15px; --smush-placeholder-aspect-ratio: 15\/30;\" \/><\/td>\n<\/tr>\n<tr>\n<td><strong>Ausdauer<\/strong><\/td>\n<td><img decoding=\"async\" data-src=\"https:\/\/wander-kathi.li\/wp-content\/uploads\/2021\/01\/wander-kathi_ausdauer_001.png\" width=\"22\" height=\"22\" alt=\"\" class=\"wp-image-214 alignnone size-full lazyload\" src=\"data:image\/svg+xml;base64,PHN2ZyB3aWR0aD0iMSIgaGVpZ2h0PSIxIiB4bWxucz0iaHR0cDovL3d3dy53My5vcmcvMjAwMC9zdmciPjwvc3ZnPg==\" style=\"--smush-placeholder-width: 22px; --smush-placeholder-aspect-ratio: 22\/22;\" \/><img decoding=\"async\" data-src=\"https:\/\/wander-kathi.li\/wp-content\/uploads\/2021\/01\/wander-kathi_ausdauer_001.png\" width=\"22\" height=\"22\" alt=\"\" class=\"wp-image-214 alignnone size-full lazyload\" src=\"data:image\/svg+xml;base64,PHN2ZyB3aWR0aD0iMSIgaGVpZ2h0PSIxIiB4bWxucz0iaHR0cDovL3d3dy53My5vcmcvMjAwMC9zdmciPjwvc3ZnPg==\" style=\"--smush-placeholder-width: 22px; --smush-placeholder-aspect-ratio: 22\/22;\" \/><img decoding=\"async\" data-src=\"https:\/\/wander-kathi.li\/wp-content\/uploads\/2021\/01\/wander-kathi_ausdauer_001.png\" width=\"22\" height=\"22\" alt=\"\" class=\"wp-image-214 alignnone size-full lazyload\" src=\"data:image\/svg+xml;base64,PHN2ZyB3aWR0aD0iMSIgaGVpZ2h0PSIxIiB4bWxucz0iaHR0cDovL3d3dy53My5vcmcvMjAwMC9zdmciPjwvc3ZnPg==\" style=\"--smush-placeholder-width: 22px; --smush-placeholder-aspect-ratio: 22\/22;\" \/><img decoding=\"async\" data-src=\"https:\/\/wander-kathi.li\/wp-content\/uploads\/2021\/01\/wander-kathi_ausdauer_002.png\" width=\"22\" height=\"22\" alt=\"\" class=\"wp-image-215 alignnone size-full lazyload\" src=\"data:image\/svg+xml;base64,PHN2ZyB3aWR0aD0iMSIgaGVpZ2h0PSIxIiB4bWxucz0iaHR0cDovL3d3dy53My5vcmcvMjAwMC9zdmciPjwvc3ZnPg==\" style=\"--smush-placeholder-width: 22px; --smush-placeholder-aspect-ratio: 22\/22;\" \/><img decoding=\"async\" data-src=\"https:\/\/wander-kathi.li\/wp-content\/uploads\/2021\/01\/wander-kathi_ausdauer_002.png\" width=\"22\" height=\"22\" alt=\"\" class=\"wp-image-215 alignnone size-full lazyload\" src=\"data:image\/svg+xml;base64,PHN2ZyB3aWR0aD0iMSIgaGVpZ2h0PSIxIiB4bWxucz0iaHR0cDovL3d3dy53My5vcmcvMjAwMC9zdmciPjwvc3ZnPg==\" style=\"--smush-placeholder-width: 22px; --smush-placeholder-aspect-ratio: 22\/22;\" \/><\/td>\n<\/tr>\n<tr>\n<td><strong>Teilnehmer<\/strong><\/td>\n<td>ab 3 Teilnehmer<\/td>\n<\/tr>\n<tr>\n<td><strong>H\u00f6chenunterschied<\/strong><\/td>\n<td><strong>\u2191\u2193<\/strong>\u00a0ca. 800m<\/td>\n<\/tr>\n<\/tbody>\n<\/table>\n<p>[\/et_pb_text][et_pb_text _builder_version=&#8220;4.8.1&#8243; _module_preset=&#8220;default&#8220;]<\/p>\n<h3>Preis pro Person<\/h3>\n<p>[\/et_pb_text][et_pb_text _builder_version=&#8220;4.8.1&#8243; _module_preset=&#8220;default&#8220; custom_margin=&#8220;-20px||||false|false&#8220;]<\/p>\n<table>\n<tbody>\n<tr>\n<td>ab 3 Personen<\/td>\n<td>CHF 225.-<\/td>\n<\/tr>\n<tr>\n<td>Gruppen<\/td>\n<td>auf Anfrage<\/td>\n<\/tr>\n<\/tbody>\n<\/table>\n<p>[\/et_pb_text][et_pb_button button_url=&#8220;@ET-DC@eyJkeW5hbWljIjp0cnVlLCJjb250ZW50IjoicG9zdF9saW5rX3VybF9wYWdlIiwic2V0dGluZ3MiOnsicG9zdF9pZCI6IjEzMyJ9fQ==@&#8220; button_text=&#8220;zum Tourenkalender&#8220; button_alignment=&#8220;center&#8220; _builder_version=&#8220;4.8.1&#8243; _dynamic_attributes=&#8220;button_url&#8220; _module_preset=&#8220;default&#8220;][\/et_pb_button][et_pb_text _builder_version=&#8220;4.8.1&#8243; _module_preset=&#8220;default&#8220; global_module=&#8220;1767&#8243;]<\/p>\n<h3>Unterlagen<\/h3>\n<p><img decoding=\"async\" data-src=\"https:\/\/wander-kathi.li\/wp-content\/uploads\/2021\/01\/wander-kathi_pfeil_unten.png\" width=\"15\" height=\"15\" alt=\"wander-kathi_pfeil_unten\" class=\"wp-image-321 alignnone size-full lazyload\" src=\"data:image\/svg+xml;base64,PHN2ZyB3aWR0aD0iMSIgaGVpZ2h0PSIxIiB4bWxucz0iaHR0cDovL3d3dy53My5vcmcvMjAwMC9zdmciPjwvc3ZnPg==\" style=\"--smush-placeholder-width: 15px; --smush-placeholder-aspect-ratio: 15\/15;\" \/>\u00a0<a href=\"https:\/\/wander-kathi.li\/wp-content\/uploads\/2023\/11\/Packliste-Sommertour.pdf\">Ausr\u00fcstungsliste<\/a><br \/> <img decoding=\"async\" data-src=\"https:\/\/wander-kathi.li\/wp-content\/uploads\/2021\/01\/wander-kathi_pfeil_unten.png\" width=\"15\" height=\"15\" alt=\"wander-kathi_pfeil_unten\" class=\"wp-image-321 alignnone size-full lazyload\" src=\"data:image\/svg+xml;base64,PHN2ZyB3aWR0aD0iMSIgaGVpZ2h0PSIxIiB4bWxucz0iaHR0cDovL3d3dy53My5vcmcvMjAwMC9zdmciPjwvc3ZnPg==\" style=\"--smush-placeholder-width: 15px; --smush-placeholder-aspect-ratio: 15\/15;\" \/>\u00a0<a href=\"https:\/\/wander-kathi.li\/wp-content\/uploads\/2021\/01\/Allgemeine-Geschaeftsbedingungen.pdf\" target=\"_blank\" rel=\"noopener noreferrer\">Allgemeine Gesch\u00e4ftsbedingungen<\/a><\/p>\n<p>[\/et_pb_text][et_pb_text _builder_version=&#8220;4.8.1&#8243; _module_preset=&#8220;default&#8220;]<\/p>\n<h3>Individuelle Anfrage<\/h3>\n<p>[\/et_pb_text][et_pb_contact_form _builder_version=&#8220;4.8.1&#8243; _module_preset=&#8220;default&#8220; background_color=&#8220;RGBA(0,0,0,0)&#8220; global_module=&#8220;1743&#8243;][et_pb_contact_field field_id=&#8220;Name_2&#8243; field_title=&#8220;Name *&#8220; _builder_version=&#8220;4.8.1&#8243; button_text_size__hover_enabled=&#8220;off&#8220; button_one_text_size__hover_enabled=&#8220;off&#8220; button_two_text_size__hover_enabled=&#8220;off&#8220; button_text_color__hover_enabled=&#8220;off&#8220; button_one_text_color__hover_enabled=&#8220;off&#8220; button_two_text_color__hover_enabled=&#8220;off&#8220; button_border_width__hover_enabled=&#8220;off&#8220; button_one_border_width__hover_enabled=&#8220;off&#8220; button_two_border_width__hover_enabled=&#8220;off&#8220; button_border_color__hover_enabled=&#8220;off&#8220; button_one_border_color__hover_enabled=&#8220;off&#8220; button_two_border_color__hover_enabled=&#8220;off&#8220; button_border_radius__hover_enabled=&#8220;off&#8220; button_one_border_radius__hover_enabled=&#8220;off&#8220; button_two_border_radius__hover_enabled=&#8220;off&#8220; button_letter_spacing__hover_enabled=&#8220;off&#8220; button_one_letter_spacing__hover_enabled=&#8220;off&#8220; button_two_letter_spacing__hover_enabled=&#8220;off&#8220; button_bg_color__hover_enabled=&#8220;off&#8220; button_one_bg_color__hover_enabled=&#8220;off&#8220; button_two_bg_color__hover_enabled=&#8220;off&#8220;][\/et_pb_contact_field][et_pb_contact_field field_id=&#8220;Email&#8220; field_title=&#8220;E-Mail-Adresse *&#8220; field_type=&#8220;email&#8220; _builder_version=&#8220;4.8.1&#8243; button_text_size__hover_enabled=&#8220;off&#8220; button_one_text_size__hover_enabled=&#8220;off&#8220; button_two_text_size__hover_enabled=&#8220;off&#8220; button_text_color__hover_enabled=&#8220;off&#8220; button_one_text_color__hover_enabled=&#8220;off&#8220; button_two_text_color__hover_enabled=&#8220;off&#8220; button_border_width__hover_enabled=&#8220;off&#8220; button_one_border_width__hover_enabled=&#8220;off&#8220; button_two_border_width__hover_enabled=&#8220;off&#8220; button_border_color__hover_enabled=&#8220;off&#8220; button_one_border_color__hover_enabled=&#8220;off&#8220; button_two_border_color__hover_enabled=&#8220;off&#8220; button_border_radius__hover_enabled=&#8220;off&#8220; button_one_border_radius__hover_enabled=&#8220;off&#8220; button_two_border_radius__hover_enabled=&#8220;off&#8220; button_letter_spacing__hover_enabled=&#8220;off&#8220; button_one_letter_spacing__hover_enabled=&#8220;off&#8220; button_two_letter_spacing__hover_enabled=&#8220;off&#8220; button_bg_color__hover_enabled=&#8220;off&#8220; button_one_bg_color__hover_enabled=&#8220;off&#8220; button_two_bg_color__hover_enabled=&#8220;off&#8220;][\/et_pb_contact_field][et_pb_contact_field field_id=&#8220;Anzahl_Teilnehmer&#8220; field_title=&#8220;Anzahl Teilnehmer *&#8220; field_type=&#8220;select&#8220; select_options=&#8220;%91{%22value%22:%221%22,%22checked%22:0,%22dragID%22:-1},{%22value%22:%222%22,%22checked%22:0,%22dragID%22:0},{%22value%22:%223%22,%22checked%22:0,%22dragID%22:1},{%22value%22:%224%22,%22checked%22:0,%22dragID%22:2},{%22value%22:%225%22,%22checked%22:0,%22dragID%22:3},{%22value%22:%226%22,%22checked%22:0,%22dragID%22:4},{%22value%22:%227%22,%22checked%22:0,%22dragID%22:5},{%22value%22:%228%22,%22checked%22:0,%22dragID%22:6},{%22value%22:%229%22,%22checked%22:0,%22dragID%22:7}%93&#8243; _builder_version=&#8220;4.8.1&#8243; _module_preset=&#8220;default&#8220;][\/et_pb_contact_field][et_pb_contact_field field_id=&#8220;Telefonnummer&#8220; field_title=&#8220;Telefonnummer *&#8220; _builder_version=&#8220;4.8.1&#8243; button_text_size__hover_enabled=&#8220;off&#8220; button_one_text_size__hover_enabled=&#8220;off&#8220; button_two_text_size__hover_enabled=&#8220;off&#8220; button_text_color__hover_enabled=&#8220;off&#8220; button_one_text_color__hover_enabled=&#8220;off&#8220; button_two_text_color__hover_enabled=&#8220;off&#8220; button_border_width__hover_enabled=&#8220;off&#8220; button_one_border_width__hover_enabled=&#8220;off&#8220; button_two_border_width__hover_enabled=&#8220;off&#8220; button_border_color__hover_enabled=&#8220;off&#8220; button_one_border_color__hover_enabled=&#8220;off&#8220; button_two_border_color__hover_enabled=&#8220;off&#8220; button_border_radius__hover_enabled=&#8220;off&#8220; button_one_border_radius__hover_enabled=&#8220;off&#8220; button_two_border_radius__hover_enabled=&#8220;off&#8220; button_letter_spacing__hover_enabled=&#8220;off&#8220; button_one_letter_spacing__hover_enabled=&#8220;off&#8220; button_two_letter_spacing__hover_enabled=&#8220;off&#8220; button_bg_color__hover_enabled=&#8220;off&#8220; button_one_bg_color__hover_enabled=&#8220;off&#8220; button_two_bg_color__hover_enabled=&#8220;off&#8220;][\/et_pb_contact_field][et_pb_contact_field field_id=&#8220;Nachricht&#8220; field_title=&#8220;Nachricht&#8220; field_type=&#8220;text&#8220; required_mark=&#8220;off&#8220; fullwidth_field=&#8220;on&#8220; _builder_version=&#8220;4.8.1&#8243; button_text_size__hover_enabled=&#8220;off&#8220; button_one_text_size__hover_enabled=&#8220;off&#8220; button_two_text_size__hover_enabled=&#8220;off&#8220; button_text_color__hover_enabled=&#8220;off&#8220; button_one_text_color__hover_enabled=&#8220;off&#8220; button_two_text_color__hover_enabled=&#8220;off&#8220; button_border_width__hover_enabled=&#8220;off&#8220; button_one_border_width__hover_enabled=&#8220;off&#8220; button_two_border_width__hover_enabled=&#8220;off&#8220; button_border_color__hover_enabled=&#8220;off&#8220; button_one_border_color__hover_enabled=&#8220;off&#8220; button_two_border_color__hover_enabled=&#8220;off&#8220; button_border_radius__hover_enabled=&#8220;off&#8220; button_one_border_radius__hover_enabled=&#8220;off&#8220; button_two_border_radius__hover_enabled=&#8220;off&#8220; button_letter_spacing__hover_enabled=&#8220;off&#8220; button_one_letter_spacing__hover_enabled=&#8220;off&#8220; button_two_letter_spacing__hover_enabled=&#8220;off&#8220; button_bg_color__hover_enabled=&#8220;off&#8220; button_one_bg_color__hover_enabled=&#8220;off&#8220; button_two_bg_color__hover_enabled=&#8220;off&#8220;][\/et_pb_contact_field][et_pb_contact_field field_id=&#8220;DSGVO-Einverst\u00e4ndnis_*&#8220; field_title=&#8220;DSGVO-Einverst\u00e4ndnis *&#8220; field_type=&#8220;checkbox&#8220; checkbox_options=&#8220;%91{%22value%22:%22Ich willige ein, dass Wander-Kathi GmbH meine personenbezogenen Daten %91z.B. die E-Mail-Adresse%93 verarbeiten darf. Du kannst Deine Einwilligung jederzeit widerrufen.%22,%22checked%22:0,%22dragID%22:-1}%93&#8243; fullwidth_field=&#8220;on&#8220; _builder_version=&#8220;4.8.1&#8243; _module_preset=&#8220;default&#8220;][\/et_pb_contact_field][et_pb_contact_field field_id=&#8220;event_name&#8220; field_title=&#8220;Event Name&#8220; fullwidth_field=&#8220;on&#8220; _builder_version=&#8220;4.8.1&#8243; _module_preset=&#8220;default&#8220; custom_css_main_element=&#8220;display:none;&#8220;][\/et_pb_contact_field][et_pb_contact_field field_id=&#8220;event_url&#8220; field_title=&#8220;Event URL&#8220; fullwidth_field=&#8220;on&#8220; _builder_version=&#8220;4.8.1&#8243; _module_preset=&#8220;default&#8220; custom_css_main_element=&#8220;display:none;&#8220;][\/et_pb_contact_field][\/et_pb_contact_form][\/et_pb_column][\/et_pb_row][\/et_pb_section]<\/p>\n<span class=\"et_bloom_bottom_trigger\"><\/span>","protected":false},"excerpt":{"rendered":"<p>Tagestour ins Blumenmeer oberhalb des RheintalsKomm mit, ich zeige dir das \u00fcberw\u00e4ltigende\u00a0Blumenmeer\u00a0oberhalb des\u00a0Rheintals\u00a0auf dieser\u00a0Tagestour. Eine farbenfrohe\u00a0Blumenwanderung.Programm Wir starten fr\u00fch morgens unsere Wanderung im\u00a0Steg im F\u00fcrstentum Liechtenstein\u00a0und steigen anfangs im Wald, dann \u00fcber den Grat auf zum\u00a0Goldlochkamm. Auf dieser\u00a0Tagestour\u00a0begleitet uns immer das\u00a0Rheintal\u00a0zu unserer Rechten. Das\u00a0Alpenpanorama\u00a0und der Blick zum\u00a0Alpstein\u00a0und zur\u00a0Alvierkette\u00a0ist atemberaubend. Am\u00a0Goldlochkamm\u00a0erwartet uns die einmalige\u00a0Alpenflora, die Bergwiese [&hellip;]<\/p>\n","protected":false},"author":1,"featured_media":0,"parent":0,"menu_order":9001,"comment_status":"closed","ping_status":"closed","template":"","meta":{"_et_pb_use_builder":"on","_et_pb_old_content":"","_et_gb_content_width":"","footnotes":""},"class_list":["post-1266","page","type-page","status-publish","hentry"],"_links":{"self":[{"href":"https:\/\/wander-kathi.li\/en\/wp-json\/wp\/v2\/pages\/1266","targetHints":{"allow":["GET"]}}],"collection":[{"href":"https:\/\/wander-kathi.li\/en\/wp-json\/wp\/v2\/pages"}],"about":[{"href":"https:\/\/wander-kathi.li\/en\/wp-json\/wp\/v2\/types\/page"}],"author":[{"embeddable":true,"href":"https:\/\/wander-kathi.li\/en\/wp-json\/wp\/v2\/users\/1"}],"replies":[{"embeddable":true,"href":"https:\/\/wander-kathi.li\/en\/wp-json\/wp\/v2\/comments?post=1266"}],"version-history":[{"count":10,"href":"https:\/\/wander-kathi.li\/en\/wp-json\/wp\/v2\/pages\/1266\/revisions"}],"predecessor-version":[{"id":5156,"href":"https:\/\/wander-kathi.li\/en\/wp-json\/wp\/v2\/pages\/1266\/revisions\/5156"}],"wp:attachment":[{"href":"https:\/\/wander-kathi.li\/en\/wp-json\/wp\/v2\/media?parent=1266"}],"curies":[{"name":"wp","href":"https:\/\/api.w.org\/{rel}","templated":true}]}}