{"id":1418,"date":"2021-01-22T12:50:47","date_gmt":"2021-01-22T11:50:47","guid":{"rendered":"https:\/\/wander-kathi.li\/?page_id=1418"},"modified":"2023-11-28T10:57:56","modified_gmt":"2023-11-28T09:57:56","slug":"schneeschuh-schnupperkurs","status":"publish","type":"page","link":"https:\/\/wander-kathi.li\/en\/schneeschuh-schnupperkurs\/","title":{"rendered":"Schneeschuh Schnupperkurs"},"content":{"rendered":"<p>[et_pb_section fb_built=&#8220;1&#8243; _builder_version=&#8220;4.16&#8243; _module_preset=&#8220;default&#8220; saved_tabs=&#8220;all&#8220; global_colors_info=&#8220;{}&#8220;][et_pb_row _builder_version=&#8220;4.16&#8243; _module_preset=&#8220;default&#8220; global_colors_info=&#8220;{}&#8220;][et_pb_column type=&#8220;4_4&#8243; _builder_version=&#8220;4.16&#8243; _module_preset=&#8220;default&#8220; global_colors_info=&#8220;{}&#8220;][et_pb_text _builder_version=&#8220;4.16&#8243; _module_preset=&#8220;default&#8220; global_colors_info=&#8220;{}&#8220;]<\/p>\n<h1 class=\"entry-header\" style=\"text-align: center;\">Schneeschuh Schnupperkurs<\/h1>\n<p>[\/et_pb_text][et_pb_text _builder_version=&#8220;4.16&#8243; _module_preset=&#8220;default&#8220; global_colors_info=&#8220;{}&#8220;]<\/p>\n<p style=\"text-align: center;\"><strong>Schneeschuhlaufen<\/strong> ist kinderleicht, noch leichter geht es mit einer Einf\u00fchrung in die richtige Technik.<\/p>\n<p>[\/et_pb_text][\/et_pb_column][\/et_pb_row][et_pb_row _builder_version=&#8220;4.16&#8243; _module_preset=&#8220;default&#8220; module_alignment=&#8220;center&#8220; global_colors_info=&#8220;{}&#8220;][et_pb_column type=&#8220;4_4&#8243; _builder_version=&#8220;4.16&#8243; _module_preset=&#8220;default&#8220; global_colors_info=&#8220;{}&#8220;][et_pb_gallery gallery_ids=&#8220;1429,1430,1431,1432,1433,1434,1435,1436&#8243; gallery_orderby=&#8220;rand&#8220; posts_number=&#8220;3&#8243; show_title_and_caption=&#8220;off&#8220; show_pagination=&#8220;off&#8220; _builder_version=&#8220;4.16&#8243; _module_preset=&#8220;default&#8220; text_orientation=&#8220;left&#8220; custom_css_gallery_item=&#8220;width: 31.33% !important;||margin: 1% !important;||clear: none !important;&#8220; global_colors_info=&#8220;{}&#8220;][\/et_pb_gallery][\/et_pb_column][\/et_pb_row][et_pb_row column_structure=&#8220;3_5,2_5&#8243; _builder_version=&#8220;4.16&#8243; _module_preset=&#8220;default&#8220; global_colors_info=&#8220;{}&#8220;][et_pb_column type=&#8220;3_5&#8243; _builder_version=&#8220;4.16&#8243; _module_preset=&#8220;default&#8220; global_colors_info=&#8220;{}&#8220;][et_pb_text _builder_version=&#8220;4.16&#8243; _module_preset=&#8220;default&#8220; global_colors_info=&#8220;{}&#8220;]<\/p>\n<h3 style=\"text-align: justify;\">Programm<\/h3>\n<p><span>Ich erkl\u00e4re euch in Verbindung mit einer <strong>Anf\u00e4ngertour<\/strong>\u00a0einige Grundlagen in den schneeschuhrelevanten Bereichen wie <strong>Gehtechnik<\/strong>, <strong>Material<\/strong>, <strong>Ausr\u00fcstung<\/strong>, <strong>Lawinenbericht<\/strong> (woher bekomme ich die neuesten Informationen), <strong>Risikoeinsch\u00e4tzung<\/strong>, was gilt es in der <strong>Natur<\/strong> insbesondere in <strong>Wildruhe<\/strong>&#8211; und <strong>Wildschutzzonen<\/strong> zu beachten, welches ist die beste Technik im steilen Gel\u00e4nde usw.<\/span><\/p>\n<p>[\/et_pb_text][et_pb_text _builder_version=&#8220;4.16&#8243; _module_preset=&#8220;default&#8220; global_colors_info=&#8220;{}&#8220;]<\/p>\n<h3 class=\"mt-4\">Inkludierte Leistungen<\/h3>\n<p><img decoding=\"async\" class=\"wp-image-208 alignnone size-full lazyload\" data-src=\"https:\/\/wander-kathi.li\/wp-content\/uploads\/2021\/01\/wander-kathi_haekchen.png\" alt=\"\" width=\"15\" height=\"15\" src=\"data:image\/svg+xml;base64,PHN2ZyB3aWR0aD0iMSIgaGVpZ2h0PSIxIiB4bWxucz0iaHR0cDovL3d3dy53My5vcmcvMjAwMC9zdmciPjwvc3ZnPg==\" style=\"--smush-placeholder-width: 15px; --smush-placeholder-aspect-ratio: 15\/15;\" \/> F\u00fchrung durch staatlich gepr\u00fcfte Wanderf\u00fchrerin<br \/><img decoding=\"async\" class=\"wp-image-208 alignnone size-full lazyload\" data-src=\"https:\/\/wander-kathi.li\/wp-content\/uploads\/2021\/01\/wander-kathi_haekchen.png\" alt=\"\" width=\"15\" height=\"15\" src=\"data:image\/svg+xml;base64,PHN2ZyB3aWR0aD0iMSIgaGVpZ2h0PSIxIiB4bWxucz0iaHR0cDovL3d3dy53My5vcmcvMjAwMC9zdmciPjwvc3ZnPg==\" style=\"--smush-placeholder-width: 15px; --smush-placeholder-aspect-ratio: 15\/15;\" \/> Alle Kosten f\u00fcr die Wanderf\u00fchrerin<br \/><img decoding=\"async\" class=\"wp-image-208 alignnone size-full lazyload\" data-src=\"https:\/\/wander-kathi.li\/wp-content\/uploads\/2021\/01\/wander-kathi_haekchen.png\" alt=\"\" width=\"15\" height=\"15\" src=\"data:image\/svg+xml;base64,PHN2ZyB3aWR0aD0iMSIgaGVpZ2h0PSIxIiB4bWxucz0iaHR0cDovL3d3dy53My5vcmcvMjAwMC9zdmciPjwvc3ZnPg==\" style=\"--smush-placeholder-width: 15px; --smush-placeholder-aspect-ratio: 15\/15;\" \/>\u00a0Gl\u00fchwein, Punsch oder Kaffee mit Schuss<\/p>\n<p>[\/et_pb_text][et_pb_text _builder_version=&#8220;4.16&#8243; _module_preset=&#8220;default&#8220; global_colors_info=&#8220;{}&#8220;]<\/p>\n<h3 class=\"mt-4\">Teilnahmevoraussetzungen<\/h3>\n<p><img decoding=\"async\" class=\"wp-image-207 alignnone size-full lazyload\" data-src=\"https:\/\/wander-kathi.li\/wp-content\/uploads\/2021\/01\/wander-kathi_ausrufezeichen.png\" alt=\"\" width=\"15\" height=\"15\" src=\"data:image\/svg+xml;base64,PHN2ZyB3aWR0aD0iMSIgaGVpZ2h0PSIxIiB4bWxucz0iaHR0cDovL3d3dy53My5vcmcvMjAwMC9zdmciPjwvc3ZnPg==\" style=\"--smush-placeholder-width: 15px; --smush-placeholder-aspect-ratio: 15\/15;\" \/>Keine<\/p>\n<p>[\/et_pb_text][et_pb_text _builder_version=&#8220;4.16&#8243; _module_preset=&#8220;default&#8220; global_colors_info=&#8220;{}&#8220;]<\/p>\n<h3 class=\"mt-4\">Zusatzkosten<\/h3>\n<p><img decoding=\"async\" class=\"wp-image-206 alignnone size-full lazyload\" data-src=\"https:\/\/wander-kathi.li\/wp-content\/uploads\/2021\/01\/wander-kathi_plus.png\" alt=\"\" width=\"15\" height=\"15\" src=\"data:image\/svg+xml;base64,PHN2ZyB3aWR0aD0iMSIgaGVpZ2h0PSIxIiB4bWxucz0iaHR0cDovL3d3dy53My5vcmcvMjAwMC9zdmciPjwvc3ZnPg==\" style=\"--smush-placeholder-width: 15px; --smush-placeholder-aspect-ratio: 15\/15;\" \/>\u00a0Kosten f\u00fcr An- und Abreise<br \/> <img decoding=\"async\" class=\"wp-image-206 alignnone size-full lazyload\" data-src=\"https:\/\/wander-kathi.li\/wp-content\/uploads\/2021\/01\/wander-kathi_plus.png\" alt=\"\" width=\"15\" height=\"15\" src=\"data:image\/svg+xml;base64,PHN2ZyB3aWR0aD0iMSIgaGVpZ2h0PSIxIiB4bWxucz0iaHR0cDovL3d3dy53My5vcmcvMjAwMC9zdmciPjwvc3ZnPg==\" style=\"--smush-placeholder-width: 15px; --smush-placeholder-aspect-ratio: 15\/15;\" \/> Individuelle Verpflegung<br \/><img decoding=\"async\" class=\"wp-image-206 alignnone size-full lazyload\" data-src=\"https:\/\/wander-kathi.li\/wp-content\/uploads\/2021\/01\/wander-kathi_plus.png\" alt=\"\" width=\"15\" height=\"15\" src=\"data:image\/svg+xml;base64,PHN2ZyB3aWR0aD0iMSIgaGVpZ2h0PSIxIiB4bWxucz0iaHR0cDovL3d3dy53My5vcmcvMjAwMC9zdmciPjwvc3ZnPg==\" style=\"--smush-placeholder-width: 15px; --smush-placeholder-aspect-ratio: 15\/15;\" \/> Schneeschuh- und Teleskopstock-Miete *<\/p>\n<p>* kann f\u00fcr die Dauer der Tour gegen Aufpreis von CHF 18.- pro Set gemietet werden<\/p>\n<p>[\/et_pb_text][\/et_pb_column][et_pb_column type=&#8220;2_5&#8243; _builder_version=&#8220;4.16&#8243; _module_preset=&#8220;default&#8220; global_colors_info=&#8220;{}&#8220;][et_pb_text _builder_version=&#8220;4.16&#8243; _module_preset=&#8220;default&#8220; global_colors_info=&#8220;{}&#8220;]<\/p>\n<h3>Eckdaten<\/h3>\n<p>[\/et_pb_text][et_pb_text _builder_version=&#8220;4.16&#8243; _module_preset=&#8220;default&#8220; background_color=&#8220;RGBA(0,0,0,0)&#8220; custom_margin=&#8220;-20px||||false|false&#8220; custom_padding=&#8220;0px||0px||false|false&#8220; global_colors_info=&#8220;{}&#8220;]<\/p>\n<table>\n<tbody>\n<tr>\n<td><strong>Dauer<\/strong><\/td>\n<td>ca. 2 bis 2.5 Stunden<\/td>\n<\/tr>\n<tr>\n<td><strong>Schwierigkeit<\/strong><\/td>\n<td><img decoding=\"async\" data-src=\"https:\/\/wander-kathi.li\/wp-content\/uploads\/2021\/01\/wander-kathi_wanderschuhe_001.png\" width=\"15\" height=\"30\" alt=\"\" class=\"wp-image-216 alignnone size-full lazyload\" src=\"data:image\/svg+xml;base64,PHN2ZyB3aWR0aD0iMSIgaGVpZ2h0PSIxIiB4bWxucz0iaHR0cDovL3d3dy53My5vcmcvMjAwMC9zdmciPjwvc3ZnPg==\" style=\"--smush-placeholder-width: 15px; --smush-placeholder-aspect-ratio: 15\/30;\" \/>\u00a0\u00a0<img decoding=\"async\" data-src=\"https:\/\/wander-kathi.li\/wp-content\/uploads\/2021\/01\/wander-kathi_wanderschuhe_002.png\" width=\"15\" height=\"30\" alt=\"\" class=\"wp-image-217 alignnone size-full lazyload\" src=\"data:image\/svg+xml;base64,PHN2ZyB3aWR0aD0iMSIgaGVpZ2h0PSIxIiB4bWxucz0iaHR0cDovL3d3dy53My5vcmcvMjAwMC9zdmciPjwvc3ZnPg==\" style=\"--smush-placeholder-width: 15px; --smush-placeholder-aspect-ratio: 15\/30;\" \/>\u00a0\u00a0<img decoding=\"async\" data-src=\"https:\/\/wander-kathi.li\/wp-content\/uploads\/2021\/01\/wander-kathi_wanderschuhe_002.png\" width=\"15\" height=\"30\" alt=\"\" class=\"wp-image-217 alignnone size-full lazyload\" src=\"data:image\/svg+xml;base64,PHN2ZyB3aWR0aD0iMSIgaGVpZ2h0PSIxIiB4bWxucz0iaHR0cDovL3d3dy53My5vcmcvMjAwMC9zdmciPjwvc3ZnPg==\" style=\"--smush-placeholder-width: 15px; --smush-placeholder-aspect-ratio: 15\/30;\" \/>\u00a0\u00a0<img decoding=\"async\" data-src=\"https:\/\/wander-kathi.li\/wp-content\/uploads\/2021\/01\/wander-kathi_wanderschuhe_002.png\" width=\"15\" height=\"30\" alt=\"\" class=\"wp-image-217 alignnone size-full lazyload\" src=\"data:image\/svg+xml;base64,PHN2ZyB3aWR0aD0iMSIgaGVpZ2h0PSIxIiB4bWxucz0iaHR0cDovL3d3dy53My5vcmcvMjAwMC9zdmciPjwvc3ZnPg==\" style=\"--smush-placeholder-width: 15px; --smush-placeholder-aspect-ratio: 15\/30;\" \/>\u00a0\u00a0<img decoding=\"async\" data-src=\"https:\/\/wander-kathi.li\/wp-content\/uploads\/2021\/01\/wander-kathi_wanderschuhe_002.png\" width=\"15\" height=\"30\" alt=\"\" class=\"wp-image-217 alignnone size-full lazyload\" src=\"data:image\/svg+xml;base64,PHN2ZyB3aWR0aD0iMSIgaGVpZ2h0PSIxIiB4bWxucz0iaHR0cDovL3d3dy53My5vcmcvMjAwMC9zdmciPjwvc3ZnPg==\" style=\"--smush-placeholder-width: 15px; --smush-placeholder-aspect-ratio: 15\/30;\" \/><\/td>\n<\/tr>\n<tr>\n<td><strong>Ausdauer<\/strong><\/td>\n<td><img decoding=\"async\" data-src=\"https:\/\/wander-kathi.li\/wp-content\/uploads\/2021\/01\/wander-kathi_ausdauer_001.png\" width=\"22\" height=\"22\" alt=\"\" class=\"wp-image-214 alignnone size-full lazyload\" src=\"data:image\/svg+xml;base64,PHN2ZyB3aWR0aD0iMSIgaGVpZ2h0PSIxIiB4bWxucz0iaHR0cDovL3d3dy53My5vcmcvMjAwMC9zdmciPjwvc3ZnPg==\" style=\"--smush-placeholder-width: 22px; --smush-placeholder-aspect-ratio: 22\/22;\" \/><img decoding=\"async\" data-src=\"https:\/\/wander-kathi.li\/wp-content\/uploads\/2021\/01\/wander-kathi_ausdauer_001.png\" width=\"22\" height=\"22\" alt=\"\" class=\"wp-image-214 alignnone size-full lazyload\" src=\"data:image\/svg+xml;base64,PHN2ZyB3aWR0aD0iMSIgaGVpZ2h0PSIxIiB4bWxucz0iaHR0cDovL3d3dy53My5vcmcvMjAwMC9zdmciPjwvc3ZnPg==\" style=\"--smush-placeholder-width: 22px; --smush-placeholder-aspect-ratio: 22\/22;\" \/><img decoding=\"async\" data-src=\"https:\/\/wander-kathi.li\/wp-content\/uploads\/2021\/01\/wander-kathi_ausdauer_002.png\" width=\"22\" height=\"22\" alt=\"\" class=\"wp-image-215 alignnone size-full lazyload\" src=\"data:image\/svg+xml;base64,PHN2ZyB3aWR0aD0iMSIgaGVpZ2h0PSIxIiB4bWxucz0iaHR0cDovL3d3dy53My5vcmcvMjAwMC9zdmciPjwvc3ZnPg==\" style=\"--smush-placeholder-width: 22px; --smush-placeholder-aspect-ratio: 22\/22;\" \/><img decoding=\"async\" data-src=\"https:\/\/wander-kathi.li\/wp-content\/uploads\/2021\/01\/wander-kathi_ausdauer_002.png\" width=\"22\" height=\"22\" alt=\"\" class=\"wp-image-215 alignnone size-full lazyload\" src=\"data:image\/svg+xml;base64,PHN2ZyB3aWR0aD0iMSIgaGVpZ2h0PSIxIiB4bWxucz0iaHR0cDovL3d3dy53My5vcmcvMjAwMC9zdmciPjwvc3ZnPg==\" style=\"--smush-placeholder-width: 22px; --smush-placeholder-aspect-ratio: 22\/22;\" \/><img decoding=\"async\" data-src=\"https:\/\/wander-kathi.li\/wp-content\/uploads\/2021\/01\/wander-kathi_ausdauer_002.png\" width=\"22\" height=\"22\" alt=\"\" class=\"wp-image-215 alignnone size-full lazyload\" src=\"data:image\/svg+xml;base64,PHN2ZyB3aWR0aD0iMSIgaGVpZ2h0PSIxIiB4bWxucz0iaHR0cDovL3d3dy53My5vcmcvMjAwMC9zdmciPjwvc3ZnPg==\" style=\"--smush-placeholder-width: 22px; --smush-placeholder-aspect-ratio: 22\/22;\" \/><\/td>\n<\/tr>\n<tr>\n<td><strong>Teilnehmer<\/strong><\/td>\n<td>ab 4 Teilnehmer<\/td>\n<\/tr>\n<tr>\n<td><strong>H\u00f6chenunterschied<\/strong><\/td>\n<td><strong>\u2191\u2193<\/strong>\u00a0ca. 200m<\/td>\n<\/tr>\n<\/tbody>\n<\/table>\n<p>[\/et_pb_text][et_pb_text _builder_version=&#8220;4.16&#8243; _module_preset=&#8220;default&#8220; global_colors_info=&#8220;{}&#8220;]<\/p>\n<h3>Preis pro Person<\/h3>\n<p>[\/et_pb_text][et_pb_text _builder_version=&#8220;4.16&#8243; _module_preset=&#8220;default&#8220; custom_margin=&#8220;-20px||||false|false&#8220; global_colors_info=&#8220;{}&#8220;]<\/p>\n<table>\n<tbody>\n<tr>\n<td>ab 4 Personen<\/td>\n<td>CHF 85.-<\/td>\n<\/tr>\n<tr>\n<td>Gruppen<\/td>\n<td>auf Anfrage<\/td>\n<\/tr>\n<\/tbody>\n<\/table>\n<p>[\/et_pb_text][et_pb_text _builder_version=&#8220;4.21.0&#8243; _module_preset=&#8220;default&#8220; hover_enabled=&#8220;0&#8243; global_colors_info=&#8220;{}&#8220; sticky_enabled=&#8220;0&#8243; display_conditions=&#8220;W3siaWQiOiI2ZmVhZmNiMC0zN2Q1LTQwOTItOGNmMC02ZGRkOTBmNzgwNGEiLCJjb25kaXRpb24iOiJkYXRlVGltZSIsImNvbmRpdGlvblNldHRpbmdzIjp7ImRpc3BsYXlSdWxlIjoiaXNCZWZvcmUiLCJkYXRlIjoiMjAyNC0wNC0yMSIsInRpbWUiOiIwMDowMCIsIndlZWtkYXlzIjoifCIsImFsbERheSI6Im9uIiwiZnJvbVRpbWUiOiIwMDowMCIsInVudGlsVGltZSI6IjAwOjAwIiwicmVwZWF0Ijoib2ZmIiwicmVwZWF0RnJlcXVlbmN5IjoibW9udGhseSIsInJlcGVhdEZyZXF1ZW5jeVNwZWNpZmljRGF5cyI6IndlZWtseSIsInJlcGVhdEVuZCI6Im5ldmVyIiwicmVwZWF0VW50aWxEYXRlIjoiMjAyMy0xMS0yOCIsInJlcGVhdFRpbWVzIjoiMyIsImFkbWluTGFiZWwiOiJUZXJtaW56ZWl0IiwiZW5hYmxlQ29uZGl0aW9uIjoib24ifSwib3BlcmF0b3IiOiJPUiJ9XQ==&#8220;]<\/p>\n<h3>Datum<\/h3>\n<p>[\/et_pb_text][et_pb_text _builder_version=&#8220;4.21.0&#8243; _module_preset=&#8220;default&#8220; custom_margin=&#8220;-20px||||false|false&#8220; hover_enabled=&#8220;0&#8243; global_colors_info=&#8220;{}&#8220; display_conditions=&#8220;W3siaWQiOiJhN2IxMDMzMy02ZjEzLTRmODMtYTBjYi0zMGMzOGQ5MDE1ZDYiLCJjb25kaXRpb24iOiJkYXRlVGltZSIsImNvbmRpdGlvblNldHRpbmdzIjp7ImRpc3BsYXlSdWxlIjoiaXNCZWZvcmUiLCJkYXRlIjoiMjAyNC0wNC0yMSIsInRpbWUiOiIwMDowMCIsIndlZWtkYXlzIjoifCIsImFsbERheSI6Im9uIiwiZnJvbVRpbWUiOiIwMDowMCIsInVudGlsVGltZSI6IjAwOjAwIiwicmVwZWF0Ijoib2ZmIiwicmVwZWF0RnJlcXVlbmN5IjoibW9udGhseSIsInJlcGVhdEZyZXF1ZW5jeVNwZWNpZmljRGF5cyI6IndlZWtseSIsInJlcGVhdEVuZCI6Im5ldmVyIiwicmVwZWF0VW50aWxEYXRlIjoiMjAyMy0xMS0yOCIsInJlcGVhdFRpbWVzIjoiMyIsImFkbWluTGFiZWwiOiJUZXJtaW56ZWl0IiwiZW5hYmxlQ29uZGl0aW9uIjoib24ifSwib3BlcmF0b3IiOiJPUiJ9XQ==&#8220; sticky_enabled=&#8220;0&#8243;]<\/p>\n<table style=\"width: 239px;\">\n<tbody>\n<tr>\n<td style=\"width: 230.333px;\">03. und 17. Dezember 2023<\/td>\n<\/tr>\n<tr>\n<td style=\"width: 230.333px;\">07. und 21. Januar 2024<\/td>\n<\/tr>\n<tr>\n<td style=\"width: 230.333px;\">11. Februar 2024<\/td>\n<\/tr>\n<tr>\n<td style=\"width: 230.333px;\">10. M\u00e4rz 2024<\/td>\n<\/tr>\n<tr>\n<td style=\"width: 230.333px;\">07. und 21. April 2024<\/td>\n<\/tr>\n<\/tbody>\n<\/table>\n<p>[\/et_pb_text][et_pb_button button_url=&#8220;@ET-DC@eyJkeW5hbWljIjp0cnVlLCJjb250ZW50IjoicG9zdF9saW5rX3VybF9wYWdlIiwic2V0dGluZ3MiOnsicG9zdF9pZCI6IjEzMyJ9fQ==@&#8220; button_text=&#8220;zum Tourenkalender&#8220; button_alignment=&#8220;center&#8220; _builder_version=&#8220;4.16&#8243; _dynamic_attributes=&#8220;button_url&#8220; _module_preset=&#8220;default&#8220; global_colors_info=&#8220;{}&#8220;][\/et_pb_button][et_pb_text _builder_version=&#8220;4.21.0&#8243; _module_preset=&#8220;default&#8220; global_module=&#8220;1776&#8243; saved_tabs=&#8220;all&#8220; global_colors_info=&#8220;{}&#8220;]<\/p>\n<h3>Unterlagen<\/h3>\n<p><img decoding=\"async\" data-src=\"https:\/\/wander-kathi.li\/wp-content\/uploads\/2021\/01\/wander-kathi_pfeil_unten.png\" width=\"15\" height=\"15\" alt=\"wander-kathi_pfeil_unten\" class=\"wp-image-321 alignnone size-full lazyload\" src=\"data:image\/svg+xml;base64,PHN2ZyB3aWR0aD0iMSIgaGVpZ2h0PSIxIiB4bWxucz0iaHR0cDovL3d3dy53My5vcmcvMjAwMC9zdmciPjwvc3ZnPg==\" style=\"--smush-placeholder-width: 15px; --smush-placeholder-aspect-ratio: 15\/15;\" \/>\u00a0<a href=\"https:\/\/wander-kathi.li\/wp-content\/uploads\/2023\/11\/Packliste-Wintertour.pdf\" target=\"_blank\" rel=\"noopener\">Ausr\u00fcstungsliste<\/a><br \/><img decoding=\"async\" data-src=\"https:\/\/wander-kathi.li\/wp-content\/uploads\/2021\/01\/wander-kathi_pfeil_unten.png\" width=\"15\" height=\"15\" alt=\"wander-kathi_pfeil_unten\" class=\"wp-image-321 alignnone size-full lazyload\" src=\"data:image\/svg+xml;base64,PHN2ZyB3aWR0aD0iMSIgaGVpZ2h0PSIxIiB4bWxucz0iaHR0cDovL3d3dy53My5vcmcvMjAwMC9zdmciPjwvc3ZnPg==\" style=\"--smush-placeholder-width: 15px; --smush-placeholder-aspect-ratio: 15\/15;\" \/>\u00a0<a href=\"https:\/\/wander-kathi.li\/wp-content\/uploads\/2021\/01\/Allgemeine-Geschaeftsbedingungen.pdf\" target=\"_blank\" rel=\"noopener noreferrer\">Allgemeine Gesch\u00e4ftsbedingungen<\/a><\/p>\n<p>[\/et_pb_text][et_pb_text _builder_version=&#8220;4.16&#8243; _module_preset=&#8220;default&#8220; global_colors_info=&#8220;{}&#8220;]<\/p>\n<h3>Individuelle Anfrage<\/h3>\n<p>[\/et_pb_text][et_pb_contact_form _builder_version=&#8220;4.8.1&#8243; _module_preset=&#8220;default&#8220; _unique_id=&#8220;e4ef591c-f58a-4131-8d9d-88bf96b71683&#8243; background_color=&#8220;RGBA(0,0,0,0)&#8220; global_module=&#8220;1743&#8243; global_colors_info=&#8220;{}&#8220;][et_pb_contact_field field_id=&#8220;Name_2&#8243; field_title=&#8220;Name *&#8220; _builder_version=&#8220;4.16&#8243; global_colors_info=&#8220;{}&#8220; button_text_size__hover_enabled=&#8220;off&#8220; button_one_text_size__hover_enabled=&#8220;off&#8220; button_two_text_size__hover_enabled=&#8220;off&#8220; button_text_color__hover_enabled=&#8220;off&#8220; button_one_text_color__hover_enabled=&#8220;off&#8220; button_two_text_color__hover_enabled=&#8220;off&#8220; button_border_width__hover_enabled=&#8220;off&#8220; button_one_border_width__hover_enabled=&#8220;off&#8220; button_two_border_width__hover_enabled=&#8220;off&#8220; button_border_color__hover_enabled=&#8220;off&#8220; button_one_border_color__hover_enabled=&#8220;off&#8220; button_two_border_color__hover_enabled=&#8220;off&#8220; button_border_radius__hover_enabled=&#8220;off&#8220; button_one_border_radius__hover_enabled=&#8220;off&#8220; button_two_border_radius__hover_enabled=&#8220;off&#8220; button_letter_spacing__hover_enabled=&#8220;off&#8220; button_one_letter_spacing__hover_enabled=&#8220;off&#8220; button_two_letter_spacing__hover_enabled=&#8220;off&#8220; button_bg_color__hover_enabled=&#8220;off&#8220; button_one_bg_color__hover_enabled=&#8220;off&#8220; button_two_bg_color__hover_enabled=&#8220;off&#8220;][\/et_pb_contact_field][et_pb_contact_field field_id=&#8220;Email&#8220; field_title=&#8220;E-Mail-Adresse *&#8220; field_type=&#8220;email&#8220; _builder_version=&#8220;4.16&#8243; global_colors_info=&#8220;{}&#8220; button_text_size__hover_enabled=&#8220;off&#8220; button_one_text_size__hover_enabled=&#8220;off&#8220; button_two_text_size__hover_enabled=&#8220;off&#8220; button_text_color__hover_enabled=&#8220;off&#8220; button_one_text_color__hover_enabled=&#8220;off&#8220; button_two_text_color__hover_enabled=&#8220;off&#8220; button_border_width__hover_enabled=&#8220;off&#8220; button_one_border_width__hover_enabled=&#8220;off&#8220; button_two_border_width__hover_enabled=&#8220;off&#8220; button_border_color__hover_enabled=&#8220;off&#8220; button_one_border_color__hover_enabled=&#8220;off&#8220; button_two_border_color__hover_enabled=&#8220;off&#8220; button_border_radius__hover_enabled=&#8220;off&#8220; button_one_border_radius__hover_enabled=&#8220;off&#8220; button_two_border_radius__hover_enabled=&#8220;off&#8220; button_letter_spacing__hover_enabled=&#8220;off&#8220; button_one_letter_spacing__hover_enabled=&#8220;off&#8220; button_two_letter_spacing__hover_enabled=&#8220;off&#8220; button_bg_color__hover_enabled=&#8220;off&#8220; button_one_bg_color__hover_enabled=&#8220;off&#8220; button_two_bg_color__hover_enabled=&#8220;off&#8220;][\/et_pb_contact_field][et_pb_contact_field field_id=&#8220;Anzahl_Teilnehmer&#8220; field_title=&#8220;Anzahl Teilnehmer *&#8220; field_type=&#8220;select&#8220; select_options=&#8220;%91{%22value%22:%221%22,%22checked%22:0,%22dragID%22:-1},{%22value%22:%222%22,%22checked%22:0,%22dragID%22:0},{%22value%22:%223%22,%22checked%22:0,%22dragID%22:1},{%22value%22:%224%22,%22checked%22:0,%22dragID%22:2},{%22value%22:%225%22,%22checked%22:0,%22dragID%22:3},{%22value%22:%226%22,%22checked%22:0,%22dragID%22:4},{%22value%22:%227%22,%22checked%22:0,%22dragID%22:5},{%22value%22:%228%22,%22checked%22:0,%22dragID%22:6},{%22value%22:%229%22,%22checked%22:0,%22dragID%22:7}%93&#8243; _builder_version=&#8220;4.16&#8243; _module_preset=&#8220;default&#8220; global_colors_info=&#8220;{}&#8220;][\/et_pb_contact_field][et_pb_contact_field field_id=&#8220;Telefonnummer&#8220; field_title=&#8220;Telefonnummer *&#8220; _builder_version=&#8220;4.16&#8243; global_colors_info=&#8220;{}&#8220; button_text_size__hover_enabled=&#8220;off&#8220; button_one_text_size__hover_enabled=&#8220;off&#8220; button_two_text_size__hover_enabled=&#8220;off&#8220; button_text_color__hover_enabled=&#8220;off&#8220; button_one_text_color__hover_enabled=&#8220;off&#8220; button_two_text_color__hover_enabled=&#8220;off&#8220; button_border_width__hover_enabled=&#8220;off&#8220; button_one_border_width__hover_enabled=&#8220;off&#8220; button_two_border_width__hover_enabled=&#8220;off&#8220; button_border_color__hover_enabled=&#8220;off&#8220; button_one_border_color__hover_enabled=&#8220;off&#8220; button_two_border_color__hover_enabled=&#8220;off&#8220; button_border_radius__hover_enabled=&#8220;off&#8220; button_one_border_radius__hover_enabled=&#8220;off&#8220; button_two_border_radius__hover_enabled=&#8220;off&#8220; button_letter_spacing__hover_enabled=&#8220;off&#8220; button_one_letter_spacing__hover_enabled=&#8220;off&#8220; button_two_letter_spacing__hover_enabled=&#8220;off&#8220; button_bg_color__hover_enabled=&#8220;off&#8220; button_one_bg_color__hover_enabled=&#8220;off&#8220; button_two_bg_color__hover_enabled=&#8220;off&#8220;][\/et_pb_contact_field][et_pb_contact_field field_id=&#8220;Nachricht&#8220; field_title=&#8220;Nachricht&#8220; field_type=&#8220;text&#8220; required_mark=&#8220;off&#8220; fullwidth_field=&#8220;on&#8220; _builder_version=&#8220;4.16&#8243; global_colors_info=&#8220;{}&#8220; button_text_size__hover_enabled=&#8220;off&#8220; button_one_text_size__hover_enabled=&#8220;off&#8220; button_two_text_size__hover_enabled=&#8220;off&#8220; button_text_color__hover_enabled=&#8220;off&#8220; button_one_text_color__hover_enabled=&#8220;off&#8220; button_two_text_color__hover_enabled=&#8220;off&#8220; button_border_width__hover_enabled=&#8220;off&#8220; button_one_border_width__hover_enabled=&#8220;off&#8220; button_two_border_width__hover_enabled=&#8220;off&#8220; button_border_color__hover_enabled=&#8220;off&#8220; button_one_border_color__hover_enabled=&#8220;off&#8220; button_two_border_color__hover_enabled=&#8220;off&#8220; button_border_radius__hover_enabled=&#8220;off&#8220; button_one_border_radius__hover_enabled=&#8220;off&#8220; button_two_border_radius__hover_enabled=&#8220;off&#8220; button_letter_spacing__hover_enabled=&#8220;off&#8220; button_one_letter_spacing__hover_enabled=&#8220;off&#8220; button_two_letter_spacing__hover_enabled=&#8220;off&#8220; button_bg_color__hover_enabled=&#8220;off&#8220; button_one_bg_color__hover_enabled=&#8220;off&#8220; button_two_bg_color__hover_enabled=&#8220;off&#8220;][\/et_pb_contact_field][et_pb_contact_field field_id=&#8220;DSGVO-Einverst\u00e4ndnis_*&#8220; field_title=&#8220;DSGVO-Einverst\u00e4ndnis *&#8220; field_type=&#8220;checkbox&#8220; checkbox_options=&#8220;%91{%22value%22:%22Ich willige ein, dass Wander-Kathi GmbH meine personenbezogenen Daten %91z.B. die E-Mail-Adresse%93 verarbeiten darf. Du kannst Deine Einwilligung jederzeit widerrufen.%22,%22checked%22:0,%22dragID%22:-1}%93&#8243; fullwidth_field=&#8220;on&#8220; _builder_version=&#8220;4.16&#8243; _module_preset=&#8220;default&#8220; global_colors_info=&#8220;{}&#8220;][\/et_pb_contact_field][et_pb_contact_field field_id=&#8220;event_name&#8220; field_title=&#8220;Event Name&#8220; fullwidth_field=&#8220;on&#8220; _builder_version=&#8220;4.16&#8243; _module_preset=&#8220;default&#8220; custom_css_main_element=&#8220;display:none;&#8220; global_colors_info=&#8220;{}&#8220;][\/et_pb_contact_field][et_pb_contact_field field_id=&#8220;event_url&#8220; field_title=&#8220;Event URL&#8220; fullwidth_field=&#8220;on&#8220; _builder_version=&#8220;4.16&#8243; _module_preset=&#8220;default&#8220; custom_css_main_element=&#8220;display:none;&#8220; global_colors_info=&#8220;{}&#8220;][\/et_pb_contact_field][\/et_pb_contact_form][\/et_pb_column][\/et_pb_row][\/et_pb_section]<\/p>\n<span class=\"et_bloom_bottom_trigger\"><\/span>","protected":false},"excerpt":{"rendered":"<p>Schneeschuh SchnupperkursSchneeschuhlaufen ist kinderleicht, noch leichter geht es mit einer Einf\u00fchrung in die richtige Technik.Programm Ich erkl\u00e4re euch in Verbindung mit einer Anf\u00e4ngertour\u00a0einige Grundlagen in den schneeschuhrelevanten Bereichen wie Gehtechnik, Material, Ausr\u00fcstung, Lawinenbericht (woher bekomme ich die neuesten Informationen), Risikoeinsch\u00e4tzung, was gilt es in der Natur insbesondere in Wildruhe- und Wildschutzzonen zu beachten, welches ist [&hellip;]<\/p>\n","protected":false},"author":1,"featured_media":0,"parent":0,"menu_order":7001,"comment_status":"closed","ping_status":"closed","template":"","meta":{"_et_pb_use_builder":"on","_et_pb_old_content":"","_et_gb_content_width":"","footnotes":""},"class_list":["post-1418","page","type-page","status-publish","hentry"],"_links":{"self":[{"href":"https:\/\/wander-kathi.li\/en\/wp-json\/wp\/v2\/pages\/1418","targetHints":{"allow":["GET"]}}],"collection":[{"href":"https:\/\/wander-kathi.li\/en\/wp-json\/wp\/v2\/pages"}],"about":[{"href":"https:\/\/wander-kathi.li\/en\/wp-json\/wp\/v2\/types\/page"}],"author":[{"embeddable":true,"href":"https:\/\/wander-kathi.li\/en\/wp-json\/wp\/v2\/users\/1"}],"replies":[{"embeddable":true,"href":"https:\/\/wander-kathi.li\/en\/wp-json\/wp\/v2\/comments?post=1418"}],"version-history":[{"count":10,"href":"https:\/\/wander-kathi.li\/en\/wp-json\/wp\/v2\/pages\/1418\/revisions"}],"predecessor-version":[{"id":5216,"href":"https:\/\/wander-kathi.li\/en\/wp-json\/wp\/v2\/pages\/1418\/revisions\/5216"}],"wp:attachment":[{"href":"https:\/\/wander-kathi.li\/en\/wp-json\/wp\/v2\/media?parent=1418"}],"curies":[{"name":"wp","href":"https:\/\/api.w.org\/{rel}","templated":true}]}}