{"id":15,"date":"2021-01-15T16:26:46","date_gmt":"2021-01-15T15:26:46","guid":{"rendered":"https:\/\/wander-kathi.li\/?page_id=15"},"modified":"2025-06-11T09:06:12","modified_gmt":"2025-06-11T07:06:12","slug":"dein-wander-guide-in-liechtenstein","status":"publish","type":"page","link":"https:\/\/wander-kathi.li\/en\/","title":{"rendered":"Home"},"content":{"rendered":"<p>[et_pb_section fb_built=&#8220;1&#8243; fullwidth=&#8220;on&#8220; _builder_version=&#8220;4.16&#8243; _module_preset=&#8220;default&#8220; animation_style=&#8220;fade&#8220; global_colors_info=&#8220;{}&#8220;][et_pb_fullwidth_slider _builder_version=&#8220;4.16&#8243; _module_preset=&#8220;default&#8220; background_image=&#8220;https:\/\/wander-kathi.li\/wp-content\/uploads\/2021\/01\/20201230_202442-scaled.jpg&#8220; min_height=&#8220;520px&#8220; max_height=&#8220;520px&#8220; auto=&#8220;on&#8220; auto_speed=&#8220;3000&#8243; global_colors_info=&#8220;{}&#8220;][et_pb_slide _builder_version=&#8220;4.16&#8243; _module_preset=&#8220;default&#8220; background_image=&#8220;https:\/\/wander-kathi.li\/wp-content\/uploads\/2021\/02\/liechtenstein-wandern-wander-kathi-slider-011_schoenberg_sonnenaufgang-scaled.jpg&#8220; background_enable_image=&#8220;on&#8220; global_colors_info=&#8220;{}&#8220; sticky_transition=&#8220;on&#8220;][\/et_pb_slide][et_pb_slide _builder_version=&#8220;4.16&#8243; _module_preset=&#8220;default&#8220; background_image=&#8220;https:\/\/wander-kathi.li\/wp-content\/uploads\/2021\/02\/liechtenstein-wandern-wander-kathi-slider-010_staubern_sonnenaufgang-scaled.jpg&#8220; background_enable_image=&#8220;on&#8220; global_colors_info=&#8220;{}&#8220; sticky_transition=&#8220;on&#8220;][\/et_pb_slide][et_pb_slide _builder_version=&#8220;4.16&#8243; _module_preset=&#8220;default&#8220; background_image=&#8220;https:\/\/wander-kathi.li\/wp-content\/uploads\/2021\/02\/liechtenstein-wandern-wander-kathi-slider-008_sareis-scaled.jpg&#8220; background_enable_image=&#8220;on&#8220; global_colors_info=&#8220;{}&#8220; sticky_transition=&#8220;on&#8220;][\/et_pb_slide][et_pb_slide _builder_version=&#8220;4.16&#8243; _module_preset=&#8220;default&#8220; background_image=&#8220;https:\/\/wander-kathi.li\/wp-content\/uploads\/2021\/02\/liechtenstein-wandern-wander-kathi-slider-007_rappenstein-scaled.jpg&#8220; background_enable_image=&#8220;on&#8220; hover_transition_duration=&#8220;350ms&#8220; global_colors_info=&#8220;{}&#8220; sticky_transition=&#8220;on&#8220;][\/et_pb_slide][et_pb_slide _builder_version=&#8220;4.16&#8243; _module_preset=&#8220;default&#8220; background_image=&#8220;https:\/\/wander-kathi.li\/wp-content\/uploads\/2021\/02\/liechtenstein-wandern-wander-kathi-slider-006_pfaelzerhuette-scaled.jpg&#8220; background_enable_image=&#8220;on&#8220; global_colors_info=&#8220;{}&#8220; sticky_transition=&#8220;on&#8220;][\/et_pb_slide][et_pb_slide _builder_version=&#8220;4.16&#8243; _module_preset=&#8220;default&#8220; background_image=&#8220;https:\/\/wander-kathi.li\/wp-content\/uploads\/2021\/02\/liechtenstein-wandern-wander-kathi-slider-005_naafkopf-scaled.jpg&#8220; background_enable_image=&#8220;on&#8220; global_colors_info=&#8220;{}&#8220; sticky_transition=&#8220;on&#8220;][\/et_pb_slide][et_pb_slide _builder_version=&#8220;4.16&#8243; _module_preset=&#8220;default&#8220; background_image=&#8220;https:\/\/wander-kathi.li\/wp-content\/uploads\/2021\/02\/liechtenstein-wandern-wander-kathi-slider-004_grauspitz-scaled.jpg&#8220; background_enable_image=&#8220;on&#8220; global_colors_info=&#8220;{}&#8220; sticky_transition=&#8220;on&#8220;][\/et_pb_slide][et_pb_slide _builder_version=&#8220;4.16&#8243; _module_preset=&#8220;default&#8220; background_image=&#8220;https:\/\/wander-kathi.li\/wp-content\/uploads\/2021\/02\/liechtenstein-wandern-wander-kathi-slider-003_drei_schwestern-scaled.jpg&#8220; background_enable_image=&#8220;on&#8220; global_colors_info=&#8220;{}&#8220; sticky_transition=&#8220;on&#8220;][\/et_pb_slide][et_pb_slide _builder_version=&#8220;4.16&#8243; _module_preset=&#8220;default&#8220; background_image=&#8220;https:\/\/wander-kathi.li\/wp-content\/uploads\/2021\/02\/liechtenstein-wandern-wander-kathi-slider-002_bergsee-scaled.jpg&#8220; background_enable_image=&#8220;on&#8220; global_colors_info=&#8220;{}&#8220; sticky_transition=&#8220;on&#8220;][\/et_pb_slide][et_pb_slide _builder_version=&#8220;4.16&#8243; _module_preset=&#8220;default&#8220; background_image=&#8220;https:\/\/wander-kathi.li\/wp-content\/uploads\/2021\/02\/liechtenstein-wandern-wander-kathi-slider-001_alpspitz-scaled.jpg&#8220; background_enable_image=&#8220;on&#8220; global_colors_info=&#8220;{}&#8220; sticky_transition=&#8220;on&#8220;][\/et_pb_slide][\/et_pb_fullwidth_slider][\/et_pb_section][et_pb_section fb_built=&#8220;1&#8243; _builder_version=&#8220;4.16&#8243; _module_preset=&#8220;default&#8220; global_colors_info=&#8220;{}&#8220;][et_pb_row _builder_version=&#8220;4.16&#8243; _module_preset=&#8220;default&#8220; global_colors_info=&#8220;{}&#8220;][et_pb_column type=&#8220;4_4&#8243; _builder_version=&#8220;4.16&#8243; _module_preset=&#8220;default&#8220; global_colors_info=&#8220;{}&#8220;][et_pb_text _builder_version=&#8220;4.16&#8243; _module_preset=&#8220;default&#8220; global_colors_info=&#8220;{}&#8220;]<\/p>\n<h2 style=\"text-align: center;\">Alles andere ausser 08\/15<\/h2>\n<p style=\"text-align: center;\">Du suchst das besondere Bergerlebnis? 08\/15 ist nicht so deins? Du bist abenteuerlich und offen f\u00fcr Neues? Dann bist Du bei mir genau richtig. Ich bin deine Bergfreundin und <strong>privater Tourenguide<\/strong> und suche f\u00fcr dich die perfekten <strong>Wanderungen <\/strong>in den<strong> Liechtensteiner, Schweizer und \u00d6sterreicher Bergen<\/strong> sowie actionreiche Ausfl\u00fcge in und um das <strong>F\u00fcrstentum Liechtenstein<\/strong>.\u00a0Individualtouren f\u00fcr Firmen, Teams und Gruppen oder auch Einzelpersonen geh\u00f6ren ebenso zu meinem Portfolio wie f\u00fcrstliche <strong>Wanderungen<\/strong>, <strong>Sonnenaufgangstouren<\/strong> und <strong>Vollmondtouren.<\/strong><br data-rich-text-line-break=\"true\" \/><br data-rich-text-line-break=\"true\" \/>Ich zeige dir die Bergwelt durch meine Augen und entf\u00fchre dich f\u00fcr die L\u00e4nge der Tour in eine andere Welt.<\/p>\n<p>[\/et_pb_text][\/et_pb_column][\/et_pb_row][\/et_pb_section][et_pb_section fb_built=&#8220;1&#8243; _builder_version=&#8220;4.21.0&#8243; _module_preset=&#8220;default&#8220; background_color=&#8220;#D6D6D6&#8243; custom_padding=&#8220;0px||0px||false|false&#8220; global_colors_info=&#8220;{}&#8220;][et_pb_row _builder_version=&#8220;4.16&#8243; _module_preset=&#8220;default&#8220; global_colors_info=&#8220;{}&#8220;][et_pb_column type=&#8220;4_4&#8243; _builder_version=&#8220;4.16&#8243; _module_preset=&#8220;default&#8220; global_colors_info=&#8220;{}&#8220;][et_pb_text _builder_version=&#8220;4.16&#8243; _module_preset=&#8220;default&#8220; global_colors_info=&#8220;{}&#8220;]<\/p>\n<h3 style=\"text-align: center;\">Meine Bergangebote<\/h3>\n<p>[\/et_pb_text][\/et_pb_column][\/et_pb_row][et_pb_row column_structure=&#8220;1_3,1_3,1_3&#8243; _builder_version=&#8220;4.16&#8243; _module_preset=&#8220;default&#8220; global_colors_info=&#8220;{}&#8220;][et_pb_column type=&#8220;1_3&#8243; _builder_version=&#8220;4.16&#8243; _module_preset=&#8220;default&#8220; global_colors_info=&#8220;{}&#8220;][et_pb_blurb image=&#8220;https:\/\/wander-kathi.li\/wp-content\/uploads\/2021\/01\/liechtenstein-wandern-sonneaufgang-pfaelzerhuette-wander-kathi-003.jpg&#8220; alt=&#8220;liechtenstein-wandern-sonneaufgang-pfaelzerhuette-wander-kathi-003&#8243; _builder_version=&#8220;4.16&#8243; _dynamic_attributes=&#8220;link_option_url&#8220; _module_preset=&#8220;default&#8220; link_option_url=&#8220;@ET-DC@eyJkeW5hbWljIjp0cnVlLCJjb250ZW50IjoicG9zdF9saW5rX3VybF9wYWdlIiwic2V0dGluZ3MiOnsicG9zdF9pZCI6IjkyIn19@&#8220; global_colors_info=&#8220;{}&#8220;]<\/p>\n<h4 style=\"text-align: center;\" id=\"h39skjylhv0hqh56pmitwj1uj2yoxd\">Sommer am Berg<\/h4>\n<p>[\/et_pb_blurb][\/et_pb_column][et_pb_column type=&#8220;1_3&#8243; _builder_version=&#8220;4.16&#8243; _module_preset=&#8220;default&#8220; global_colors_info=&#8220;{}&#8220;][et_pb_blurb image=&#8220;https:\/\/wander-kathi.li\/wp-content\/uploads\/2021\/01\/liechtenstein-schneeschuhtouren-praettigau-wander-kathi-001.jpg&#8220; alt=&#8220;liechtenstein-schneeschuhtouren-pr\u00e4ttigau-wander-kathi-001&#8243; _builder_version=&#8220;4.16&#8243; _dynamic_attributes=&#8220;link_option_url&#8220; _module_preset=&#8220;default&#8220; link_option_url=&#8220;@ET-DC@eyJkeW5hbWljIjp0cnVlLCJjb250ZW50IjoicG9zdF9saW5rX3VybF9wYWdlIiwic2V0dGluZ3MiOnsicG9zdF9pZCI6IjE0MDMifX0=@&#8220; global_colors_info=&#8220;{}&#8220;]<\/p>\n<h4 style=\"text-align: center;\">Winter am Berg<\/h4>\n<p>[\/et_pb_blurb][\/et_pb_column][et_pb_column type=&#8220;1_3&#8243; _builder_version=&#8220;4.16&#8243; _module_preset=&#8220;default&#8220; global_colors_info=&#8220;{}&#8220;][et_pb_blurb image=&#8220;https:\/\/wander-kathi.li\/wp-content\/uploads\/2021\/01\/liechtenstein-schneeschuhtouren-schnupperkurs-liechtenstein-wander-kathi-002.jpg&#8220; alt=&#8220;liechtenstein-schneeschuhtouren-schnupperkurs-liechtenstein-wander-kathi-002&#8243; _builder_version=&#8220;4.16&#8243; _dynamic_attributes=&#8220;link_option_url&#8220; _module_preset=&#8220;default&#8220; link_option_url=&#8220;@ET-DC@eyJkeW5hbWljIjp0cnVlLCJjb250ZW50IjoicG9zdF9saW5rX3VybF9wYWdlIiwic2V0dGluZ3MiOnsicG9zdF9pZCI6IjE0MTMifX0=@&#8220; global_colors_info=&#8220;{}&#8220;]<\/p>\n<h4 style=\"text-align: center;\">Kurse am Berg<\/h4>\n<p>[\/et_pb_blurb][\/et_pb_column][\/et_pb_row][\/et_pb_section][et_pb_section fb_built=&#8220;1&#8243; _builder_version=&#8220;4.16&#8243; _module_preset=&#8220;default&#8220; global_colors_info=&#8220;{}&#8220;][et_pb_row column_structure=&#8220;2_5,3_5&#8243; _builder_version=&#8220;4.16&#8243; _module_preset=&#8220;default&#8220; global_colors_info=&#8220;{}&#8220;][et_pb_column type=&#8220;2_5&#8243; _builder_version=&#8220;4.16&#8243; _module_preset=&#8220;default&#8220; global_colors_info=&#8220;{}&#8220;][et_pb_image src=&#8220;https:\/\/wander-kathi.li\/wp-content\/uploads\/2021\/02\/liechtenstein-wandern-wander-kathi-zentral-003.jpg&#8220; alt=&#8220;liechtenstein-wandern-wander-kathi-zentral-003&#8243; title_text=&#8220;liechtenstein-wandern-wander-kathi-zentral-003&#8243; _builder_version=&#8220;4.16&#8243; _module_preset=&#8220;default&#8220; custom_padding=&#8220;0px||||false|false&#8220; global_colors_info=&#8220;{}&#8220;][\/et_pb_image][et_pb_text _builder_version=&#8220;4.16&#8243; _module_preset=&#8220;default&#8220; global_colors_info=&#8220;{}&#8220;]<\/p>\n<p style=\"text-align: center;\">Im Januar habe ich mein Studium zum diplomierten Mentalcoach abgeschlossen, meine Diplomarbeit habe ich \u00fcber das Thema \u00abMentale Power am Berg\u00bb geschrieben. Darin habe ich eine mentale Dopingnotfallapotheke ausgearbeitet. Diese Dopingnotfallapotheke geh\u00f6rt in jeden Rucksack.<\/p>\n<p style=\"text-align: center;\"><span>Lass mich dir zeigen wie sch\u00f6n es in den Bergen ist, wie sicher du dich dort mit mir f\u00fchlst.\u00a0<\/span><span>Lass mich dir die Sch\u00f6nheit der Bergwelt zeigen, lass dich in ihren Bann ziehen, genau so wie ich.\u00a0\u00a0<\/span><span>Es ist ein ONE-WAY-TICKET<\/span><\/p>\n<p style=\"text-align: center;\"><span>Ich helfe dir dabei, deine Grenzen auszutesten, besser kennenzulernen und zu \u00fcberschreiten. Lass mich deine Bergfreundin in der Liechtensteinischen Bergschule sein.\u00a0<\/span><span><strong>Probier es aus, ich bin genau die Richtige f\u00fcr dich.<\/strong>\u00a0<\/span><span>Ich freue mich auf dich um dir wundervolle und unvergessliche Gl\u00fccksmomente zu schenken.<\/span><\/p>\n<p>[\/et_pb_text][\/et_pb_column][et_pb_column type=&#8220;3_5&#8243; _builder_version=&#8220;4.16&#8243; _module_preset=&#8220;default&#8220; global_colors_info=&#8220;{}&#8220;][et_pb_text _builder_version=&#8220;4.16&#8243; _module_preset=&#8220;default&#8220; custom_padding=&#8220;50px||||false|false&#8220; global_colors_info=&#8220;{}&#8220;]<\/p>\n<h2 style=\"text-align: center;\">\u00dcber mich<\/h2>\n<p style=\"text-align: center;\"><span>Ich bin nicht immer sportlich oder besonders bergfanatisch gewesen, ich war eher der klassische Couchpotato \u00e0 la heim kommen etwas essen und dann mit Chips und Cola vor den Fernseher.<\/span><\/p>\n<p style=\"text-align: center;\"><span>Mein innerer Schweinehund konnte \u2013 und kann noch immer \u2013 nicht so einfach \u00fcberlistet werden.<\/span><\/p>\n<p style=\"text-align: center;\"><span>Bis ich 2015 an einen Wendepunkt in meinem Leben angekommen bin.<\/span><\/p>\n<p style=\"text-align: center;\"><span>Ich musste wieder zu mir selber finden, mich erden und heilen, doch wie? Die L\u00f6sung lag so nah:\u00a0<\/span><strong>NATUR\u00a0<\/strong><span>und die passende \u201eTherapie\u201c:\u00a0<\/span><strong>WANDERN<\/strong><\/p>\n<p style=\"text-align: center;\"><span>Bewegung in unserer wundervollen Natur und Bergwelt ist Balsam f\u00fcr den K\u00f6rper und die Seele. Ich sehe die Natur als Seelenheilerin!<\/span><\/p>\n<p style=\"text-align: center;\"><span>Ich weiss noch wie schwierig es Anfangs f\u00fcr mich war, nicht nur die fehlende Kondition oder die nicht vorhandene Muskulatur, ich kannte mich in den Bergen \u00fcberhaupt nicht aus noch konnte ich Karten lesen, eine Alpinschule in Liechtenstein gab es keine. So habe ich mich selber an meine Wandertouren herangetastet und habe mir mein Wanderwegnetz in Liechtenstein und der Ostschweiz selber angeeignet und somit meine eigene Bergschule in Liechtenstein aufgebaut.<\/span><\/p>\n<p style=\"text-align: center;\"><span>Mittlerweile bin ich ein OUTDOORGIRL durch und durch. So habe ich mich im 2019 zur Wanderleiterin ausbilden lassen, die beste Entscheidung die ich treffen konnte. Die Berge haben mich zu einem neuen Menschen gemacht. Ich bin soviel klarer und zufriedener.<\/span><\/p>\n<p style=\"text-align: center;\"><span><\/span><\/p>\n<p>[\/et_pb_text][et_pb_image src=&#8220;https:\/\/wander-kathi.li\/wp-content\/uploads\/2021\/02\/liechtenstein-wandern-wander-kathi-zentral-002.jpg&#8220; alt=&#8220;liechtenstein-wandern-wander-kathi-zentral-002&#8243; title_text=&#8220;liechtenstein-wandern-wander-kathi-zentral-002&#8243; align=&#8220;center&#8220; _builder_version=&#8220;4.16&#8243; _module_preset=&#8220;default&#8220; max_height=&#8220;360px&#8220; border_radii=&#8220;on|75px|75px|75px|75px&#8220; global_colors_info=&#8220;{}&#8220;][\/et_pb_image][\/et_pb_column][\/et_pb_row][\/et_pb_section][et_pb_section fb_built=&#8220;1&#8243; _builder_version=&#8220;4.21.0&#8243; _module_preset=&#8220;default&#8220; background_color=&#8220;#FFFFFF&#8220; custom_padding=&#8220;0px||0px||false|false&#8220; global_colors_info=&#8220;{}&#8220;][et_pb_row _builder_version=&#8220;4.16&#8243; _module_preset=&#8220;default&#8220; global_colors_info=&#8220;{}&#8220;][et_pb_column type=&#8220;4_4&#8243; _builder_version=&#8220;4.16&#8243; _module_preset=&#8220;default&#8220; global_colors_info=&#8220;{}&#8220;][et_pb_image src=&#8220;https:\/\/wander-kathi.li\/wp-content\/uploads\/2024\/01\/RdG-Emblem-Band-d-rz.jpg&#8220; title_text=&#8220;RdG-Emblem-Band-d-rz&#8220; _builder_version=&#8220;4.21.0&#8243; _module_preset=&#8220;default&#8220; global_colors_info=&#8220;{}&#8220;][\/et_pb_image][\/et_pb_column][\/et_pb_row][\/et_pb_section][et_pb_section fb_built=&#8220;1&#8243; _builder_version=&#8220;4.16&#8243; _module_preset=&#8220;default&#8220; global_colors_info=&#8220;{}&#8220;][et_pb_row _builder_version=&#8220;4.16&#8243; _module_preset=&#8220;default&#8220; global_colors_info=&#8220;{}&#8220;][et_pb_column type=&#8220;4_4&#8243; _builder_version=&#8220;4.16&#8243; _module_preset=&#8220;default&#8220; global_colors_info=&#8220;{}&#8220;][et_pb_text _builder_version=&#8220;4.16&#8243; _module_preset=&#8220;default&#8220; global_colors_info=&#8220;{}&#8220;]<\/p>\n<h2 style=\"text-align: center;\">Meine Vision<\/h2>\n<p style=\"text-align: center;\"><span>Ich will Menschen gl\u00fccklich und zufrieden machen, runter holen, begleiten, erden, entschleunigen und unterst\u00fctzen.<\/span><\/p>\n<p style=\"text-align: center;\"><span>Du willst einen sanften \u00dcbergang in einen ges\u00fcnderen Lebensstil? Ich begleite dich und f\u00fchre dich Step by Step zu einem ges\u00fcnderen ICH!<\/span><\/p>\n<p style=\"text-align: center;\"><span>Egal ob jung oder alt, ob d\u00fcnn oder etwas beleibter, ich finde den richtigen Einstieg und die sch\u00f6nste Wanderung im Liechtenstein oder dem umliegenden Ausland f\u00fcr dich.<\/span><\/p>\n<p style=\"text-align: center;\"><span>Du f\u00fchlst dich gestresst und ausgelaugt? Kommst nicht richtig zur Ruhe und kannst nur schwer abschalten?<\/span><\/p>\n<p style=\"text-align: center;\"><span>Du liebst die Berge und willst diese erkunden? Hast aber Angst alleine zu gehen? Willst dich nicht verlaufen? Weisst nicht wohin? Dann bin ich die richtige f\u00fcr dich, ich bin deine Bergfreundin und geh zusammen mit dir sicher und beh\u00fctet wohin du willst. Profitiere von meiner Erfahrung, ich bin dein Komplettpaket und f\u00fchre dich sicher zum Gipfelziel. Ob als\u00a0<\/span>Gruppe<span>\u00a0oder\u00a0<\/span>allein<span>, mein\u00a0<\/span>Angebot<span>\u00a0ist immer massgeschneidert auf deine Bed\u00fcrfnisse und zum entschleunigen.<\/span><\/p>\n<p style=\"text-align: center;\"><span>Lerne mit mir die Natur zu erleben, zu sp\u00fcren, zu riechen und zu h\u00f6ren. Ich weise dich auch gerne auf die kleinen Dinge hin. Du entschleunigst von ganz alleine, lass den Stress im Tal, entfliehe in eine andere Welt. Du weisst nicht wie das geht? Ich schon, ich zeige es dir.<\/span><\/p>\n<p style=\"text-align: center;\">Lass mich dir helfen DEINEN Weg zu finden!<\/p>\n<figure class=\"wp-block-image size-large is-style-default\" style=\"text-align: center;\"><a href=\"https:\/\/www.youtube.com\/channel\/UCodPzSW67teT-W2sstZLR5A?view_as=subscriber\" target=\"_blank\" rel=\"noopener noreferrer\"><\/a><\/figure>\n<p>[\/et_pb_text][\/et_pb_column][\/et_pb_row][\/et_pb_section][et_pb_section fb_built=&#8220;1&#8243; _builder_version=&#8220;4.16&#8243; _module_preset=&#8220;default&#8220; background_color=&#8220;#D6D6D6&#8243; custom_padding=&#8220;0px||0px||false|false&#8220; global_colors_info=&#8220;{}&#8220;][et_pb_row _builder_version=&#8220;4.16&#8243; _module_preset=&#8220;default&#8220; global_colors_info=&#8220;{}&#8220;][et_pb_column type=&#8220;4_4&#8243; _builder_version=&#8220;4.16&#8243; _module_preset=&#8220;default&#8220; global_colors_info=&#8220;{}&#8220;][et_pb_text _builder_version=&#8220;4.16&#8243; _module_preset=&#8220;default&#8220; global_colors_info=&#8220;{}&#8220;]<\/p>\n<h3 style=\"text-align: center;\">News<\/h3>\n<p>[\/et_pb_text][\/et_pb_column][\/et_pb_row][et_pb_row _builder_version=&#8220;4.16&#8243; _module_preset=&#8220;default&#8220; locked=&#8220;off&#8220; global_colors_info=&#8220;{}&#8220;][et_pb_column type=&#8220;4_4&#8243; _builder_version=&#8220;4.16&#8243; _module_preset=&#8220;default&#8220; global_colors_info=&#8220;{}&#8220;][et_pb_text _builder_version=&#8220;4.16&#8243; _module_preset=&#8220;default&#8220; text_text_color=&#8220;#307230&#8243; global_colors_info=&#8220;{}&#8220;]<\/p>\n<p style=\"text-align: center;\"><strong>November 2022 &#8211; panorama &#8211; Das Magazin f\u00fcr Berg und Tal<\/strong><\/p>\n<p>[\/et_pb_text][et_pb_text _builder_version=&#8220;4.16&#8243; _module_preset=&#8220;default&#8220; global_colors_info=&#8220;{}&#8220;]<\/p>\n<p>Im November durfte ich f\u00fcr das <a href=\"https:\/\/panorama-alpenmagazin.li\/\" target=\"_blank\" rel=\"noopener\">panorama<\/a> ein Interview zum Thema &#8222;Spuren im Schnee&#8220; geben. Hier kann der <a href=\"https:\/\/panorama-alpenmagazin.li\/wp-content\/uploads\/2022\/11\/Panorama_3-22-Low.pdf\" target=\"_blank\" rel=\"noopener\"><b><u>Artikel<\/u> <\/b><\/a>nachgelesen oder hier <a href=\"https:\/\/wander-kathi.li\/wp-content\/uploads\/2022\/11\/2022_Panorama_Winterrausgabe_2022_Ausschnitt.pdf\" target=\"_blank\" rel=\"noopener\"><span style=\"text-decoration: underline;\"><strong>heruntergeladen<\/strong><\/span><\/a> werden.<\/p>\n<p>[\/et_pb_text][et_pb_gallery gallery_ids=&#8220;4689,4690,4691,4692,4693&#8243; orientation=&#8220;portrait&#8220; show_title_and_caption=&#8220;off&#8220; show_pagination=&#8220;off&#8220; _builder_version=&#8220;4.16&#8243; _module_preset=&#8220;default&#8220; global_colors_info=&#8220;{}&#8220;][\/et_pb_gallery][\/et_pb_column][\/et_pb_row][\/et_pb_section][et_pb_section fb_built=&#8220;1&#8243; _builder_version=&#8220;4.16&#8243; _module_preset=&#8220;default&#8220; global_colors_info=&#8220;{}&#8220;][et_pb_row column_structure=&#8220;1_5,1_5,1_5,1_5,1_5&#8243; _builder_version=&#8220;4.21.0&#8243; _module_preset=&#8220;default&#8220; hover_enabled=&#8220;0&#8243; global_colors_info=&#8220;{}&#8220; make_equal=&#8220;on&#8220; sticky_enabled=&#8220;0&#8243;][et_pb_column type=&#8220;1_5&#8243; _builder_version=&#8220;4.21.0&#8243; _module_preset=&#8220;default&#8220; hover_enabled=&#8220;0&#8243; global_colors_info=&#8220;{}&#8220; custom_css_main_element=&#8220;display: flex;||align-items: center;||&#8220; sticky_enabled=&#8220;0&#8243;][et_pb_image src=&#8220;https:\/\/wander-kathi.li\/wp-content\/uploads\/2021\/01\/bergpartner.at_.png&#8220; alt=&#8220;bergpartner.at&#8220; title_text=&#8220;bergpartner.at&#8220; _builder_version=&#8220;4.16&#8243; _module_preset=&#8220;default&#8220; global_colors_info=&#8220;{}&#8220;][\/et_pb_image][\/et_pb_column][et_pb_column type=&#8220;1_5&#8243; _builder_version=&#8220;4.16&#8243; _module_preset=&#8220;default&#8220; global_colors_info=&#8220;{}&#8220;][et_pb_image src=&#8220;https:\/\/wander-kathi.li\/wp-content\/uploads\/2022\/11\/UIMLA-Logo-300-dpi-transparent-PNG-300&#215;300-1.webp&#8220; title_text=&#8220;UIMLA-Logo-300-dpi-transparent-PNG-300&#215;300&#8243; _builder_version=&#8220;4.21.0&#8243; _module_preset=&#8220;default&#8220; hover_enabled=&#8220;0&#8243; global_colors_info=&#8220;{}&#8220; custom_css_main_element=&#8220;display: flex;||align-items: center;||&#8220; sticky_enabled=&#8220;0&#8243;][\/et_pb_image][\/et_pb_column][et_pb_column type=&#8220;1_5&#8243; _builder_version=&#8220;4.21.0&#8243; _module_preset=&#8220;default&#8220; hover_enabled=&#8220;0&#8243; global_colors_info=&#8220;{}&#8220; custom_css_main_element=&#8220;display: flex;||align-items: center;||&#8220; sticky_enabled=&#8220;0&#8243;][et_pb_image src=&#8220;https:\/\/wander-kathi.li\/wp-content\/uploads\/2022\/11\/wanderfuhrer-vorarlberg-logo.png&#8220; title_text=&#8220;wanderfuhrer-vorarlberg-logo&#8220; _builder_version=&#8220;4.21.0&#8243; _module_preset=&#8220;default&#8220; hover_enabled=&#8220;0&#8243; global_colors_info=&#8220;{}&#8220; sticky_enabled=&#8220;0&#8243; custom_css_main_element=&#8220;display: flex;||align-items: center;&#8220;][\/et_pb_image][\/et_pb_column][et_pb_column type=&#8220;1_5&#8243; _builder_version=&#8220;4.21.0&#8243; _module_preset=&#8220;default&#8220; hover_enabled=&#8220;0&#8243; global_colors_info=&#8220;{}&#8220; custom_css_main_element=&#8220;display: flex;||align-items: center;||&#8220; sticky_enabled=&#8220;0&#8243;][et_pb_image src=&#8220;https:\/\/wander-kathi.li\/wp-content\/uploads\/2022\/11\/vlogo2007.png&#8220; title_text=&#8220;vlogo2007&#8243; _builder_version=&#8220;4.16&#8243; _module_preset=&#8220;default&#8220; global_colors_info=&#8220;{}&#8220;][\/et_pb_image][\/et_pb_column][et_pb_column type=&#8220;1_5&#8243; _builder_version=&#8220;4.21.0&#8243; _module_preset=&#8220;default&#8220; hover_enabled=&#8220;0&#8243; global_colors_info=&#8220;{}&#8220; custom_css_main_element=&#8220;display: flex;||align-items: center;||&#8220; sticky_enabled=&#8220;0&#8243;][et_pb_image src=&#8220;https:\/\/wander-kathi.li\/wp-content\/uploads\/2024\/01\/asam.png&#8220; title_text=&#8220;asam&#8220; _builder_version=&#8220;4.21.0&#8243; _module_preset=&#8220;default&#8220; global_colors_info=&#8220;{}&#8220;][\/et_pb_image][\/et_pb_column][\/et_pb_row][\/et_pb_section]<\/p>\n<span class=\"et_bloom_bottom_trigger\"><\/span>","protected":false},"excerpt":{"rendered":"<p>Alles andere ausser 08\/15 Du suchst das besondere Bergerlebnis? 08\/15 ist nicht so deins? Du bist abenteuerlich und offen f\u00fcr Neues? Dann bist Du bei mir genau richtig. Ich bin deine Bergfreundin und privater Tourenguide und suche f\u00fcr dich die perfekten Wanderungen in den Liechtensteiner, Schweizer und \u00d6sterreicher Bergen sowie actionreiche Ausfl\u00fcge in und um [&hellip;]<\/p>\n","protected":false},"author":1,"featured_media":0,"parent":0,"menu_order":1001,"comment_status":"closed","ping_status":"closed","template":"","meta":{"_et_pb_use_builder":"on","_et_pb_old_content":"","_et_gb_content_width":"","footnotes":""},"class_list":["post-15","page","type-page","status-publish","hentry"],"_links":{"self":[{"href":"https:\/\/wander-kathi.li\/en\/wp-json\/wp\/v2\/pages\/15","targetHints":{"allow":["GET"]}}],"collection":[{"href":"https:\/\/wander-kathi.li\/en\/wp-json\/wp\/v2\/pages"}],"about":[{"href":"https:\/\/wander-kathi.li\/en\/wp-json\/wp\/v2\/types\/page"}],"author":[{"embeddable":true,"href":"https:\/\/wander-kathi.li\/en\/wp-json\/wp\/v2\/users\/1"}],"replies":[{"embeddable":true,"href":"https:\/\/wander-kathi.li\/en\/wp-json\/wp\/v2\/comments?post=15"}],"version-history":[{"count":9,"href":"https:\/\/wander-kathi.li\/en\/wp-json\/wp\/v2\/pages\/15\/revisions"}],"predecessor-version":[{"id":5502,"href":"https:\/\/wander-kathi.li\/en\/wp-json\/wp\/v2\/pages\/15\/revisions\/5502"}],"wp:attachment":[{"href":"https:\/\/wander-kathi.li\/en\/wp-json\/wp\/v2\/media?parent=15"}],"curies":[{"name":"wp","href":"https:\/\/api.w.org\/{rel}","templated":true}]}}