{"id":2491,"date":"2021-02-02T13:54:37","date_gmt":"2021-02-02T12:54:37","guid":{"rendered":"https:\/\/wander-kathi.li\/?page_id=2491"},"modified":"2023-11-08T16:06:41","modified_gmt":"2023-11-08T15:06:41","slug":"anfaengertour-zum-romantischen-graeppelisee","status":"publish","type":"page","link":"https:\/\/wander-kathi.li\/en\/anfaengertour-zum-romantischen-graeppelisee\/","title":{"rendered":"Romantische Anf\u00e4nger-Schneeschuhtour zum Gr\u00e4ppelensee"},"content":{"rendered":"<p>[et_pb_section fb_built=&#8220;1&#8243; _builder_version=&#8220;4.8.1&#8243; _module_preset=&#8220;default&#8220; saved_tabs=&#8220;all&#8220;][et_pb_row _builder_version=&#8220;4.8.1&#8243; _module_preset=&#8220;default&#8220;][et_pb_column type=&#8220;4_4&#8243; _builder_version=&#8220;4.8.1&#8243; _module_preset=&#8220;default&#8220;][et_pb_text _builder_version=&#8220;4.8.2&#8243; _module_preset=&#8220;default&#8220;]<\/p>\n<h1 class=\"entry-header\" style=\"text-align: center;\">Romantische Anf\u00e4nger-Schneeschuhtour zum Gr\u00e4ppelensee<\/h1>\n<p>[\/et_pb_text][et_pb_text _builder_version=&#8220;4.8.1&#8243; _module_preset=&#8220;default&#8220;]<\/p>\n<p style=\"text-align: center;\">Mit <strong>Schneeschuhen<\/strong> in die Einsamkeit der <strong>winterlichen Bergwelt<\/strong> aufbrechen und den Alltag hinter sich lassen.<\/p>\n<p>[\/et_pb_text][\/et_pb_column][\/et_pb_row][et_pb_row _builder_version=&#8220;4.8.1&#8243; _module_preset=&#8220;default&#8220; module_alignment=&#8220;center&#8220;][et_pb_column type=&#8220;4_4&#8243; _builder_version=&#8220;4.8.1&#8243; _module_preset=&#8220;default&#8220;][et_pb_gallery gallery_ids=&#8220;2502,2501,2500,2499,2498,2497,2496&#8243; gallery_orderby=&#8220;rand&#8220; posts_number=&#8220;3&#8243; show_title_and_caption=&#8220;off&#8220; show_pagination=&#8220;off&#8220; _builder_version=&#8220;4.8.2&#8243; _module_preset=&#8220;default&#8220; text_orientation=&#8220;left&#8220; custom_css_gallery_item=&#8220;width: 31.33% !important;||margin: 1% !important;||clear: none !important;&#8220;][\/et_pb_gallery][\/et_pb_column][\/et_pb_row][et_pb_row column_structure=&#8220;3_5,2_5&#8243; _builder_version=&#8220;4.8.1&#8243; _module_preset=&#8220;default&#8220;][et_pb_column type=&#8220;3_5&#8243; _builder_version=&#8220;4.8.1&#8243; _module_preset=&#8220;default&#8220;][et_pb_text _builder_version=&#8220;4.8.2&#8243; _module_preset=&#8220;default&#8220;]<\/p>\n<p>Wir starten unsere Genusstour beim Parkplatz <strong>Laui<\/strong> in <strong>Wildhaus<\/strong>, dort schnallen wir uns die <strong>Schneeschuhe<\/strong> an und starten unsere Tour erst etwas steiler durch den Wald und dann flacher auf offener Fl\u00e4che, vorbei an einem <strong>Bergbach<\/strong>, durch die herzigen <strong>Alph\u00fctten<\/strong> bis wir beim <strong>Gr\u00e4ppelensee<\/strong> angelangen. Dort geniessen wir unser Mittagessen aus dem Rucksack bevor wir das bezaubernde <strong>Panorama<\/strong> zum <strong>Windenpass<\/strong> und <strong>L\u00fctispitz<\/strong> hinter uns lassen und nun das <strong>Panorama<\/strong> auf den <strong>S\u00e4ntis<\/strong> und den <strong>Schafberg<\/strong> auf uns wirken lassen.<\/p>\n<p>[\/et_pb_text][et_pb_text _builder_version=&#8220;4.8.1&#8243; _module_preset=&#8220;default&#8220;]<\/p>\n<h3 class=\"mt-4\">Inkludierte Leistungen<\/h3>\n<p><img decoding=\"async\" class=\"wp-image-208 alignnone size-full lazyload\" data-src=\"https:\/\/wander-kathi.li\/wp-content\/uploads\/2021\/01\/wander-kathi_haekchen.png\" alt=\"\" width=\"15\" height=\"15\" src=\"data:image\/svg+xml;base64,PHN2ZyB3aWR0aD0iMSIgaGVpZ2h0PSIxIiB4bWxucz0iaHR0cDovL3d3dy53My5vcmcvMjAwMC9zdmciPjwvc3ZnPg==\" style=\"--smush-placeholder-width: 15px; --smush-placeholder-aspect-ratio: 15\/15;\" \/> F\u00fchrung durch staatlich gepr\u00fcfte Wanderf\u00fchrerin<br \/> <img decoding=\"async\" class=\"wp-image-208 alignnone size-full lazyload\" data-src=\"https:\/\/wander-kathi.li\/wp-content\/uploads\/2021\/01\/wander-kathi_haekchen.png\" alt=\"\" width=\"15\" height=\"15\" src=\"data:image\/svg+xml;base64,PHN2ZyB3aWR0aD0iMSIgaGVpZ2h0PSIxIiB4bWxucz0iaHR0cDovL3d3dy53My5vcmcvMjAwMC9zdmciPjwvc3ZnPg==\" style=\"--smush-placeholder-width: 15px; --smush-placeholder-aspect-ratio: 15\/15;\" \/> Alle Kosten f\u00fcr die Wanderf\u00fchrerin<\/p>\n<p>[\/et_pb_text][et_pb_text _builder_version=&#8220;4.8.2&#8243; _module_preset=&#8220;default&#8220;]<\/p>\n<h3 class=\"mt-4\">Teilnahmevoraussetzungen<\/h3>\n<p><img decoding=\"async\" class=\"wp-image-207 alignnone size-full lazyload\" data-src=\"https:\/\/wander-kathi.li\/wp-content\/uploads\/2021\/01\/wander-kathi_ausrufezeichen.png\" alt=\"\" width=\"15\" height=\"15\" src=\"data:image\/svg+xml;base64,PHN2ZyB3aWR0aD0iMSIgaGVpZ2h0PSIxIiB4bWxucz0iaHR0cDovL3d3dy53My5vcmcvMjAwMC9zdmciPjwvc3ZnPg==\" style=\"--smush-placeholder-width: 15px; --smush-placeholder-aspect-ratio: 15\/15;\" \/>Keine<\/p>\n<p>[\/et_pb_text][et_pb_text _builder_version=&#8220;4.8.2&#8243; _module_preset=&#8220;default&#8220; hover_enabled=&#8220;0&#8243; sticky_enabled=&#8220;0&#8243;]<\/p>\n<h3 class=\"mt-4\">Zusatzkosten<\/h3>\n<p><img decoding=\"async\" class=\"wp-image-206 alignnone size-full lazyload\" data-src=\"https:\/\/wander-kathi.li\/wp-content\/uploads\/2021\/01\/wander-kathi_plus.png\" alt=\"\" width=\"15\" height=\"15\" src=\"data:image\/svg+xml;base64,PHN2ZyB3aWR0aD0iMSIgaGVpZ2h0PSIxIiB4bWxucz0iaHR0cDovL3d3dy53My5vcmcvMjAwMC9zdmciPjwvc3ZnPg==\" style=\"--smush-placeholder-width: 15px; --smush-placeholder-aspect-ratio: 15\/15;\" \/>\u00a0Kosten f\u00fcr An- und Abreise<br \/> <img decoding=\"async\" class=\"wp-image-206 alignnone size-full lazyload\" data-src=\"https:\/\/wander-kathi.li\/wp-content\/uploads\/2021\/01\/wander-kathi_plus.png\" alt=\"\" width=\"15\" height=\"15\" src=\"data:image\/svg+xml;base64,PHN2ZyB3aWR0aD0iMSIgaGVpZ2h0PSIxIiB4bWxucz0iaHR0cDovL3d3dy53My5vcmcvMjAwMC9zdmciPjwvc3ZnPg==\" style=\"--smush-placeholder-width: 15px; --smush-placeholder-aspect-ratio: 15\/15;\" \/> Individuelle Verpflegung<br \/> <img decoding=\"async\" class=\"wp-image-206 alignnone size-full lazyload\" data-src=\"https:\/\/wander-kathi.li\/wp-content\/uploads\/2021\/01\/wander-kathi_plus.png\" alt=\"\" width=\"15\" height=\"15\" src=\"data:image\/svg+xml;base64,PHN2ZyB3aWR0aD0iMSIgaGVpZ2h0PSIxIiB4bWxucz0iaHR0cDovL3d3dy53My5vcmcvMjAwMC9zdmciPjwvc3ZnPg==\" style=\"--smush-placeholder-width: 15px; --smush-placeholder-aspect-ratio: 15\/15;\" \/> Schneeschuh- und Teleskopstock-Miete *<br \/> <img decoding=\"async\" class=\"wp-image-206 alignnone size-full lazyload\" data-src=\"https:\/\/wander-kathi.li\/wp-content\/uploads\/2021\/01\/wander-kathi_plus.png\" alt=\"\" width=\"15\" height=\"15\" src=\"data:image\/svg+xml;base64,PHN2ZyB3aWR0aD0iMSIgaGVpZ2h0PSIxIiB4bWxucz0iaHR0cDovL3d3dy53My5vcmcvMjAwMC9zdmciPjwvc3ZnPg==\" style=\"--smush-placeholder-width: 15px; --smush-placeholder-aspect-ratio: 15\/15;\" \/> <a href=\"https:\/\/wander-kathi.li\/wp-content\/uploads\/2021\/02\/20210217_154008.mp4\" target=\"_blank\" rel=\"noopener noreferrer\">LVS-Set (Lawinensonde,\u00a0Lawinenschaufel, LVS 3\u00a0Antennen Ger\u00e4t)<\/a> **<\/p>\n<p>* kann f\u00fcr die Dauer der Tour gegen Aufpreis von CHF 18.- pro Set gemietet werden<br \/> **\u00a0kann f\u00fcr die Dauer der Tour gegen Aufpreis von CHF 35.- pro Set gemietet werden<\/p>\n<p>&nbsp;<\/p>\n<p>[\/et_pb_text][\/et_pb_column][et_pb_column type=&#8220;2_5&#8243; _builder_version=&#8220;4.8.1&#8243; _module_preset=&#8220;default&#8220;][et_pb_text _builder_version=&#8220;4.8.1&#8243; _module_preset=&#8220;default&#8220;]<\/p>\n<h3>Eckdaten<\/h3>\n<p>[\/et_pb_text][et_pb_text _builder_version=&#8220;4.8.2&#8243; _module_preset=&#8220;default&#8220; background_color=&#8220;RGBA(0,0,0,0)&#8220; custom_margin=&#8220;-20px||||false|false&#8220; custom_padding=&#8220;0px||0px||false|false&#8220;]<\/p>\n<table>\n<tbody>\n<tr>\n<td><strong>Dauer<\/strong><\/td>\n<td>ca. 4 bis 4.5 Stunden<\/td>\n<\/tr>\n<tr>\n<td><strong>Schwierigkeit<\/strong><\/td>\n<td><img decoding=\"async\" data-src=\"https:\/\/wander-kathi.li\/wp-content\/uploads\/2021\/01\/wander-kathi_wanderschuhe_001.png\" width=\"15\" height=\"30\" alt=\"\" class=\"wp-image-216 alignnone size-full lazyload\" src=\"data:image\/svg+xml;base64,PHN2ZyB3aWR0aD0iMSIgaGVpZ2h0PSIxIiB4bWxucz0iaHR0cDovL3d3dy53My5vcmcvMjAwMC9zdmciPjwvc3ZnPg==\" style=\"--smush-placeholder-width: 15px; --smush-placeholder-aspect-ratio: 15\/30;\" \/>\u00a0\u00a0<img decoding=\"async\" data-src=\"https:\/\/wander-kathi.li\/wp-content\/uploads\/2021\/01\/wander-kathi_wanderschuhe_002.png\" width=\"15\" height=\"30\" alt=\"\" class=\"wp-image-217 alignnone size-full lazyload\" src=\"data:image\/svg+xml;base64,PHN2ZyB3aWR0aD0iMSIgaGVpZ2h0PSIxIiB4bWxucz0iaHR0cDovL3d3dy53My5vcmcvMjAwMC9zdmciPjwvc3ZnPg==\" style=\"--smush-placeholder-width: 15px; --smush-placeholder-aspect-ratio: 15\/30;\" \/>\u00a0\u00a0<img decoding=\"async\" data-src=\"https:\/\/wander-kathi.li\/wp-content\/uploads\/2021\/01\/wander-kathi_wanderschuhe_002.png\" width=\"15\" height=\"30\" alt=\"\" class=\"wp-image-217 alignnone size-full lazyload\" src=\"data:image\/svg+xml;base64,PHN2ZyB3aWR0aD0iMSIgaGVpZ2h0PSIxIiB4bWxucz0iaHR0cDovL3d3dy53My5vcmcvMjAwMC9zdmciPjwvc3ZnPg==\" style=\"--smush-placeholder-width: 15px; --smush-placeholder-aspect-ratio: 15\/30;\" \/>\u00a0\u00a0<img decoding=\"async\" data-src=\"https:\/\/wander-kathi.li\/wp-content\/uploads\/2021\/01\/wander-kathi_wanderschuhe_002.png\" width=\"15\" height=\"30\" alt=\"\" class=\"wp-image-217 alignnone size-full lazyload\" src=\"data:image\/svg+xml;base64,PHN2ZyB3aWR0aD0iMSIgaGVpZ2h0PSIxIiB4bWxucz0iaHR0cDovL3d3dy53My5vcmcvMjAwMC9zdmciPjwvc3ZnPg==\" style=\"--smush-placeholder-width: 15px; --smush-placeholder-aspect-ratio: 15\/30;\" \/>\u00a0\u00a0<img decoding=\"async\" data-src=\"https:\/\/wander-kathi.li\/wp-content\/uploads\/2021\/01\/wander-kathi_wanderschuhe_002.png\" width=\"15\" height=\"30\" alt=\"\" class=\"wp-image-217 alignnone size-full lazyload\" src=\"data:image\/svg+xml;base64,PHN2ZyB3aWR0aD0iMSIgaGVpZ2h0PSIxIiB4bWxucz0iaHR0cDovL3d3dy53My5vcmcvMjAwMC9zdmciPjwvc3ZnPg==\" style=\"--smush-placeholder-width: 15px; --smush-placeholder-aspect-ratio: 15\/30;\" \/><\/td>\n<\/tr>\n<tr>\n<td><strong>Ausdauer<\/strong><\/td>\n<td><img decoding=\"async\" data-src=\"https:\/\/wander-kathi.li\/wp-content\/uploads\/2021\/01\/wander-kathi_ausdauer_001.png\" width=\"22\" height=\"22\" alt=\"\" class=\"wp-image-214 alignnone size-full lazyload\" src=\"data:image\/svg+xml;base64,PHN2ZyB3aWR0aD0iMSIgaGVpZ2h0PSIxIiB4bWxucz0iaHR0cDovL3d3dy53My5vcmcvMjAwMC9zdmciPjwvc3ZnPg==\" style=\"--smush-placeholder-width: 22px; --smush-placeholder-aspect-ratio: 22\/22;\" \/><img decoding=\"async\" data-src=\"https:\/\/wander-kathi.li\/wp-content\/uploads\/2021\/01\/wander-kathi_ausdauer_001.png\" width=\"22\" height=\"22\" alt=\"\" class=\"wp-image-214 alignnone size-full lazyload\" src=\"data:image\/svg+xml;base64,PHN2ZyB3aWR0aD0iMSIgaGVpZ2h0PSIxIiB4bWxucz0iaHR0cDovL3d3dy53My5vcmcvMjAwMC9zdmciPjwvc3ZnPg==\" style=\"--smush-placeholder-width: 22px; --smush-placeholder-aspect-ratio: 22\/22;\" \/><img decoding=\"async\" data-src=\"https:\/\/wander-kathi.li\/wp-content\/uploads\/2021\/01\/wander-kathi_ausdauer_001.png\" width=\"22\" height=\"22\" alt=\"\" class=\"wp-image-214 alignnone size-full lazyload\" src=\"data:image\/svg+xml;base64,PHN2ZyB3aWR0aD0iMSIgaGVpZ2h0PSIxIiB4bWxucz0iaHR0cDovL3d3dy53My5vcmcvMjAwMC9zdmciPjwvc3ZnPg==\" style=\"--smush-placeholder-width: 22px; --smush-placeholder-aspect-ratio: 22\/22;\" \/><img decoding=\"async\" data-src=\"https:\/\/wander-kathi.li\/wp-content\/uploads\/2021\/01\/wander-kathi_ausdauer_002.png\" width=\"22\" height=\"22\" alt=\"\" class=\"wp-image-215 alignnone size-full lazyload\" src=\"data:image\/svg+xml;base64,PHN2ZyB3aWR0aD0iMSIgaGVpZ2h0PSIxIiB4bWxucz0iaHR0cDovL3d3dy53My5vcmcvMjAwMC9zdmciPjwvc3ZnPg==\" style=\"--smush-placeholder-width: 22px; --smush-placeholder-aspect-ratio: 22\/22;\" \/><img decoding=\"async\" data-src=\"https:\/\/wander-kathi.li\/wp-content\/uploads\/2021\/01\/wander-kathi_ausdauer_002.png\" width=\"22\" height=\"22\" alt=\"\" class=\"wp-image-215 alignnone size-full lazyload\" src=\"data:image\/svg+xml;base64,PHN2ZyB3aWR0aD0iMSIgaGVpZ2h0PSIxIiB4bWxucz0iaHR0cDovL3d3dy53My5vcmcvMjAwMC9zdmciPjwvc3ZnPg==\" style=\"--smush-placeholder-width: 22px; --smush-placeholder-aspect-ratio: 22\/22;\" \/><\/td>\n<\/tr>\n<tr>\n<td><strong>Teilnehmer<\/strong><\/td>\n<td>ab 4 Teilnehmer<\/td>\n<\/tr>\n<tr>\n<td><strong>H\u00f6chenunterschied<\/strong><\/td>\n<td><strong>\u2191\u2193<\/strong>\u00a0ca. 250m<\/td>\n<\/tr>\n<\/tbody>\n<\/table>\n<p>[\/et_pb_text][et_pb_text _builder_version=&#8220;4.8.1&#8243; _module_preset=&#8220;default&#8220;]<\/p>\n<h3>Preis pro Person<\/h3>\n<p>[\/et_pb_text][et_pb_text _builder_version=&#8220;4.8.2&#8243; _module_preset=&#8220;default&#8220; custom_margin=&#8220;-20px||||false|false&#8220;]<\/p>\n<table>\n<tbody>\n<tr>\n<td>ab 4 Personen<\/td>\n<td>CHF 115.-<\/td>\n<\/tr>\n<tr>\n<td>Gruppen<\/td>\n<td>auf Anfrage<\/td>\n<\/tr>\n<\/tbody>\n<\/table>\n<p>[\/et_pb_text][et_pb_button button_url=&#8220;@ET-DC@eyJkeW5hbWljIjp0cnVlLCJjb250ZW50IjoicG9zdF9saW5rX3VybF9wYWdlIiwic2V0dGluZ3MiOnsicG9zdF9pZCI6IjEzMyJ9fQ==@&#8220; button_text=&#8220;zum Tourenkalender&#8220; button_alignment=&#8220;center&#8220; _builder_version=&#8220;4.8.1&#8243; _dynamic_attributes=&#8220;button_url&#8220; _module_preset=&#8220;default&#8220;][\/et_pb_button][et_pb_text _builder_version=&#8220;4.8.1&#8243; _module_preset=&#8220;default&#8220; global_module=&#8220;1776&#8243;]<\/p>\n<h3>Unterlagen<\/h3>\n<p><img decoding=\"async\" data-src=\"https:\/\/wander-kathi.li\/wp-content\/uploads\/2021\/01\/wander-kathi_pfeil_unten.png\" width=\"15\" height=\"15\" alt=\"wander-kathi_pfeil_unten\" class=\"wp-image-321 alignnone size-full lazyload\" src=\"data:image\/svg+xml;base64,PHN2ZyB3aWR0aD0iMSIgaGVpZ2h0PSIxIiB4bWxucz0iaHR0cDovL3d3dy53My5vcmcvMjAwMC9zdmciPjwvc3ZnPg==\" style=\"--smush-placeholder-width: 15px; --smush-placeholder-aspect-ratio: 15\/15;\" \/>\u00a0<a href=\"https:\/\/wander-kathi.li\/wp-content\/uploads\/2023\/11\/Packliste-Wintertour.pdf\">Ausr\u00fcstungsliste<\/a><br \/> <img decoding=\"async\" data-src=\"https:\/\/wander-kathi.li\/wp-content\/uploads\/2021\/01\/wander-kathi_pfeil_unten.png\" width=\"15\" height=\"15\" alt=\"wander-kathi_pfeil_unten\" class=\"wp-image-321 alignnone size-full lazyload\" src=\"data:image\/svg+xml;base64,PHN2ZyB3aWR0aD0iMSIgaGVpZ2h0PSIxIiB4bWxucz0iaHR0cDovL3d3dy53My5vcmcvMjAwMC9zdmciPjwvc3ZnPg==\" style=\"--smush-placeholder-width: 15px; --smush-placeholder-aspect-ratio: 15\/15;\" \/>\u00a0<a href=\"https:\/\/wander-kathi.li\/wp-content\/uploads\/2021\/01\/Allgemeine-Geschaeftsbedingungen.pdf\" target=\"_blank\" rel=\"noopener noreferrer\">Allgemeine Gesch\u00e4ftsbedingungen<\/a><\/p>\n<p>[\/et_pb_text][et_pb_text _builder_version=&#8220;4.8.1&#8243; _module_preset=&#8220;default&#8220;]<\/p>\n<h3>Individuelle Anfrage<\/h3>\n<p>[\/et_pb_text][et_pb_contact_form _builder_version=&#8220;4.8.1&#8243; _module_preset=&#8220;default&#8220; background_color=&#8220;RGBA(0,0,0,0)&#8220; global_module=&#8220;1743&#8243;][et_pb_contact_field field_id=&#8220;Name_2&#8243; field_title=&#8220;Name *&#8220; _builder_version=&#8220;4.8.1&#8243; button_text_size__hover_enabled=&#8220;off&#8220; button_one_text_size__hover_enabled=&#8220;off&#8220; button_two_text_size__hover_enabled=&#8220;off&#8220; button_text_color__hover_enabled=&#8220;off&#8220; button_one_text_color__hover_enabled=&#8220;off&#8220; button_two_text_color__hover_enabled=&#8220;off&#8220; button_border_width__hover_enabled=&#8220;off&#8220; button_one_border_width__hover_enabled=&#8220;off&#8220; button_two_border_width__hover_enabled=&#8220;off&#8220; button_border_color__hover_enabled=&#8220;off&#8220; button_one_border_color__hover_enabled=&#8220;off&#8220; button_two_border_color__hover_enabled=&#8220;off&#8220; button_border_radius__hover_enabled=&#8220;off&#8220; button_one_border_radius__hover_enabled=&#8220;off&#8220; button_two_border_radius__hover_enabled=&#8220;off&#8220; button_letter_spacing__hover_enabled=&#8220;off&#8220; button_one_letter_spacing__hover_enabled=&#8220;off&#8220; button_two_letter_spacing__hover_enabled=&#8220;off&#8220; button_bg_color__hover_enabled=&#8220;off&#8220; button_one_bg_color__hover_enabled=&#8220;off&#8220; button_two_bg_color__hover_enabled=&#8220;off&#8220;][\/et_pb_contact_field][et_pb_contact_field field_id=&#8220;Email&#8220; field_title=&#8220;E-Mail-Adresse *&#8220; field_type=&#8220;email&#8220; _builder_version=&#8220;4.8.1&#8243; button_text_size__hover_enabled=&#8220;off&#8220; button_one_text_size__hover_enabled=&#8220;off&#8220; button_two_text_size__hover_enabled=&#8220;off&#8220; button_text_color__hover_enabled=&#8220;off&#8220; button_one_text_color__hover_enabled=&#8220;off&#8220; button_two_text_color__hover_enabled=&#8220;off&#8220; button_border_width__hover_enabled=&#8220;off&#8220; button_one_border_width__hover_enabled=&#8220;off&#8220; button_two_border_width__hover_enabled=&#8220;off&#8220; button_border_color__hover_enabled=&#8220;off&#8220; button_one_border_color__hover_enabled=&#8220;off&#8220; button_two_border_color__hover_enabled=&#8220;off&#8220; button_border_radius__hover_enabled=&#8220;off&#8220; button_one_border_radius__hover_enabled=&#8220;off&#8220; button_two_border_radius__hover_enabled=&#8220;off&#8220; button_letter_spacing__hover_enabled=&#8220;off&#8220; button_one_letter_spacing__hover_enabled=&#8220;off&#8220; button_two_letter_spacing__hover_enabled=&#8220;off&#8220; button_bg_color__hover_enabled=&#8220;off&#8220; button_one_bg_color__hover_enabled=&#8220;off&#8220; button_two_bg_color__hover_enabled=&#8220;off&#8220;][\/et_pb_contact_field][et_pb_contact_field field_id=&#8220;Anzahl_Teilnehmer&#8220; field_title=&#8220;Anzahl Teilnehmer *&#8220; field_type=&#8220;select&#8220; select_options=&#8220;%91{%22value%22:%221%22,%22checked%22:0,%22dragID%22:-1},{%22value%22:%222%22,%22checked%22:0,%22dragID%22:0},{%22value%22:%223%22,%22checked%22:0,%22dragID%22:1},{%22value%22:%224%22,%22checked%22:0,%22dragID%22:2},{%22value%22:%225%22,%22checked%22:0,%22dragID%22:3},{%22value%22:%226%22,%22checked%22:0,%22dragID%22:4},{%22value%22:%227%22,%22checked%22:0,%22dragID%22:5},{%22value%22:%228%22,%22checked%22:0,%22dragID%22:6},{%22value%22:%229%22,%22checked%22:0,%22dragID%22:7}%93&#8243; _builder_version=&#8220;4.8.1&#8243; _module_preset=&#8220;default&#8220;][\/et_pb_contact_field][et_pb_contact_field field_id=&#8220;Telefonnummer&#8220; field_title=&#8220;Telefonnummer *&#8220; _builder_version=&#8220;4.8.1&#8243; button_text_size__hover_enabled=&#8220;off&#8220; button_one_text_size__hover_enabled=&#8220;off&#8220; button_two_text_size__hover_enabled=&#8220;off&#8220; button_text_color__hover_enabled=&#8220;off&#8220; button_one_text_color__hover_enabled=&#8220;off&#8220; button_two_text_color__hover_enabled=&#8220;off&#8220; button_border_width__hover_enabled=&#8220;off&#8220; button_one_border_width__hover_enabled=&#8220;off&#8220; button_two_border_width__hover_enabled=&#8220;off&#8220; button_border_color__hover_enabled=&#8220;off&#8220; button_one_border_color__hover_enabled=&#8220;off&#8220; button_two_border_color__hover_enabled=&#8220;off&#8220; button_border_radius__hover_enabled=&#8220;off&#8220; button_one_border_radius__hover_enabled=&#8220;off&#8220; button_two_border_radius__hover_enabled=&#8220;off&#8220; button_letter_spacing__hover_enabled=&#8220;off&#8220; button_one_letter_spacing__hover_enabled=&#8220;off&#8220; button_two_letter_spacing__hover_enabled=&#8220;off&#8220; button_bg_color__hover_enabled=&#8220;off&#8220; button_one_bg_color__hover_enabled=&#8220;off&#8220; button_two_bg_color__hover_enabled=&#8220;off&#8220;][\/et_pb_contact_field][et_pb_contact_field field_id=&#8220;Nachricht&#8220; field_title=&#8220;Nachricht&#8220; field_type=&#8220;text&#8220; required_mark=&#8220;off&#8220; fullwidth_field=&#8220;on&#8220; _builder_version=&#8220;4.8.1&#8243; button_text_size__hover_enabled=&#8220;off&#8220; button_one_text_size__hover_enabled=&#8220;off&#8220; button_two_text_size__hover_enabled=&#8220;off&#8220; button_text_color__hover_enabled=&#8220;off&#8220; button_one_text_color__hover_enabled=&#8220;off&#8220; button_two_text_color__hover_enabled=&#8220;off&#8220; button_border_width__hover_enabled=&#8220;off&#8220; button_one_border_width__hover_enabled=&#8220;off&#8220; button_two_border_width__hover_enabled=&#8220;off&#8220; button_border_color__hover_enabled=&#8220;off&#8220; button_one_border_color__hover_enabled=&#8220;off&#8220; button_two_border_color__hover_enabled=&#8220;off&#8220; button_border_radius__hover_enabled=&#8220;off&#8220; button_one_border_radius__hover_enabled=&#8220;off&#8220; button_two_border_radius__hover_enabled=&#8220;off&#8220; button_letter_spacing__hover_enabled=&#8220;off&#8220; button_one_letter_spacing__hover_enabled=&#8220;off&#8220; button_two_letter_spacing__hover_enabled=&#8220;off&#8220; button_bg_color__hover_enabled=&#8220;off&#8220; button_one_bg_color__hover_enabled=&#8220;off&#8220; button_two_bg_color__hover_enabled=&#8220;off&#8220;][\/et_pb_contact_field][et_pb_contact_field field_id=&#8220;DSGVO-Einverst\u00e4ndnis_*&#8220; field_title=&#8220;DSGVO-Einverst\u00e4ndnis *&#8220; field_type=&#8220;checkbox&#8220; checkbox_options=&#8220;%91{%22value%22:%22Ich willige ein, dass Wander-Kathi GmbH meine personenbezogenen Daten %91z.B. die E-Mail-Adresse%93 verarbeiten darf. Du kannst Deine Einwilligung jederzeit widerrufen.%22,%22checked%22:0,%22dragID%22:-1}%93&#8243; fullwidth_field=&#8220;on&#8220; _builder_version=&#8220;4.8.1&#8243; _module_preset=&#8220;default&#8220;][\/et_pb_contact_field][et_pb_contact_field field_id=&#8220;event_name&#8220; field_title=&#8220;Event Name&#8220; fullwidth_field=&#8220;on&#8220; _builder_version=&#8220;4.8.1&#8243; _module_preset=&#8220;default&#8220; custom_css_main_element=&#8220;display:none;&#8220;][\/et_pb_contact_field][et_pb_contact_field field_id=&#8220;event_url&#8220; field_title=&#8220;Event URL&#8220; fullwidth_field=&#8220;on&#8220; _builder_version=&#8220;4.8.1&#8243; _module_preset=&#8220;default&#8220; custom_css_main_element=&#8220;display:none;&#8220;][\/et_pb_contact_field][\/et_pb_contact_form][\/et_pb_column][\/et_pb_row][\/et_pb_section]<\/p>\n<span class=\"et_bloom_bottom_trigger\"><\/span>","protected":false},"excerpt":{"rendered":"<p>Romantische Anf\u00e4nger-Schneeschuhtour zum Gr\u00e4ppelenseeMit Schneeschuhen in die Einsamkeit der winterlichen Bergwelt aufbrechen und den Alltag hinter sich lassen.Wir starten unsere Genusstour beim Parkplatz Laui in Wildhaus, dort schnallen wir uns die Schneeschuhe an und starten unsere Tour erst etwas steiler durch den Wald und dann flacher auf offener Fl\u00e4che, vorbei an einem Bergbach, durch die [&hellip;]<\/p>\n","protected":false},"author":1,"featured_media":0,"parent":0,"menu_order":8001,"comment_status":"closed","ping_status":"closed","template":"","meta":{"_et_pb_use_builder":"on","_et_pb_old_content":"","_et_gb_content_width":"","footnotes":""},"class_list":["post-2491","page","type-page","status-publish","hentry"],"_links":{"self":[{"href":"https:\/\/wander-kathi.li\/en\/wp-json\/wp\/v2\/pages\/2491","targetHints":{"allow":["GET"]}}],"collection":[{"href":"https:\/\/wander-kathi.li\/en\/wp-json\/wp\/v2\/pages"}],"about":[{"href":"https:\/\/wander-kathi.li\/en\/wp-json\/wp\/v2\/types\/page"}],"author":[{"embeddable":true,"href":"https:\/\/wander-kathi.li\/en\/wp-json\/wp\/v2\/users\/1"}],"replies":[{"embeddable":true,"href":"https:\/\/wander-kathi.li\/en\/wp-json\/wp\/v2\/comments?post=2491"}],"version-history":[{"count":10,"href":"https:\/\/wander-kathi.li\/en\/wp-json\/wp\/v2\/pages\/2491\/revisions"}],"predecessor-version":[{"id":5186,"href":"https:\/\/wander-kathi.li\/en\/wp-json\/wp\/v2\/pages\/2491\/revisions\/5186"}],"wp:attachment":[{"href":"https:\/\/wander-kathi.li\/en\/wp-json\/wp\/v2\/media?parent=2491"}],"curies":[{"name":"wp","href":"https:\/\/api.w.org\/{rel}","templated":true}]}}