{"id":280,"date":"2021-01-16T15:37:29","date_gmt":"2021-01-16T14:37:29","guid":{"rendered":"https:\/\/wander-kathi.li\/?page_id=280"},"modified":"2022-11-29T08:34:44","modified_gmt":"2022-11-29T07:34:44","slug":"impressum","status":"publish","type":"page","link":"https:\/\/wander-kathi.li\/en\/impressum\/","title":{"rendered":"Impressum"},"content":{"rendered":"<p>[et_pb_section fb_built=&#8220;1&#8243; _builder_version=&#8220;4.8.1&#8243; _module_preset=&#8220;default&#8220; global_colors_info=&#8220;{}&#8220;][et_pb_row _builder_version=&#8220;4.8.1&#8243; _module_preset=&#8220;default&#8220; global_colors_info=&#8220;{}&#8220;][et_pb_column type=&#8220;4_4&#8243; _builder_version=&#8220;4.8.1&#8243; _module_preset=&#8220;default&#8220; global_colors_info=&#8220;{}&#8220;][et_pb_text _builder_version=&#8220;4.8.1&#8243; _module_preset=&#8220;default&#8220; global_colors_info=&#8220;{}&#8220;]<\/p>\n<p><strong>Inhaber und Betreiber von wander-kathi.li<\/strong><br \/>Wander-Kathi GmbH<br \/>Im Gapetsch 9a<br \/>9494 Schaan<br \/>E-Mail:\u00a0<a href=\"mailto:info@wander-kathi.li\">info@wander-kathi.li<\/a><br \/>Mobil: 0041 76 415 76 36<\/p>\n<p><strong>F\u00fcr den Inhalt zust\u00e4ndig<\/strong><br \/>Katharina Link<\/p>\n<p><strong>Disclaimer (Beschr\u00e4nkung der Verantwortlichkeit)<\/strong><br \/>Dies ist die Internetseite von Katharina Link (nachfolgend \u201eWebsitebetreiber\u201c genannt). Die nachstehenden Ausf\u00fchrungen gelten f\u00fcr alle Seiten und Unterseiten. Personen, welche auf diese Webseiten zugreifen und Informationen abrufen, erkl\u00e4ren sich mit den nachfolgenden Bestimmungen einverstanden.<\/p>\n<p><strong>Haftungsausschluss<\/strong><br \/>Alle auf dieser Internetseite bereitgestellten Informationen haben wir nach bestem Wissen und Gewissen erarbeitet und gepr\u00fcft. Eine Gew\u00e4hr f\u00fcr die jederzeitige Aktualit\u00e4t, Richtigkeit, Vollst\u00e4ndigkeit und Verf\u00fcgbarkeit der bereit gestellten Informationen k\u00f6nnen wir allerdings nicht \u00fcbernehmen.<\/p>\n<p>Der Websitebetreiber lehnt jegliche Haftung f\u00fcr Sch\u00e4den oder Folgesch\u00e4den ab, die sich aus dem Zugriff auf die Internetseite beziehungsweise auf einzelne Teile davon (wie z.B. heruntergeladene Dokumente), deren Benutzung (bzw. aus der Unm\u00f6glichkeit des Zugriffs oder der Benutzung) oder Links auf andere Websites ergeben.<\/p>\n<p><strong>Verkn\u00fcpfte Internetseiten (Links)<\/strong><br \/>Diese Internetseite enth\u00e4lt zum Teil Links zu Internetseiten von Dritten.\u00a0Der Websitebetreiber \u00fcbernimmt f\u00fcr deren Inhalt keine Verantwortung.<\/p>\n<p>[\/et_pb_text][\/et_pb_column][\/et_pb_row][\/et_pb_section][et_pb_section fb_built=&#8220;1&#8243; _builder_version=&#8220;4.10.2&#8243; _module_preset=&#8220;default&#8220; global_colors_info=&#8220;{}&#8220;][et_pb_row column_structure=&#8220;1_4,1_4,1_4,1_4&#8243; _builder_version=&#8220;4.10.2&#8243; _module_preset=&#8220;default&#8220; global_colors_info=&#8220;{}&#8220;][et_pb_column type=&#8220;1_4&#8243; _builder_version=&#8220;4.10.2&#8243; _module_preset=&#8220;default&#8220; global_colors_info=&#8220;{}&#8220;][et_pb_image src=&#8220;https:\/\/wander-kathi.li\/wp-content\/uploads\/2021\/01\/bergpartner.at_.png&#8220; alt=&#8220;bergpartner.at&#8220; title_text=&#8220;bergpartner.at&#8220; _builder_version=&#8220;4.10.2&#8243; _module_preset=&#8220;default&#8220; global_colors_info=&#8220;{}&#8220;][\/et_pb_image][\/et_pb_column][et_pb_column type=&#8220;1_4&#8243; _builder_version=&#8220;4.10.2&#8243; _module_preset=&#8220;default&#8220; global_colors_info=&#8220;{}&#8220;][et_pb_image src=&#8220;https:\/\/wander-kathi.li\/wp-content\/uploads\/2022\/11\/UIMLA-Logo-300-dpi-transparent-PNG-300&#215;300-1.webp&#8220; title_text=&#8220;UIMLA-Logo-300-dpi-transparent-PNG-300&#215;300&#8243; _builder_version=&#8220;4.10.2&#8243; _module_preset=&#8220;default&#8220; global_colors_info=&#8220;{}&#8220;][\/et_pb_image][\/et_pb_column][et_pb_column type=&#8220;1_4&#8243; _builder_version=&#8220;4.10.2&#8243; _module_preset=&#8220;default&#8220; global_colors_info=&#8220;{}&#8220;][et_pb_image src=&#8220;https:\/\/wander-kathi.li\/wp-content\/uploads\/2022\/11\/wanderfuhrer-vorarlberg-logo.png&#8220; title_text=&#8220;wanderfuhrer-vorarlberg-logo&#8220; _builder_version=&#8220;4.10.2&#8243; _module_preset=&#8220;default&#8220; global_colors_info=&#8220;{}&#8220;][\/et_pb_image][\/et_pb_column][et_pb_column type=&#8220;1_4&#8243; _builder_version=&#8220;4.10.2&#8243; _module_preset=&#8220;default&#8220; global_colors_info=&#8220;{}&#8220;][et_pb_image src=&#8220;https:\/\/wander-kathi.li\/wp-content\/uploads\/2022\/11\/vlogo2007.png&#8220; title_text=&#8220;vlogo2007&#8243; _builder_version=&#8220;4.10.2&#8243; _module_preset=&#8220;default&#8220; global_colors_info=&#8220;{}&#8220;][\/et_pb_image][\/et_pb_column][\/et_pb_row][\/et_pb_section]<\/p>\n<span class=\"et_bloom_bottom_trigger\"><\/span>","protected":false},"excerpt":{"rendered":"<p>Inhaber und Betreiber von wander-kathi.liWander-Kathi GmbHIm Gapetsch 9a9494 SchaanE-Mail:\u00a0info@wander-kathi.liMobil: 0041 76 415 76 36 F\u00fcr den Inhalt zust\u00e4ndigKatharina Link Disclaimer (Beschr\u00e4nkung der Verantwortlichkeit)Dies ist die Internetseite von Katharina Link (nachfolgend \u201eWebsitebetreiber\u201c genannt). Die nachstehenden Ausf\u00fchrungen gelten f\u00fcr alle Seiten und Unterseiten. Personen, welche auf diese Webseiten zugreifen und Informationen abrufen, erkl\u00e4ren sich mit den nachfolgenden [&hellip;]<\/p>\n","protected":false},"author":1,"featured_media":0,"parent":0,"menu_order":2002,"comment_status":"closed","ping_status":"closed","template":"","meta":{"_et_pb_use_builder":"on","_et_pb_old_content":"","_et_gb_content_width":"","footnotes":""},"class_list":["post-280","page","type-page","status-publish","hentry"],"_links":{"self":[{"href":"https:\/\/wander-kathi.li\/en\/wp-json\/wp\/v2\/pages\/280","targetHints":{"allow":["GET"]}}],"collection":[{"href":"https:\/\/wander-kathi.li\/en\/wp-json\/wp\/v2\/pages"}],"about":[{"href":"https:\/\/wander-kathi.li\/en\/wp-json\/wp\/v2\/types\/page"}],"author":[{"embeddable":true,"href":"https:\/\/wander-kathi.li\/en\/wp-json\/wp\/v2\/users\/1"}],"replies":[{"embeddable":true,"href":"https:\/\/wander-kathi.li\/en\/wp-json\/wp\/v2\/comments?post=280"}],"version-history":[{"count":5,"href":"https:\/\/wander-kathi.li\/en\/wp-json\/wp\/v2\/pages\/280\/revisions"}],"predecessor-version":[{"id":4744,"href":"https:\/\/wander-kathi.li\/en\/wp-json\/wp\/v2\/pages\/280\/revisions\/4744"}],"wp:attachment":[{"href":"https:\/\/wander-kathi.li\/en\/wp-json\/wp\/v2\/media?parent=280"}],"curies":[{"name":"wp","href":"https:\/\/api.w.org\/{rel}","templated":true}]}}