{"id":442,"date":"2021-01-18T10:11:17","date_gmt":"2021-01-18T09:11:17","guid":{"rendered":"https:\/\/wander-kathi.li\/?page_id=442"},"modified":"2025-06-11T09:06:51","modified_gmt":"2025-06-11T07:06:51","slug":"faqs","status":"publish","type":"page","link":"https:\/\/wander-kathi.li\/en\/faqs\/","title":{"rendered":"FAQ&#8217;s"},"content":{"rendered":"<p>[et_pb_section fb_built=&#8220;1&#8243; _builder_version=&#8220;4.16&#8243; _module_preset=&#8220;default&#8220; global_colors_info=&#8220;{}&#8220;][et_pb_row _builder_version=&#8220;4.16&#8243; _module_preset=&#8220;default&#8220; global_colors_info=&#8220;{}&#8220;][et_pb_column type=&#8220;4_4&#8243; _builder_version=&#8220;4.16&#8243; _module_preset=&#8220;default&#8220; global_colors_info=&#8220;{}&#8220;][et_pb_text _builder_version=&#8220;4.16&#8243; _module_preset=&#8220;default&#8220; global_colors_info=&#8220;{}&#8220;]<\/p>\n<h1 style=\"text-align: center;\">H\u00e4ufige Frage<\/h1>\n<p>[\/et_pb_text][\/et_pb_column][\/et_pb_row][et_pb_row _builder_version=&#8220;4.16&#8243; _module_preset=&#8220;default&#8220; global_colors_info=&#8220;{}&#8220;][et_pb_column type=&#8220;4_4&#8243; _builder_version=&#8220;4.16&#8243; _module_preset=&#8220;default&#8220; global_colors_info=&#8220;{}&#8220;][et_pb_text _builder_version=&#8220;4.16&#8243; _module_preset=&#8220;default&#8220; global_colors_info=&#8220;{}&#8220;]<\/p>\n<h3 style=\"text-align: center;\">Knigge f\u00fcrs Wandern<\/h3>\n<p>[\/et_pb_text][et_pb_accordion icon_color=&#8220;#307230&#8243; _builder_version=&#8220;4.16&#8243; _module_preset=&#8220;default&#8220; global_colors_info=&#8220;{}&#8220;][et_pb_accordion_item title=&#8220;Ihr Titel&#8220; open=&#8220;on&#8220; _builder_version=&#8220;4.16&#8243; _module_preset=&#8220;default&#8220; custom_css_main_element=&#8220;display: none; ||&#8220; global_colors_info=&#8220;{}&#8220;][\/et_pb_accordion_item][et_pb_accordion_item title=&#8220;Verhalten beim Wandern&#8220; _builder_version=&#8220;4.16&#8243; _module_preset=&#8220;default&#8220; global_colors_info=&#8220;{}&#8220; open=&#8220;off&#8220;]<\/p>\n<ul>\n<li>Respektiere die Natur und nimm deinen Abfall wieder mit<\/li>\n<li>Schliesse Weidegatter, damit das Vieh nicht abhaut<\/li>\n<li>Respektiere die Tiere, wir sind zu Gast in ihrem Wohnzimmer<\/li>\n<li>Respektiere die anderen Naturliebhaber (z.B. Biker und andere Ausfl\u00fcgler)<\/li>\n<li>Ber\u00fccksichtige lokale Alpwirtschaften und Dienstleister<\/li>\n<\/ul>\n<p>[\/et_pb_accordion_item][et_pb_accordion_item title=&#8220;Ern\u00e4hrung&#8220; _builder_version=&#8220;4.16&#8243; _module_preset=&#8220;default&#8220; custom_margin=&#8220;-31px||||false|false&#8220; global_colors_info=&#8220;{}&#8220; open=&#8220;off&#8220;]<\/p>\n<h5 class=\"entry-header\"><strong>Richtige Ern\u00e4hrung beim Bergsteigen<\/strong><\/h5>\n<p>Beim Bergsteigen ist es wichtig, die K\u00f6rperspeicher richtig aufzuf\u00fcllen ansonsten kann es zu einem Leistung- und Konzentrationsr\u00fcckgang kommen. Dadurch k\u00f6nnten unvorhergesehene Ereignisse durch das Fehlen von Reserven zur Gefahr werden.\u00a0<\/p>\n<h5><strong>Energie liefern Kohlenhydrate, Fette und Proteine.<\/strong><\/h5>\n<p>Beim H\u00f6henbergsteigen, wo der Sauerstoffgehalt in der Luft vermindert ist, wird der Energieumsatz bevorzugt aus dem Kohlenhydratabbau bestritten. Darum sollte man auf die Kohlenhydrataufnahme achten. Bevorzugte<span>\u00a0<\/span><strong>Kohlehydrate\u00a0<\/strong>sollten die komplexen (Polysaccariden) sein, diese kommen in Getreideprodukten (Nudeln, Reis Getreideflocken, Brot) Kartoffeln und Gem\u00fcse vor. Diese sorgen f\u00fcr einen konstanten Blutzuckerspiegel. Lebensmittel die reich an komplexen Kohlenhydraten sind, liefern zudem Vitamine und Mineralstoffe.<\/p>\n<p><strong>Fette<span>\u00a0<\/span><\/strong>sollten pflanzlichen Ursprungs (\u00d6le) sein und jenen tierischen Ursprungs (Butter) vorgezogen werden. Ausnahme ist das Fisch\u00f6l, das das wichtige Omega-3 liefert.<\/p>\n<p><strong>Proteine<\/strong><span>\u00a0<\/span>kommen sowohl in tierischen als auch in pflanzlichen Lebensmitteln vor. Zu den eiwissreichen Lebensmittel z\u00e4hlen vorallem Fleisch, Fisch, Eier, Milch und Milchprodukte sowie Getreide und H\u00fclsenfr\u00fcchte.<\/p>\n<p>Zudem werden 5 Portionen Obst und Gem\u00fcse pro Tag empfohlen um die<span>\u00a0<\/span><strong>Vitamin<\/strong>\u2013 und<span>\u00a0<\/span><strong>Mineralstoffzufuhr<\/strong><span>\u00a0<\/span>zu gew\u00e4hrleisten.<\/p>\n<p>[\/et_pb_accordion_item][et_pb_accordion_item title=&#8220;Wozu brauche ich einen Wanderf\u00fchrer?&#8220; _builder_version=&#8220;4.16&#8243; _module_preset=&#8220;default&#8220; custom_margin=&#8220;-31px||||false|false&#8220; global_colors_info=&#8220;{}&#8220; open=&#8220;off&#8220;]<\/p>\n<p>Wanderf\u00fchrerInnen sind Personen, die mit bergbegeisterten Urlaubern, Touristen oder Einheimischen gef\u00fchrte Wanderungen unternehmen. Sie sorgen daf\u00fcr, dass diese interessant, stimmig und kurzweilig ausfallen und den F\u00e4higkeiten des Gastes angepasst sind. Massgeschneidert sozusagen. Denn sie kennen die Wege, k\u00f6nnen das Wetter einsch\u00e4tzen und erz\u00e4hlen ihren G\u00e4sten unterwegs sowohl von den Pflanzen am Wegrand als auch von \u201eAllt\u00e4glichem\u201c, etwa den Berggipfel die man ersp\u00e4hen kann oder Geschichten und Sagen aus dem Land. Sie wissen au\u00dferdem, wo man gut fotografieren, rasten und einkehren kann.<\/p>\n<p>[\/et_pb_accordion_item][et_pb_accordion_item title=&#8220;Wie erkenne ich einen Wanderf\u00fchrer?&#8220; _builder_version=&#8220;4.16&#8243; _module_preset=&#8220;default&#8220; custom_margin=&#8220;-31px||||false|false&#8220; global_colors_info=&#8220;{}&#8220; open=&#8220;off&#8220;]<\/p>\n<p>Wanderf\u00fchrerInnen erkennt man am Stoffabzeichen, einem kleinen Metallabzeichen und einem Ausweis mit Lichtbild.<\/p>\n<p>[\/et_pb_accordion_item][et_pb_accordion_item title=&#8220;Was ist ein LVS-Set?&#8220; _builder_version=&#8220;4.16&#8243; _module_preset=&#8220;default&#8220; custom_margin=&#8220;-31px||||false|false&#8220; global_colors_info=&#8220;{}&#8220; open=&#8220;off&#8220;]<div style=\"width: 1080px;\" class=\"wp-video\"><video class=\"wp-video-shortcode\" id=\"video-442-1\" width=\"1080\" height=\"608\" preload=\"metadata\" controls=\"controls\"><source type=\"video\/mp4\" src=\"https:\/\/wander-kathi.li\/wp-content\/uploads\/2021\/02\/20210217_154008.mp4?_=1\" \/><a href=\"https:\/\/wander-kathi.li\/wp-content\/uploads\/2021\/02\/20210217_154008.mp4\">https:\/\/wander-kathi.li\/wp-content\/uploads\/2021\/02\/20210217_154008.mp4<\/a><\/video><\/div>[\/et_pb_accordion_item][\/et_pb_accordion][\/et_pb_column][\/et_pb_row][et_pb_row _builder_version=&#8220;4.16&#8243; _module_preset=&#8220;default&#8220; global_colors_info=&#8220;{}&#8220;][et_pb_column type=&#8220;4_4&#8243; _builder_version=&#8220;4.16&#8243; _module_preset=&#8220;default&#8220; global_colors_info=&#8220;{}&#8220;][et_pb_text _builder_version=&#8220;4.16&#8243; _module_preset=&#8220;default&#8220; global_colors_info=&#8220;{}&#8220;]<\/p>\n<h3 style=\"text-align: center;\">Organisatorische und rechtliche Themen<\/h3>\n<p>[\/et_pb_text][et_pb_accordion icon_color=&#8220;#307230&#8243; _builder_version=&#8220;4.16&#8243; _module_preset=&#8220;default&#8220; global_colors_info=&#8220;{}&#8220;][et_pb_accordion_item title=&#8220;Ihr Titel&#8220; open=&#8220;on&#8220; _builder_version=&#8220;4.16&#8243; _module_preset=&#8220;default&#8220; custom_css_main_element=&#8220;display: none; ||&#8220; global_colors_info=&#8220;{}&#8220;][\/et_pb_accordion_item][et_pb_accordion_item title=&#8220;Allgemeine Gesch\u00e4ftsbedingungen&#8220; _builder_version=&#8220;4.16&#8243; _module_preset=&#8220;default&#8220; global_colors_info=&#8220;{}&#8220; open=&#8220;off&#8220;]<\/p>\n<p><a href=\"https:\/\/wander-kathi.li\/wp-content\/uploads\/2021\/01\/Allgemeine-Geschaeftsbedingungen.pdf\" target=\"_blank\" rel=\"noopener\">Zum Download<\/a><\/p>\n<p>[\/et_pb_accordion_item][et_pb_accordion_item title=&#8220;Allgemeine Datenverarbeitung&#8220; _builder_version=&#8220;4.16&#8243; _module_preset=&#8220;default&#8220; custom_margin=&#8220;-31px||||false|false&#8220; global_colors_info=&#8220;{}&#8220; open=&#8220;off&#8220;]<\/p>\n<p><a href=\"https:\/\/wander-kathi.li\/wp-content\/uploads\/2021\/01\/Allgemeine-Datenverarbeitung.pdf\" target=\"_blank\" rel=\"noopener\">Zum Download<\/a><\/p>\n<p>[\/et_pb_accordion_item][et_pb_accordion_item title=&#8220;Datenschutzerkl\u00e4rung&#8220; _builder_version=&#8220;4.16&#8243; _module_preset=&#8220;default&#8220; custom_margin=&#8220;-31px||||false|false&#8220; global_colors_info=&#8220;{}&#8220; open=&#8220;off&#8220;]<\/p>\n<p><a href=\"https:\/\/wander-kathi.li\/wp-content\/uploads\/2021\/01\/Datenschutzerklaerung.pdf\" target=\"_blank\" rel=\"noopener\">Zum Download<\/a><\/p>\n<p>[\/et_pb_accordion_item][\/et_pb_accordion][\/et_pb_column][\/et_pb_row][et_pb_row _builder_version=&#8220;4.16&#8243; _module_preset=&#8220;default&#8220; global_colors_info=&#8220;{}&#8220;][et_pb_column type=&#8220;4_4&#8243; _builder_version=&#8220;4.16&#8243; _module_preset=&#8220;default&#8220; global_colors_info=&#8220;{}&#8220;][et_pb_text _builder_version=&#8220;4.16&#8243; _module_preset=&#8220;default&#8220; global_colors_info=&#8220;{}&#8220;]<\/p>\n<h3 style=\"text-align: center;\">Natur und Tier<\/h3>\n<p>[\/et_pb_text][et_pb_accordion icon_color=&#8220;#307230&#8243; _builder_version=&#8220;4.16&#8243; _module_preset=&#8220;default&#8220; global_colors_info=&#8220;{}&#8220;][et_pb_accordion_item title=&#8220;Ihr Titel&#8220; open=&#8220;on&#8220; _builder_version=&#8220;4.16&#8243; _module_preset=&#8220;default&#8220; custom_css_main_element=&#8220;display: none; ||&#8220; global_colors_info=&#8220;{}&#8220;][\/et_pb_accordion_item][et_pb_accordion_item title=&#8220;Herdenschutzhund&#8220; _builder_version=&#8220;4.16&#8243; _module_preset=&#8220;default&#8220; global_colors_info=&#8220;{}&#8220; open=&#8220;off&#8220;]<\/p>\n<h5><strong>Hund im Weg, so verhalte ich mich richtig!<\/strong><\/h5>\n<p>Um Herdenschutzhunden auf den Weiden die Arbeit zu erleichtern, m\u00fcssen Passanten deren Verhalten respektieren. Dazu gibt es Verhaltensregeln, damit die Herde m\u00f6glichst wenig gest\u00f6rt und die Tiere in den Augen des Hundes nicht bedroht werden.<\/p>\n<ul>\n<li>Nicht direkt in eine Herde hineinmarschieren, sondern zuerst stehenbleiben, nicht reden oder gar schreien. Bauchgef\u00fchl beachten, denn der Hund f\u00fchlt die Emotionen eines Passanten (Angst, Wut, Zorn usw.)<\/li>\n<li>Ruhe bewahren, kein direkter Blickkontakt, Provokationen mit St\u00f6cken und schnelle Bewegung meiden, Desinteresse markieren.<\/li>\n<li>Die Herde nach M\u00f6glichkeit um- oder zumindest langsam in ihr vorbeigehen, ohne die Tiere zu st\u00f6ren.<\/li>\n<li>Das Problem ist oft nicht der Wanderer, sondern der ihn begleitende Hund. Diesen an die Leine nehmen. Ein fremder Hund darf auf keinen Fall zur oder gar in die Herde rennen.<\/li>\n<li>Zutrauliche Schutzhunde weder streicheln noch f\u00fcttern. Und solche, die einem folgen, ignorieren. Der Hund kehrt von selber zu seiner Herde zur\u00fcck.<\/li>\n<\/ul>\n<p>Weitere Infos und Online-Karten mit den Einsatzorten von Herdenschutzhunden im Alpgebiet bei der Fachstelle Herdenschutz Agridea unter\u00a00041 52 354 9 70 oder im Internet unter\u00a0<a href=\"http:\/\/www.herdenschutzschweiz.ch\/\" target=\"_blank\" rel=\"noreferrer noopener\">www.herdenschutzschweiz.ch<\/a><\/p>\n<p>Quelle: Wandermagazin Schweiz, Ausgabe 2\/2020<\/p>\n<p>[\/et_pb_accordion_item][et_pb_accordion_item title=&#8220;Wildruhezone&#8220; _builder_version=&#8220;4.16&#8243; _module_preset=&#8220;default&#8220; custom_margin=&#8220;-31px||||false|false&#8220; global_colors_info=&#8220;{}&#8220; open=&#8220;off&#8220;]<\/p>\n<p><span>Wer mit Respekt unterwegs ist und den Wildtieren mit R\u00fccksicht begegnet, kann unbeschwert die Natur geniessen und hilft damit den Wildtieren, den strengen Bergwinter zu \u00fcberleben.<\/span><\/p>\n<p><span>Vier Regeln f\u00fcr unterwegs:<\/span><br \/><span>1. Wildruhezonen und Wildschutzgebiete beachten: Sie bieten Wildtieren R\u00fcckzugsr\u00e4ume<\/span><br \/><span>2. Im Wald auf Wegen und bezeichneten Routen bleiben: So k\u00f6nnen sich Wildtiere an den Menschen gew\u00f6hnen.<\/span><br \/><span>3. Waldr\u00e4nder und schneefreie Fl\u00e4chen meiden: Sie sind die Lieblingspl\u00e4tze der Wildtiere.<\/span><br \/><span>4. Hunde an der Leine f\u00fchren, insbesondere im Wald: Wildtiere fl\u00fcchten vor frei laufenden Hunden.<\/span><\/p>\n<p>[\/et_pb_accordion_item][et_pb_accordion_item title=&#8220;Bergblumen &#8220; _builder_version=&#8220;4.16&#8243; _module_preset=&#8220;default&#8220; custom_margin=&#8220;-31px||||false|false&#8220; global_colors_info=&#8220;{}&#8220; open=&#8220;off&#8220;]<\/p>\n<h5 class=\"entry-header\"><strong>Legen Bergblumen mehr Wert auf Sch\u00f6nheit?<\/strong><\/h5>\n<p>Weil das Gebirge ein karger Lebensraum ist, betreiben Blumen hier mehr Aufwand, um gesehen zu werden: Vergleicht man zwei Pflanzen aus derselben Familie, von denen eine im Hochgebirge w\u00e4chst, die andere im Tal, so investiert die Gebirgspflanze etwa 34 Prozent ihrer Biomasse in Bl\u00fcten, die Pflanze im Tal aber nur ungef\u00e4hr 13 Prozent.<\/p>\n<p>[\/et_pb_accordion_item][\/et_pb_accordion][\/et_pb_column][\/et_pb_row][et_pb_row _builder_version=&#8220;4.16&#8243; _module_preset=&#8220;default&#8220; global_colors_info=&#8220;{}&#8220;][et_pb_column type=&#8220;4_4&#8243; _builder_version=&#8220;4.16&#8243; _module_preset=&#8220;default&#8220; global_colors_info=&#8220;{}&#8220;][et_pb_text _builder_version=&#8220;4.16&#8243; _module_preset=&#8220;default&#8220; global_colors_info=&#8220;{}&#8220;]<\/p>\n<h1 style=\"text-align: center;\">Partner<\/h1>\n<p>[\/et_pb_text][\/et_pb_column][\/et_pb_row][et_pb_row column_structure=&#8220;1_6,1_6,1_6,1_6,1_6,1_6&#8243; make_equal=&#8220;on&#8220; _builder_version=&#8220;4.21.0&#8243; _module_preset=&#8220;default&#8220; hover_enabled=&#8220;0&#8243; global_colors_info=&#8220;{}&#8220; sticky_enabled=&#8220;0&#8243;][et_pb_column type=&#8220;1_6&#8243; _builder_version=&#8220;4.21.0&#8243; _module_preset=&#8220;default&#8220; custom_css_main_element=&#8220;display: flex;||align-items: center;||&#8220; global_colors_info=&#8220;{}&#8220;][et_pb_image src=&#8220;https:\/\/wander-kathi.li\/wp-content\/uploads\/2022\/11\/wanderfuhrer-vorarlberg-logo.png&#8220; alt=&#8220;bergpartner.at&#8220; title_text=&#8220;wanderfuhrer-vorarlberg-logo&#8220; url_new_window=&#8220;on&#8220; align=&#8220;center&#8220; _builder_version=&#8220;4.21.0&#8243; _module_preset=&#8220;default&#8220; global_colors_info=&#8220;{}&#8220;][\/et_pb_image][\/et_pb_column][et_pb_column type=&#8220;1_6&#8243; _builder_version=&#8220;4.21.0&#8243; _module_preset=&#8220;default&#8220; custom_css_main_element=&#8220;display: flex;||align-items: center;||&#8220; global_colors_info=&#8220;{}&#8220;][et_pb_image src=&#8220;https:\/\/wander-kathi.li\/wp-content\/uploads\/2022\/11\/UIMLA-Logo-300-dpi-transparent-PNG-300&#215;300-1.webp&#8220; title_text=&#8220;UIMLA-Logo-300-dpi-transparent-PNG-300&#215;300&#8243; _builder_version=&#8220;4.21.0&#8243; _module_preset=&#8220;default&#8220; global_colors_info=&#8220;{}&#8220;][\/et_pb_image][\/et_pb_column][et_pb_column type=&#8220;1_6&#8243; _builder_version=&#8220;4.21.0&#8243; _module_preset=&#8220;default&#8220; custom_css_main_element=&#8220;display: flex;||align-items: center;||&#8220; global_colors_info=&#8220;{}&#8220;][et_pb_image src=&#8220;https:\/\/wander-kathi.li\/wp-content\/uploads\/2021\/02\/Vlbg_Bergfuehrervarband.jpg&#8220; alt=&#8220;wanderguide.li&#8220; title_text=&#8220;Vlbg_Bergf\u00fchrervarband&#8220; url=&#8220;https:\/\/www.vorarlberg.bergfuehrer.at\/&#8220; url_new_window=&#8220;on&#8220; align=&#8220;center&#8220; _builder_version=&#8220;4.21.0&#8243; _module_preset=&#8220;default&#8220; global_colors_info=&#8220;{}&#8220;][\/et_pb_image][\/et_pb_column][et_pb_column type=&#8220;1_6&#8243; _builder_version=&#8220;4.21.0&#8243; _module_preset=&#8220;default&#8220; custom_css_main_element=&#8220;display: flex;||align-items: center;||&#8220; global_colors_info=&#8220;{}&#8220;][et_pb_image src=&#8220;https:\/\/wander-kathi.li\/wp-content\/uploads\/2021\/01\/bergpartner.at_.png&#8220; alt=&#8220;bergpartner.at&#8220; title_text=&#8220;bergpartner.at&#8220; url=&#8220;https:\/\/www.vorarlberg.travel\/bergpartner-vorarlberg\/&#8220; url_new_window=&#8220;on&#8220; align=&#8220;center&#8220; _builder_version=&#8220;4.21.0&#8243; _module_preset=&#8220;default&#8220; global_colors_info=&#8220;{}&#8220;][\/et_pb_image][\/et_pb_column][et_pb_column type=&#8220;1_6&#8243; _builder_version=&#8220;4.21.0&#8243; _module_preset=&#8220;default&#8220; custom_css_main_element=&#8220;display: flex;||align-items: center;||&#8220; global_colors_info=&#8220;{}&#8220;][et_pb_text _builder_version=&#8220;4.21.0&#8243; _module_preset=&#8220;default&#8220; global_colors_info=&#8220;{}&#8220;]<\/p>\n<p><a href=\"https:\/\/www.kayak.de\/Schaan.48420.guide\" target=\"_blank\" rel=\"noopener\"><img decoding=\"async\" height=\"150\" data-src=\"https:\/\/content.r9cdn.net\/rimg\/seo\/badges\/v1\/ORANGE_LARGE_FIND_US_KAYAK.png\" src=\"data:image\/svg+xml;base64,PHN2ZyB3aWR0aD0iMSIgaGVpZ2h0PSIxIiB4bWxucz0iaHR0cDovL3d3dy53My5vcmcvMjAwMC9zdmciPjwvc3ZnPg==\" class=\"lazyload\" \/><\/a><\/p>\n<p>[\/et_pb_text][\/et_pb_column][et_pb_column type=&#8220;1_6&#8243; _builder_version=&#8220;4.21.0&#8243; _module_preset=&#8220;default&#8220; custom_css_main_element=&#8220;display: flex;||align-items: center;||&#8220; global_colors_info=&#8220;{}&#8220;][et_pb_image src=&#8220;https:\/\/wander-kathi.li\/wp-content\/uploads\/2021\/01\/wanderguide.li_.jpg&#8220; alt=&#8220;wanderguide.li&#8220; title_text=&#8220;wanderguide.li&#8220; url=&#8220;https:\/\/www.wanderguide.li\/&#8220; url_new_window=&#8220;on&#8220; align=&#8220;center&#8220; _builder_version=&#8220;4.21.0&#8243; _module_preset=&#8220;default&#8220; global_colors_info=&#8220;{}&#8220;][\/et_pb_image][\/et_pb_column][\/et_pb_row][\/et_pb_section]<\/p>\n<span class=\"et_bloom_bottom_trigger\"><\/span>","protected":false},"excerpt":{"rendered":"<p>H\u00e4ufige FrageKnigge f\u00fcrs Wandern Respektiere die Natur und nimm deinen Abfall wieder mit Schliesse Weidegatter, damit das Vieh nicht abhaut Respektiere die Tiere, wir sind zu Gast in ihrem Wohnzimmer Respektiere die anderen Naturliebhaber (z.B. Biker und andere Ausfl\u00fcgler) Ber\u00fccksichtige lokale Alpwirtschaften und Dienstleister Richtige Ern\u00e4hrung beim Bergsteigen Beim Bergsteigen ist es wichtig, die K\u00f6rperspeicher [&hellip;]<\/p>\n","protected":false},"author":1,"featured_media":0,"parent":0,"menu_order":1010,"comment_status":"closed","ping_status":"closed","template":"","meta":{"_et_pb_use_builder":"on","_et_pb_old_content":"","_et_gb_content_width":"","footnotes":""},"class_list":["post-442","page","type-page","status-publish","hentry"],"_links":{"self":[{"href":"https:\/\/wander-kathi.li\/en\/wp-json\/wp\/v2\/pages\/442","targetHints":{"allow":["GET"]}}],"collection":[{"href":"https:\/\/wander-kathi.li\/en\/wp-json\/wp\/v2\/pages"}],"about":[{"href":"https:\/\/wander-kathi.li\/en\/wp-json\/wp\/v2\/types\/page"}],"author":[{"embeddable":true,"href":"https:\/\/wander-kathi.li\/en\/wp-json\/wp\/v2\/users\/1"}],"replies":[{"embeddable":true,"href":"https:\/\/wander-kathi.li\/en\/wp-json\/wp\/v2\/comments?post=442"}],"version-history":[{"count":10,"href":"https:\/\/wander-kathi.li\/en\/wp-json\/wp\/v2\/pages\/442\/revisions"}],"predecessor-version":[{"id":5503,"href":"https:\/\/wander-kathi.li\/en\/wp-json\/wp\/v2\/pages\/442\/revisions\/5503"}],"wp:attachment":[{"href":"https:\/\/wander-kathi.li\/en\/wp-json\/wp\/v2\/media?parent=442"}],"curies":[{"name":"wp","href":"https:\/\/api.w.org\/{rel}","templated":true}]}}