{"id":4219,"date":"2022-05-16T17:11:29","date_gmt":"2022-05-16T15:11:29","guid":{"rendered":"https:\/\/wander-kathi.li\/?post_type=product&#038;p=4219"},"modified":"2022-06-11T17:17:48","modified_gmt":"2022-06-11T15:17:48","slug":"oeber-da-wolka-schoenberg","status":"publish","type":"product","link":"https:\/\/wander-kathi.li\/en\/product\/oeber-da-wolka-schoenberg\/","title":{"rendered":"\u00d6ber da Wolka (Sch\u00f6nberg)"},"content":{"rendered":"<p>Gipfelgl\u00fcck bei herrlichem Winterwetter auf dem Sch\u00f6nberg.<\/p>\n<p>Das jeweilige Format ist unter den Bildern in der Vorschau ersichtlich.<\/p>\n<span class=\"et_bloom_bottom_trigger\"><\/span>","protected":false},"excerpt":{"rendered":"<p>Bild in unterschiedlichen Formaten und Gr\u00f6ssen bestellbar<\/p>","protected":false},"featured_media":4241,"comment_status":"open","ping_status":"closed","template":"","meta":{"_et_pb_use_builder":"","_et_pb_old_content":"","_et_gb_content_width":""},"product_brand":[],"product_cat":[119],"product_tag":[],"class_list":{"0":"post-4219","1":"product","2":"type-product","3":"status-publish","4":"has-post-thumbnail","6":"product_cat-leinwand","7":"product_shipping_class-bilder","9":"first","10":"instock","11":"featured","12":"shipping-taxable","13":"purchasable","14":"product-type-variable"},"_links":{"self":[{"href":"https:\/\/wander-kathi.li\/en\/wp-json\/wp\/v2\/product\/4219","targetHints":{"allow":["GET"]}}],"collection":[{"href":"https:\/\/wander-kathi.li\/en\/wp-json\/wp\/v2\/product"}],"about":[{"href":"https:\/\/wander-kathi.li\/en\/wp-json\/wp\/v2\/types\/product"}],"replies":[{"embeddable":true,"href":"https:\/\/wander-kathi.li\/en\/wp-json\/wp\/v2\/comments?post=4219"}],"wp:featuredmedia":[{"embeddable":true,"href":"https:\/\/wander-kathi.li\/en\/wp-json\/wp\/v2\/media\/4241"}],"wp:attachment":[{"href":"https:\/\/wander-kathi.li\/en\/wp-json\/wp\/v2\/media?parent=4219"}],"wp:term":[{"taxonomy":"product_brand","embeddable":true,"href":"https:\/\/wander-kathi.li\/en\/wp-json\/wp\/v2\/product_brand?post=4219"},{"taxonomy":"product_cat","embeddable":true,"href":"https:\/\/wander-kathi.li\/en\/wp-json\/wp\/v2\/product_cat?post=4219"},{"taxonomy":"product_tag","embeddable":true,"href":"https:\/\/wander-kathi.li\/en\/wp-json\/wp\/v2\/product_tag?post=4219"}],"curies":[{"name":"wp","href":"https:\/\/api.w.org\/{rel}","templated":true}]}}