{"id":4364,"date":"2022-05-16T21:46:06","date_gmt":"2022-05-16T19:46:06","guid":{"rendered":"https:\/\/wander-kathi.li\/?post_type=product&#038;p=4364"},"modified":"2022-06-11T17:17:48","modified_gmt":"2022-06-11T15:17:48","slug":"taeg-wia-daer-alpstein-unikat","status":"publish","type":"product","link":"https:\/\/wander-kathi.li\/en\/product\/taeg-wia-daer-alpstein-unikat\/","title":{"rendered":"T\u00e4g wia d\u00e4r (Alpstein) ***UNIKAT***"},"content":{"rendered":"<p>Ph\u00e4nomenale Abendstimmung auf dem Alpstein mit Blick auf den Rhein und das Rheintal.<\/p>\n<p>Dieses Bild ist ausschliesslich im 3:2-Format erh\u00e4ltlich und wird auch nur als Unikat, sprich einmalig, verkauft.<\/p>\n<span class=\"et_bloom_bottom_trigger\"><\/span>","protected":false},"excerpt":{"rendered":"<p>Ph\u00e4nomenale Abendstimmung auf dem Alpstein mit Blick auf den Rhein und das Rheintal. Dieses Bild ist ausschliesslich im 3:2-Format erh\u00e4ltlich und wird auch nur als Unikat, sprich einmalig, verkauft.<\/p>","protected":false},"featured_media":4376,"comment_status":"open","ping_status":"closed","template":"","meta":{"_et_pb_use_builder":"","_et_pb_old_content":"","_et_gb_content_width":""},"product_brand":[],"product_cat":[154,119,152],"product_tag":[],"class_list":{"0":"post-4364","1":"product","2":"type-product","3":"status-publish","4":"has-post-thumbnail","6":"product_cat-format-32","7":"product_cat-leinwand","8":"product_cat-unikate","9":"product_shipping_class-bilder","11":"first","12":"instock","13":"featured","14":"shipping-taxable","15":"purchasable","16":"product-type-variable"},"_links":{"self":[{"href":"https:\/\/wander-kathi.li\/en\/wp-json\/wp\/v2\/product\/4364","targetHints":{"allow":["GET"]}}],"collection":[{"href":"https:\/\/wander-kathi.li\/en\/wp-json\/wp\/v2\/product"}],"about":[{"href":"https:\/\/wander-kathi.li\/en\/wp-json\/wp\/v2\/types\/product"}],"replies":[{"embeddable":true,"href":"https:\/\/wander-kathi.li\/en\/wp-json\/wp\/v2\/comments?post=4364"}],"wp:featuredmedia":[{"embeddable":true,"href":"https:\/\/wander-kathi.li\/en\/wp-json\/wp\/v2\/media\/4376"}],"wp:attachment":[{"href":"https:\/\/wander-kathi.li\/en\/wp-json\/wp\/v2\/media?parent=4364"}],"wp:term":[{"taxonomy":"product_brand","embeddable":true,"href":"https:\/\/wander-kathi.li\/en\/wp-json\/wp\/v2\/product_brand?post=4364"},{"taxonomy":"product_cat","embeddable":true,"href":"https:\/\/wander-kathi.li\/en\/wp-json\/wp\/v2\/product_cat?post=4364"},{"taxonomy":"product_tag","embeddable":true,"href":"https:\/\/wander-kathi.li\/en\/wp-json\/wp\/v2\/product_tag?post=4364"}],"curies":[{"name":"wp","href":"https:\/\/api.w.org\/{rel}","templated":true}]}}