{"id":4554,"date":"2022-06-11T16:03:20","date_gmt":"2022-06-11T14:03:20","guid":{"rendered":"https:\/\/wander-kathi.li\/?post_type=product&#038;p=4554"},"modified":"2023-01-24T07:27:21","modified_gmt":"2023-01-24T06:27:21","slug":"kaesefondue-moite-moite","status":"publish","type":"product","link":"https:\/\/wander-kathi.li\/en\/product\/kaesefondue-moite-moite\/","title":{"rendered":"K\u00e4sefondue Moit\u00e9-Moit\u00e9 f\u00fcr Wanderer"},"content":{"rendered":"<p>K\u00e4sefondue Moit\u00e9-Moit\u00e9 zur Verpflegung unterwegs!<br \/>\nFertigmischung, gefriergetrocknet, 165g<\/p>\n<p>Zubereitung: mit 235ml Wasser aufkochen, ergibt 400g Fondue<\/p>\n<p>Unsere Produkte sind nachhaltig und regional. Um die Haltbarkeit von Lebensmitteln zu erh\u00f6hen, haben wir das Verfahren der Gefriertrocknung f\u00fcr uns entdeckt. Es ist die schonendste Art Lebensmittel haltbar zu machen. Durch den Entzug des Wassers bleiben die Vitamine und die N\u00e4hrstoffe erhalten und es werden keine Zusatzstoffe ben\u00f6tigt.<\/p>\n<span class=\"et_bloom_bottom_trigger\"><\/span>","protected":false},"excerpt":{"rendered":"<p>K\u00e4sefondue Moit\u00e9-Moit\u00e9 zur Verpflegung unterwegs! Fertigmischung, gefriergetrocknet, 165g Zubereitung: mit 235ml Wasser aufkochen, ergibt 400g Fondue Unsere Produkte sind nachhaltig und regional. Um die Haltbarkeit von Lebensmitteln zu erh\u00f6hen, haben wir das Verfahren der Gefriertrocknung f\u00fcr uns entdeckt. Es ist die schonendste Art Lebensmittel haltbar zu machen. Durch den Entzug des Wassers bleiben die Vitamine [&hellip;]<\/p>\n","protected":false},"featured_media":4763,"comment_status":"closed","ping_status":"closed","template":"","meta":{"_et_pb_use_builder":"","_et_pb_old_content":"","_et_gb_content_width":""},"product_brand":[],"product_cat":[157],"product_tag":[],"class_list":{"0":"post-4554","1":"product","2":"type-product","3":"status-publish","4":"has-post-thumbnail","6":"product_cat-verpflegung","7":"product_shipping_class-keine-bilder","9":"first","10":"instock","11":"featured","12":"shipping-taxable","13":"purchasable","14":"product-type-simple"},"_links":{"self":[{"href":"https:\/\/wander-kathi.li\/en\/wp-json\/wp\/v2\/product\/4554","targetHints":{"allow":["GET"]}}],"collection":[{"href":"https:\/\/wander-kathi.li\/en\/wp-json\/wp\/v2\/product"}],"about":[{"href":"https:\/\/wander-kathi.li\/en\/wp-json\/wp\/v2\/types\/product"}],"replies":[{"embeddable":true,"href":"https:\/\/wander-kathi.li\/en\/wp-json\/wp\/v2\/comments?post=4554"}],"wp:featuredmedia":[{"embeddable":true,"href":"https:\/\/wander-kathi.li\/en\/wp-json\/wp\/v2\/media\/4763"}],"wp:attachment":[{"href":"https:\/\/wander-kathi.li\/en\/wp-json\/wp\/v2\/media?parent=4554"}],"wp:term":[{"taxonomy":"product_brand","embeddable":true,"href":"https:\/\/wander-kathi.li\/en\/wp-json\/wp\/v2\/product_brand?post=4554"},{"taxonomy":"product_cat","embeddable":true,"href":"https:\/\/wander-kathi.li\/en\/wp-json\/wp\/v2\/product_cat?post=4554"},{"taxonomy":"product_tag","embeddable":true,"href":"https:\/\/wander-kathi.li\/en\/wp-json\/wp\/v2\/product_tag?post=4554"}],"curies":[{"name":"wp","href":"https:\/\/api.w.org\/{rel}","templated":true}]}}