{"id":4585,"date":"2022-07-24T13:25:03","date_gmt":"2022-07-24T11:25:03","guid":{"rendered":"https:\/\/wander-kathi.li\/?post_type=product&#038;p=4585"},"modified":"2022-07-24T13:35:08","modified_gmt":"2022-07-24T11:35:08","slug":"baergfreda-gaenglesee","status":"publish","type":"product","link":"https:\/\/wander-kathi.li\/en\/product\/baergfreda-gaenglesee\/","title":{"rendered":"B\u00e4rgfreda (G\u00e4nglesee)"},"content":{"rendered":"<p>Winterstimmung mit Sonnenschein am G\u00e4nglesee.<\/p>\n<p>Das jeweilige Format ist unter den Bildern in der Vorschau ersichtlich.<\/p>\n<span class=\"et_bloom_bottom_trigger\"><\/span>","protected":false},"excerpt":{"rendered":"<p>Bild in unterschiedlichen Formaten und Gr\u00f6ssen bestellbar<\/p>","protected":false},"featured_media":4605,"comment_status":"open","ping_status":"closed","template":"","meta":{"_et_pb_use_builder":"","_et_pb_old_content":"","_et_gb_content_width":""},"product_brand":[],"product_cat":[166],"product_tag":[],"class_list":{"0":"post-4585","1":"product","2":"type-product","3":"status-publish","4":"has-post-thumbnail","6":"product_cat-pfaelzerhuette-leinwaende","7":"product_shipping_class-bilder","9":"first","10":"instock","11":"featured","12":"shipping-taxable","13":"purchasable","14":"product-type-variable"},"_links":{"self":[{"href":"https:\/\/wander-kathi.li\/en\/wp-json\/wp\/v2\/product\/4585","targetHints":{"allow":["GET"]}}],"collection":[{"href":"https:\/\/wander-kathi.li\/en\/wp-json\/wp\/v2\/product"}],"about":[{"href":"https:\/\/wander-kathi.li\/en\/wp-json\/wp\/v2\/types\/product"}],"replies":[{"embeddable":true,"href":"https:\/\/wander-kathi.li\/en\/wp-json\/wp\/v2\/comments?post=4585"}],"wp:featuredmedia":[{"embeddable":true,"href":"https:\/\/wander-kathi.li\/en\/wp-json\/wp\/v2\/media\/4605"}],"wp:attachment":[{"href":"https:\/\/wander-kathi.li\/en\/wp-json\/wp\/v2\/media?parent=4585"}],"wp:term":[{"taxonomy":"product_brand","embeddable":true,"href":"https:\/\/wander-kathi.li\/en\/wp-json\/wp\/v2\/product_brand?post=4585"},{"taxonomy":"product_cat","embeddable":true,"href":"https:\/\/wander-kathi.li\/en\/wp-json\/wp\/v2\/product_cat?post=4585"},{"taxonomy":"product_tag","embeddable":true,"href":"https:\/\/wander-kathi.li\/en\/wp-json\/wp\/v2\/product_tag?post=4585"}],"curies":[{"name":"wp","href":"https:\/\/api.w.org\/{rel}","templated":true}]}}