{"id":4633,"date":"2022-07-24T13:44:56","date_gmt":"2022-07-24T11:44:56","guid":{"rendered":"https:\/\/wander-kathi.li\/?post_type=product&#038;p=4633"},"modified":"2022-07-24T13:47:44","modified_gmt":"2022-07-24T11:47:44","slug":"stille-meister-langspitz","status":"publish","type":"product","link":"https:\/\/wander-kathi.li\/en\/product\/stille-meister-langspitz\/","title":{"rendered":"Winterruah (G\u00e4nglesee)"},"content":{"rendered":"<p>Winterruhe am G\u00e4nglesee mit sch\u00f6ner Spiegelung.<\/p>\n<p>Das jeweilige Format ist unter den Bildern in der Vorschau ersichtlich.<\/p>\n<span class=\"et_bloom_bottom_trigger\"><\/span>","protected":false},"excerpt":{"rendered":"<p>Bild in unterschiedlichen Formaten und Gr\u00f6ssen bestellbar<\/p>","protected":false},"featured_media":4636,"comment_status":"open","ping_status":"closed","template":"","meta":{"_et_pb_use_builder":"","_et_pb_old_content":"","_et_gb_content_width":""},"product_brand":[],"product_cat":[166],"product_tag":[],"class_list":{"0":"post-4633","1":"product","2":"type-product","3":"status-publish","4":"has-post-thumbnail","6":"product_cat-pfaelzerhuette-leinwaende","7":"product_shipping_class-bilder","9":"first","10":"instock","11":"featured","12":"shipping-taxable","13":"purchasable","14":"product-type-variable"},"_links":{"self":[{"href":"https:\/\/wander-kathi.li\/en\/wp-json\/wp\/v2\/product\/4633","targetHints":{"allow":["GET"]}}],"collection":[{"href":"https:\/\/wander-kathi.li\/en\/wp-json\/wp\/v2\/product"}],"about":[{"href":"https:\/\/wander-kathi.li\/en\/wp-json\/wp\/v2\/types\/product"}],"replies":[{"embeddable":true,"href":"https:\/\/wander-kathi.li\/en\/wp-json\/wp\/v2\/comments?post=4633"}],"wp:featuredmedia":[{"embeddable":true,"href":"https:\/\/wander-kathi.li\/en\/wp-json\/wp\/v2\/media\/4636"}],"wp:attachment":[{"href":"https:\/\/wander-kathi.li\/en\/wp-json\/wp\/v2\/media?parent=4633"}],"wp:term":[{"taxonomy":"product_brand","embeddable":true,"href":"https:\/\/wander-kathi.li\/en\/wp-json\/wp\/v2\/product_brand?post=4633"},{"taxonomy":"product_cat","embeddable":true,"href":"https:\/\/wander-kathi.li\/en\/wp-json\/wp\/v2\/product_cat?post=4633"},{"taxonomy":"product_tag","embeddable":true,"href":"https:\/\/wander-kathi.li\/en\/wp-json\/wp\/v2\/product_tag?post=4633"}],"curies":[{"name":"wp","href":"https:\/\/api.w.org\/{rel}","templated":true}]}}